{"id":8965,"date":"2025-10-15T13:42:06","date_gmt":"2025-10-15T13:42:06","guid":{"rendered":"https:\/\/heihuyzen.be\/politique-de-remboursement-et-de-retour\/"},"modified":"2025-11-05T21:03:38","modified_gmt":"2025-11-05T21:03:38","slug":"politique-de-remboursement-et-de-retour","status":"publish","type":"page","link":"https:\/\/heihuyzen.be\/fr\/politique-de-remboursement-et-de-retour\/","title":{"rendered":"Politique de remboursement et de retour"},"content":{"rendered":"&#13;\n<h2 class=\"wp-block-heading\">Aper\u00e7u<\/h2>&#13;\n&#13;\n<p>Notre politique de remboursement et de retour est valable 30 jours. Si 30 jours se sont \u00e9coul\u00e9s depuis votre achat, nous ne pouvons pas vous offrir un remboursement complet ou un \u00e9change.<\/p>&#13;\n&#13;\n<p>Pour \u00eatre \u00e9ligible \u00e0 un retour, votre article doit \u00eatre inutilis\u00e9 et dans le m\u00eame \u00e9tat que vous l&rsquo;avez re\u00e7u. Il doit \u00e9galement \u00eatre dans son emballage d&rsquo;origine.<\/p>&#13;\n&#13;\n<p>Plusieurs types de marchandises sont exempt\u00e9s de retour. Les denr\u00e9es p\u00e9rissables telles que la nourriture, les fleurs, les journaux ou les magazines ne peuvent pas \u00eatre retourn\u00e9es. Nous n&rsquo;acceptons pas non plus les produits intimes ou sanitaires, les mati\u00e8res dangereuses, ou les liquides ou gaz inflammables.<\/p>&#13;\n&#13;\n<p>Articles suppl\u00e9mentaires non retournables :<\/p>&#13;\n&#13;\n<ul class=\"wp-block-list\">&#13;\n<li>Cartes cadeaux<\/li>&#13;\n<li>Produits logiciels t\u00e9l\u00e9chargeables<\/li>&#13;\n<li>Certains articles de sant\u00e9 et de soins personnels<\/li>&#13;\n<\/ul>&#13;\n&#13;\n<p>Pour compl\u00e9ter votre retour, nous exigeons un re\u00e7u ou une preuve d&rsquo;achat.<\/p>&#13;\n&#13;\n<p>Veuillez ne pas renvoyer votre achat au fabricant.<\/p>&#13;\n&#13;\n<p>Il existe certaines situations o\u00f9 seuls des remboursements partiels sont accord\u00e9s :<\/p>&#13;\n&#13;\n<ul class=\"wp-block-list\">&#13;\n<li>Livre avec des signes \u00e9vidents d&rsquo;utilisation<\/li>&#13;\n<li>CD, DVD, cassette VHS, logiciel, jeu vid\u00e9o, cassette audio ou disque vinyl qui a \u00e9t\u00e9 ouvert.<\/li>&#13;\n<li>Tout article qui n&rsquo;est pas dans son \u00e9tat d&rsquo;origine, est endommag\u00e9 ou manque de pi\u00e8ces pour des raisons non dues \u00e0 notre erreur.<\/li>&#13;\n<li>Tout article qui est retourn\u00e9 plus de 30 jours apr\u00e8s la livraison<\/li>&#13;\n<\/ul>&#13;\n&#13;\n<h2 class=\"wp-block-heading\">Remboursements<\/h2>&#13;\n&#13;\n<p>Une fois votre retour re\u00e7u et inspect\u00e9, nous vous enverrons un e-mail pour vous notifier que nous avons re\u00e7u votre article retourn\u00e9. Nous vous notifierons \u00e9galement de l&rsquo;approbation ou du rejet de votre remboursement.<\/p>&#13;\n&#13;\n<p>Si vous \u00eates approuv\u00e9, votre remboursement sera trait\u00e9, et un cr\u00e9dit sera automatiquement appliqu\u00e9 \u00e0 votre carte de cr\u00e9dit ou m\u00e9thode de paiement d&rsquo;origine, dans un certain nombre de jours.<\/p>&#13;\n&#13;\n<h3 class=\"wp-block-heading\">Remboursements tardifs ou manqu\u00e9s<\/h3>&#13;\n&#13;\n<p>Si vous n&rsquo;avez pas encore re\u00e7u de remboursement, v\u00e9rifiez d&rsquo;abord votre compte bancaire \u00e0 nouveau.<\/p>&#13;\n&#13;\n<p>Contactez ensuite votre compagnie de carte de cr\u00e9dit, cela peut prendre du temps avant que votre remboursement soit officiellement enregistr\u00e9.<\/p>&#13;\n&#13;\n<p>Contactez ensuite votre banque. Il y a souvent un d\u00e9lai de traitement avant qu&rsquo;un remboursement soit enregistr\u00e9.<\/p>&#13;\n&#13;\n<p>Si vous avez fait tout cela et que vous n&rsquo;avez toujours pas re\u00e7u votre remboursement, veuillez nous contacter \u00e0 {email address}.<\/p>&#13;\n&#13;\n<h3 class=\"wp-block-heading\">Articles en solde<\/h3>&#13;\n&#13;\n<p>Seuls les articles \u00e0 prix r\u00e9gulier peuvent \u00eatre rembours\u00e9s. Les articles en solde ne peuvent pas \u00eatre rembours\u00e9s.<\/p>&#13;\n&#13;\n<h2 class=\"wp-block-heading\">\u00c9changes<\/h2>&#13;\n&#13;\n<p>Nous ne rempla\u00e7ons les articles que s&rsquo;ils sont d\u00e9fectueux ou endommag\u00e9s. Si vous devez l&rsquo;\u00e9changer pour le m\u00eame article, envoyez-nous un e-mail \u00e0 {email address} et envoyez votre article \u00e0 : {physical address}.<\/p>&#13;\n&#13;\n<h2 class=\"wp-block-heading\">Cadeaux<\/h2>&#13;\n&#13;\n<p>Si l&rsquo;article \u00e9tait marqu\u00e9 comme cadeau lors de l&rsquo;achat et exp\u00e9di\u00e9 directement \u00e0 vous, vous recevrez un cr\u00e9dit cadeau pour la valeur de votre retour. Une fois l&rsquo;article retourn\u00e9 re\u00e7u, un certificat cadeau vous sera envoy\u00e9 par courrier.<\/p>&#13;\n&#13;\n<p>Si l&rsquo;article n&rsquo;\u00e9tait pas marqu\u00e9 comme cadeau lors de l&rsquo;achat, ou si le donateur a fait exp\u00e9dier la commande \u00e0 lui-m\u00eame pour vous la donner plus tard, nous enverrons un remboursement au donateur et il d\u00e9couvrira votre retour.<\/p>&#13;\n&#13;\n<h2 class=\"wp-block-heading\">Exp\u00e9dition des retours<\/h2>&#13;\n&#13;\n<p>Pour retourner votre produit, vous devez envoyer votre produit \u00e0 : {physical address}.<\/p>&#13;\n&#13;\n<p>Vous serez responsable de payer vos propres frais d&rsquo;exp\u00e9dition pour retourner votre article. Les frais d&rsquo;exp\u00e9dition ne sont pas remboursables. Si vous recevez un remboursement, le co\u00fbt de l&rsquo;exp\u00e9dition de retour sera d\u00e9duit de votre remboursement.<\/p>&#13;\n&#13;\n<p>Selon l&rsquo;endroit o\u00f9 vous vivez, le temps n\u00e9cessaire pour que votre produit \u00e9chang\u00e9 vous parvienne peut varier.<\/p>&#13;\n&#13;\n<p>Si vous retournez des articles plus co\u00fbteux, vous pouvez envisager d&rsquo;utiliser un service d&rsquo;exp\u00e9dition avec suivi ou d&rsquo;acheter une assurance d&rsquo;exp\u00e9dition. Nous ne garantissons pas que nous recevrons votre article retourn\u00e9.<\/p>&#13;\n&#13;\n<h2 class=\"wp-block-heading\">Besoin d&rsquo;aide ?<\/h2>&#13;\n&#13;\n<p>Contactez-nous \u00e0 info@heihuyzen.be pour les questions relatives aux remboursements et retours.<\/p>&#13;\n","protected":false},"excerpt":{"rendered":"<p>&#13; Aper\u00e7u &#13; &#13; Notre politique de remboursement et de retour est valable 30 jours. Si 30 jours se sont \u00e9coul\u00e9s depuis votre achat, nous ne pouvons pas vous offrir un remboursement complet ou un \u00e9change. &#13; &#13; Pour \u00eatre \u00e9ligible \u00e0 un retour, votre article doit \u00eatre inutilis\u00e9 et dans le m\u00eame \u00e9tat que [&hellip;]<\/p>\n","protected":false},"author":1,"featured_media":0,"parent":0,"menu_order":0,"comment_status":"closed","ping_status":"closed","template":"","meta":{"footnotes":""},"class_list":["post-8965","page","type-page","status-publish","hentry"],"yoast_head":"<!-- This site is optimized with the Yoast SEO plugin v27.5 - https:\/\/yoast.com\/product\/yoast-seo-wordpress\/ -->\n<title>Politique de remboursement et de retour - Heihuyzen<\/title>\n<meta name=\"robots\" content=\"index, follow, max-snippet:-1, max-image-preview:large, max-video-preview:-1\" \/>\n<link rel=\"canonical\" href=\"https:\/\/heihuyzen.be\/fr\/politique-de-remboursement-et-de-retour\/\" \/>\n<meta property=\"og:locale\" content=\"fr_FR\" \/>\n<meta property=\"og:type\" content=\"article\" \/>\n<meta property=\"og:title\" content=\"Politique de remboursement et de retour - Heihuyzen\" \/>\n<meta property=\"og:description\" content=\"&#013; Aper\u00e7u &#013; &#013; Notre politique de remboursement et de retour est valable 30 jours. Si 30 jours se sont \u00e9coul\u00e9s depuis votre achat, nous ne pouvons pas vous offrir un remboursement complet ou un \u00e9change. &#013; &#013; Pour \u00eatre \u00e9ligible \u00e0 un retour, votre article doit \u00eatre inutilis\u00e9 et dans le m\u00eame \u00e9tat que [&hellip;]\" \/>\n<meta property=\"og:url\" content=\"https:\/\/heihuyzen.be\/fr\/politique-de-remboursement-et-de-retour\/\" \/>\n<meta property=\"og:site_name\" content=\"Heihuyzen\" \/>\n<meta property=\"article:publisher\" content=\"https:\/\/www.facebook.com\/heihuyzen\/\" \/>\n<meta property=\"article:modified_time\" content=\"2025-11-05T21:03:38+00:00\" \/>\n<meta name=\"twitter:card\" content=\"summary_large_image\" \/>\n<meta name=\"twitter:label1\" content=\"Dur\u00e9e de lecture estim\u00e9e\" \/>\n\t<meta name=\"twitter:data1\" content=\"3 minutes\" \/>\n<script type=\"application\/ld+json\" class=\"yoast-schema-graph\">{\"@context\":\"https:\\\/\\\/schema.org\",\"@graph\":[{\"@type\":\"WebPage\",\"@id\":\"https:\\\/\\\/heihuyzen.be\\\/fr\\\/politique-de-remboursement-et-de-retour\\\/\",\"url\":\"https:\\\/\\\/heihuyzen.be\\\/fr\\\/politique-de-remboursement-et-de-retour\\\/\",\"name\":\"Politique de remboursement et de retour - Heihuyzen\",\"isPartOf\":{\"@id\":\"https:\\\/\\\/heihuyzen.be\\\/fr\\\/#website\"},\"datePublished\":\"2025-10-15T13:42:06+00:00\",\"dateModified\":\"2025-11-05T21:03:38+00:00\",\"breadcrumb\":{\"@id\":\"https:\\\/\\\/heihuyzen.be\\\/fr\\\/politique-de-remboursement-et-de-retour\\\/#breadcrumb\"},\"inLanguage\":\"fr-FR\",\"potentialAction\":[{\"@type\":\"ReadAction\",\"target\":[\"https:\\\/\\\/heihuyzen.be\\\/fr\\\/politique-de-remboursement-et-de-retour\\\/\"]}]},{\"@type\":\"BreadcrumbList\",\"@id\":\"https:\\\/\\\/heihuyzen.be\\\/fr\\\/politique-de-remboursement-et-de-retour\\\/#breadcrumb\",\"itemListElement\":[{\"@type\":\"ListItem\",\"position\":1,\"name\":\"Accueil\",\"item\":\"https:\\\/\\\/heihuyzen.be\\\/fr\\\/\"},{\"@type\":\"ListItem\",\"position\":2,\"name\":\"Politique de remboursement et de retour\"}]},{\"@type\":\"WebSite\",\"@id\":\"https:\\\/\\\/heihuyzen.be\\\/fr\\\/#website\",\"url\":\"https:\\\/\\\/heihuyzen.be\\\/fr\\\/\",\"name\":\"Heihuyzen\",\"description\":\"Private Stichting en Domein\",\"publisher\":{\"@id\":\"https:\\\/\\\/heihuyzen.be\\\/fr\\\/#organization\"},\"potentialAction\":[{\"@type\":\"SearchAction\",\"target\":{\"@type\":\"EntryPoint\",\"urlTemplate\":\"https:\\\/\\\/heihuyzen.be\\\/fr\\\/?s={search_term_string}\"},\"query-input\":{\"@type\":\"PropertyValueSpecification\",\"valueRequired\":true,\"valueName\":\"search_term_string\"}}],\"inLanguage\":\"fr-FR\"},{\"@type\":\"Organization\",\"@id\":\"https:\\\/\\\/heihuyzen.be\\\/fr\\\/#organization\",\"name\":\"Heihuyzen\",\"url\":\"https:\\\/\\\/heihuyzen.be\\\/fr\\\/\",\"logo\":{\"@type\":\"ImageObject\",\"inLanguage\":\"fr-FR\",\"@id\":\"https:\\\/\\\/heihuyzen.be\\\/fr\\\/#\\\/schema\\\/logo\\\/image\\\/\",\"url\":\"https:\\\/\\\/heihuyzen.be\\\/wp-content\\\/uploads\\\/2025\\\/09\\\/cropped-logo-heihuyzen-2025.png\",\"contentUrl\":\"https:\\\/\\\/heihuyzen.be\\\/wp-content\\\/uploads\\\/2025\\\/09\\\/cropped-logo-heihuyzen-2025.png\",\"width\":809,\"height\":724,\"caption\":\"Heihuyzen\"},\"image\":{\"@id\":\"https:\\\/\\\/heihuyzen.be\\\/fr\\\/#\\\/schema\\\/logo\\\/image\\\/\"},\"sameAs\":[\"https:\\\/\\\/www.facebook.com\\\/heihuyzen\\\/\",\"https:\\\/\\\/www.instagram.com\\\/heihuyzen\\\/\"]}]}<\/script>\n<!-- \/ Yoast SEO plugin. -->","yoast_head_json":{"title":"Politique de remboursement et de retour - Heihuyzen","robots":{"index":"index","follow":"follow","max-snippet":"max-snippet:-1","max-image-preview":"max-image-preview:large","max-video-preview":"max-video-preview:-1"},"canonical":"https:\/\/heihuyzen.be\/fr\/politique-de-remboursement-et-de-retour\/","og_locale":"fr_FR","og_type":"article","og_title":"Politique de remboursement et de retour - Heihuyzen","og_description":"&#13; Aper\u00e7u &#13; &#13; Notre politique de remboursement et de retour est valable 30 jours. Si 30 jours se sont \u00e9coul\u00e9s depuis votre achat, nous ne pouvons pas vous offrir un remboursement complet ou un \u00e9change. &#13; &#13; Pour \u00eatre \u00e9ligible \u00e0 un retour, votre article doit \u00eatre inutilis\u00e9 et dans le m\u00eame \u00e9tat que [&hellip;]","og_url":"https:\/\/heihuyzen.be\/fr\/politique-de-remboursement-et-de-retour\/","og_site_name":"Heihuyzen","article_publisher":"https:\/\/www.facebook.com\/heihuyzen\/","article_modified_time":"2025-11-05T21:03:38+00:00","twitter_card":"summary_large_image","twitter_misc":{"Dur\u00e9e de lecture estim\u00e9e":"3 minutes"},"schema":{"@context":"https:\/\/schema.org","@graph":[{"@type":"WebPage","@id":"https:\/\/heihuyzen.be\/fr\/politique-de-remboursement-et-de-retour\/","url":"https:\/\/heihuyzen.be\/fr\/politique-de-remboursement-et-de-retour\/","name":"Politique de remboursement et de retour - Heihuyzen","isPartOf":{"@id":"https:\/\/heihuyzen.be\/fr\/#website"},"datePublished":"2025-10-15T13:42:06+00:00","dateModified":"2025-11-05T21:03:38+00:00","breadcrumb":{"@id":"https:\/\/heihuyzen.be\/fr\/politique-de-remboursement-et-de-retour\/#breadcrumb"},"inLanguage":"fr-FR","potentialAction":[{"@type":"ReadAction","target":["https:\/\/heihuyzen.be\/fr\/politique-de-remboursement-et-de-retour\/"]}]},{"@type":"BreadcrumbList","@id":"https:\/\/heihuyzen.be\/fr\/politique-de-remboursement-et-de-retour\/#breadcrumb","itemListElement":[{"@type":"ListItem","position":1,"name":"Accueil","item":"https:\/\/heihuyzen.be\/fr\/"},{"@type":"ListItem","position":2,"name":"Politique de remboursement et de retour"}]},{"@type":"WebSite","@id":"https:\/\/heihuyzen.be\/fr\/#website","url":"https:\/\/heihuyzen.be\/fr\/","name":"Heihuyzen","description":"Private Stichting en Domein","publisher":{"@id":"https:\/\/heihuyzen.be\/fr\/#organization"},"potentialAction":[{"@type":"SearchAction","target":{"@type":"EntryPoint","urlTemplate":"https:\/\/heihuyzen.be\/fr\/?s={search_term_string}"},"query-input":{"@type":"PropertyValueSpecification","valueRequired":true,"valueName":"search_term_string"}}],"inLanguage":"fr-FR"},{"@type":"Organization","@id":"https:\/\/heihuyzen.be\/fr\/#organization","name":"Heihuyzen","url":"https:\/\/heihuyzen.be\/fr\/","logo":{"@type":"ImageObject","inLanguage":"fr-FR","@id":"https:\/\/heihuyzen.be\/fr\/#\/schema\/logo\/image\/","url":"https:\/\/heihuyzen.be\/wp-content\/uploads\/2025\/09\/cropped-logo-heihuyzen-2025.png","contentUrl":"https:\/\/heihuyzen.be\/wp-content\/uploads\/2025\/09\/cropped-logo-heihuyzen-2025.png","width":809,"height":724,"caption":"Heihuyzen"},"image":{"@id":"https:\/\/heihuyzen.be\/fr\/#\/schema\/logo\/image\/"},"sameAs":["https:\/\/www.facebook.com\/heihuyzen\/","https:\/\/www.instagram.com\/heihuyzen\/"]}]}},"jetpack_sharing_enabled":true,"_links":{"self":[{"href":"https:\/\/heihuyzen.be\/fr\/wp-json\/wp\/v2\/pages\/8965","targetHints":{"allow":["GET"]}}],"collection":[{"href":"https:\/\/heihuyzen.be\/fr\/wp-json\/wp\/v2\/pages"}],"about":[{"href":"https:\/\/heihuyzen.be\/fr\/wp-json\/wp\/v2\/types\/page"}],"author":[{"embeddable":true,"href":"https:\/\/heihuyzen.be\/fr\/wp-json\/wp\/v2\/users\/1"}],"replies":[{"embeddable":true,"href":"https:\/\/heihuyzen.be\/fr\/wp-json\/wp\/v2\/comments?post=8965"}],"version-history":[{"count":1,"href":"https:\/\/heihuyzen.be\/fr\/wp-json\/wp\/v2\/pages\/8965\/revisions"}],"predecessor-version":[{"id":8966,"href":"https:\/\/heihuyzen.be\/fr\/wp-json\/wp\/v2\/pages\/8965\/revisions\/8966"}],"wp:attachment":[{"href":"https:\/\/heihuyzen.be\/fr\/wp-json\/wp\/v2\/media?parent=8965"}],"curies":[{"name":"wp","href":"https:\/\/api.w.org\/{rel}","templated":true}]}}