{"id":8967,"date":"2025-10-15T11:00:03","date_gmt":"2025-10-15T11:00:03","guid":{"rendered":"https:\/\/heihuyzen.be\/politique-des-cookies\/"},"modified":"2025-11-05T21:04:19","modified_gmt":"2025-11-05T21:04:19","slug":"politique-des-cookies","status":"publish","type":"page","link":"https:\/\/heihuyzen.be\/fr\/politique-des-cookies\/","title":{"rendered":"Politique des cookies"},"content":{"rendered":"<p>Cette page fournit des informations d\u00e9taill\u00e9es sur notre utilisation des cookies sur notre site web pour am\u00e9liorer votre exp\u00e9rience de navigation, optimiser les performances du site et vous proposer du contenu personnalis\u00e9. Les cookies sont de petits fichiers texte stock\u00e9s sur votre appareil lorsque vous visitez notre site. Ils nous aident \u00e0 comprendre comment les visiteurs interagissent avec notre site web, nous permettant d&rsquo;offrir une exp\u00e9rience utilisateur plus fluide et plus efficace. Dans le tableau ci-dessous, vous trouverez des informations d\u00e9taill\u00e9es sur chaque type de cookie que nous utilisons, leur finalit\u00e9 et leur dur\u00e9e de conservation sur votre appareil. Nous nous engageons \u00e0 respecter votre vie priv\u00e9e et \u00e0 faire preuve de transparence concernant les donn\u00e9es que nous collectons via les cookies. Pour plus d&rsquo;informations sur la mani\u00e8re dont nous traitons vos donn\u00e9es personnelles, veuillez consulter notre <a href=\"https:\/\/heihuyzen.be\/fr\/politique-de-confidentialite\/\">Politique de confidentialit\u00e9.<\/a>     <\/p><div class=\"wpconsent-cookie-policy\"><h2 class=\"wpconsent-cookie-category-name\">Essential<\/h2><p class=\"wpconsent-cookie-category-description\">Essential cookies enable basic functions and are necessary for the proper function of the website.<\/p><table class=\"wpconsent-cookie-policy-table\"><tr><th>Name<\/th><th>Description<\/th><th>Duration<\/th><\/tr><tr><td>wpconsent_preferences<\/td><td>This cookie is used to store the user&#039;s cookie consent preferences.<\/td><td>30 days<\/td><\/tr><\/table><\/div>\n","protected":false},"excerpt":{"rendered":"<p>Cette page fournit des informations d\u00e9taill\u00e9es sur notre utilisation des cookies sur notre site web pour am\u00e9liorer votre exp\u00e9rience de navigation, optimiser les performances du site et vous proposer du contenu personnalis\u00e9. Les cookies sont de petits fichiers texte stock\u00e9s sur votre appareil lorsque vous visitez notre site. Ils nous aident \u00e0 comprendre comment les [&hellip;]<\/p>\n","protected":false},"author":1,"featured_media":0,"parent":0,"menu_order":0,"comment_status":"closed","ping_status":"closed","template":"","meta":{"footnotes":""},"class_list":["post-8967","page","type-page","status-publish","hentry"],"yoast_head":"<!-- This site is optimized with the Yoast SEO plugin v27.5 - https:\/\/yoast.com\/product\/yoast-seo-wordpress\/ -->\n<title>Politique des cookies - Heihuyzen<\/title>\n<meta name=\"robots\" content=\"index, follow, max-snippet:-1, max-image-preview:large, max-video-preview:-1\" \/>\n<link rel=\"canonical\" href=\"https:\/\/heihuyzen.be\/fr\/politique-des-cookies\/\" \/>\n<meta property=\"og:locale\" content=\"fr_FR\" \/>\n<meta property=\"og:type\" content=\"article\" \/>\n<meta property=\"og:title\" content=\"Politique des cookies - Heihuyzen\" \/>\n<meta property=\"og:description\" content=\"Cette page fournit des informations d\u00e9taill\u00e9es sur notre utilisation des cookies sur notre site web pour am\u00e9liorer votre exp\u00e9rience de navigation, optimiser les performances du site et vous proposer du contenu personnalis\u00e9. Les cookies sont de petits fichiers texte stock\u00e9s sur votre appareil lorsque vous visitez notre site. Ils nous aident \u00e0 comprendre comment les [&hellip;]\" \/>\n<meta property=\"og:url\" content=\"https:\/\/heihuyzen.be\/fr\/politique-des-cookies\/\" \/>\n<meta property=\"og:site_name\" content=\"Heihuyzen\" \/>\n<meta property=\"article:publisher\" content=\"https:\/\/www.facebook.com\/heihuyzen\/\" \/>\n<meta property=\"article:modified_time\" content=\"2025-11-05T21:04:19+00:00\" \/>\n<meta name=\"twitter:card\" content=\"summary_large_image\" \/>\n<meta name=\"twitter:label1\" content=\"Dur\u00e9e de lecture estim\u00e9e\" \/>\n\t<meta name=\"twitter:data1\" content=\"1 minute\" \/>\n<script type=\"application\/ld+json\" class=\"yoast-schema-graph\">{\"@context\":\"https:\\\/\\\/schema.org\",\"@graph\":[{\"@type\":\"WebPage\",\"@id\":\"https:\\\/\\\/heihuyzen.be\\\/fr\\\/politique-des-cookies\\\/\",\"url\":\"https:\\\/\\\/heihuyzen.be\\\/fr\\\/politique-des-cookies\\\/\",\"name\":\"Politique des cookies - Heihuyzen\",\"isPartOf\":{\"@id\":\"https:\\\/\\\/heihuyzen.be\\\/fr\\\/#website\"},\"datePublished\":\"2025-10-15T11:00:03+00:00\",\"dateModified\":\"2025-11-05T21:04:19+00:00\",\"breadcrumb\":{\"@id\":\"https:\\\/\\\/heihuyzen.be\\\/fr\\\/politique-des-cookies\\\/#breadcrumb\"},\"inLanguage\":\"fr-FR\",\"potentialAction\":[{\"@type\":\"ReadAction\",\"target\":[\"https:\\\/\\\/heihuyzen.be\\\/fr\\\/politique-des-cookies\\\/\"]}]},{\"@type\":\"BreadcrumbList\",\"@id\":\"https:\\\/\\\/heihuyzen.be\\\/fr\\\/politique-des-cookies\\\/#breadcrumb\",\"itemListElement\":[{\"@type\":\"ListItem\",\"position\":1,\"name\":\"Accueil\",\"item\":\"https:\\\/\\\/heihuyzen.be\\\/fr\\\/\"},{\"@type\":\"ListItem\",\"position\":2,\"name\":\"Politique des cookies\"}]},{\"@type\":\"WebSite\",\"@id\":\"https:\\\/\\\/heihuyzen.be\\\/fr\\\/#website\",\"url\":\"https:\\\/\\\/heihuyzen.be\\\/fr\\\/\",\"name\":\"Heihuyzen\",\"description\":\"Private Stichting en Domein\",\"publisher\":{\"@id\":\"https:\\\/\\\/heihuyzen.be\\\/fr\\\/#organization\"},\"potentialAction\":[{\"@type\":\"SearchAction\",\"target\":{\"@type\":\"EntryPoint\",\"urlTemplate\":\"https:\\\/\\\/heihuyzen.be\\\/fr\\\/?s={search_term_string}\"},\"query-input\":{\"@type\":\"PropertyValueSpecification\",\"valueRequired\":true,\"valueName\":\"search_term_string\"}}],\"inLanguage\":\"fr-FR\"},{\"@type\":\"Organization\",\"@id\":\"https:\\\/\\\/heihuyzen.be\\\/fr\\\/#organization\",\"name\":\"Heihuyzen\",\"url\":\"https:\\\/\\\/heihuyzen.be\\\/fr\\\/\",\"logo\":{\"@type\":\"ImageObject\",\"inLanguage\":\"fr-FR\",\"@id\":\"https:\\\/\\\/heihuyzen.be\\\/fr\\\/#\\\/schema\\\/logo\\\/image\\\/\",\"url\":\"https:\\\/\\\/heihuyzen.be\\\/wp-content\\\/uploads\\\/2025\\\/09\\\/cropped-logo-heihuyzen-2025.png\",\"contentUrl\":\"https:\\\/\\\/heihuyzen.be\\\/wp-content\\\/uploads\\\/2025\\\/09\\\/cropped-logo-heihuyzen-2025.png\",\"width\":809,\"height\":724,\"caption\":\"Heihuyzen\"},\"image\":{\"@id\":\"https:\\\/\\\/heihuyzen.be\\\/fr\\\/#\\\/schema\\\/logo\\\/image\\\/\"},\"sameAs\":[\"https:\\\/\\\/www.facebook.com\\\/heihuyzen\\\/\",\"https:\\\/\\\/www.instagram.com\\\/heihuyzen\\\/\"]}]}<\/script>\n<!-- \/ Yoast SEO plugin. -->","yoast_head_json":{"title":"Politique des cookies - Heihuyzen","robots":{"index":"index","follow":"follow","max-snippet":"max-snippet:-1","max-image-preview":"max-image-preview:large","max-video-preview":"max-video-preview:-1"},"canonical":"https:\/\/heihuyzen.be\/fr\/politique-des-cookies\/","og_locale":"fr_FR","og_type":"article","og_title":"Politique des cookies - Heihuyzen","og_description":"Cette page fournit des informations d\u00e9taill\u00e9es sur notre utilisation des cookies sur notre site web pour am\u00e9liorer votre exp\u00e9rience de navigation, optimiser les performances du site et vous proposer du contenu personnalis\u00e9. Les cookies sont de petits fichiers texte stock\u00e9s sur votre appareil lorsque vous visitez notre site. Ils nous aident \u00e0 comprendre comment les [&hellip;]","og_url":"https:\/\/heihuyzen.be\/fr\/politique-des-cookies\/","og_site_name":"Heihuyzen","article_publisher":"https:\/\/www.facebook.com\/heihuyzen\/","article_modified_time":"2025-11-05T21:04:19+00:00","twitter_card":"summary_large_image","twitter_misc":{"Dur\u00e9e de lecture estim\u00e9e":"1 minute"},"schema":{"@context":"https:\/\/schema.org","@graph":[{"@type":"WebPage","@id":"https:\/\/heihuyzen.be\/fr\/politique-des-cookies\/","url":"https:\/\/heihuyzen.be\/fr\/politique-des-cookies\/","name":"Politique des cookies - Heihuyzen","isPartOf":{"@id":"https:\/\/heihuyzen.be\/fr\/#website"},"datePublished":"2025-10-15T11:00:03+00:00","dateModified":"2025-11-05T21:04:19+00:00","breadcrumb":{"@id":"https:\/\/heihuyzen.be\/fr\/politique-des-cookies\/#breadcrumb"},"inLanguage":"fr-FR","potentialAction":[{"@type":"ReadAction","target":["https:\/\/heihuyzen.be\/fr\/politique-des-cookies\/"]}]},{"@type":"BreadcrumbList","@id":"https:\/\/heihuyzen.be\/fr\/politique-des-cookies\/#breadcrumb","itemListElement":[{"@type":"ListItem","position":1,"name":"Accueil","item":"https:\/\/heihuyzen.be\/fr\/"},{"@type":"ListItem","position":2,"name":"Politique des cookies"}]},{"@type":"WebSite","@id":"https:\/\/heihuyzen.be\/fr\/#website","url":"https:\/\/heihuyzen.be\/fr\/","name":"Heihuyzen","description":"Private Stichting en Domein","publisher":{"@id":"https:\/\/heihuyzen.be\/fr\/#organization"},"potentialAction":[{"@type":"SearchAction","target":{"@type":"EntryPoint","urlTemplate":"https:\/\/heihuyzen.be\/fr\/?s={search_term_string}"},"query-input":{"@type":"PropertyValueSpecification","valueRequired":true,"valueName":"search_term_string"}}],"inLanguage":"fr-FR"},{"@type":"Organization","@id":"https:\/\/heihuyzen.be\/fr\/#organization","name":"Heihuyzen","url":"https:\/\/heihuyzen.be\/fr\/","logo":{"@type":"ImageObject","inLanguage":"fr-FR","@id":"https:\/\/heihuyzen.be\/fr\/#\/schema\/logo\/image\/","url":"https:\/\/heihuyzen.be\/wp-content\/uploads\/2025\/09\/cropped-logo-heihuyzen-2025.png","contentUrl":"https:\/\/heihuyzen.be\/wp-content\/uploads\/2025\/09\/cropped-logo-heihuyzen-2025.png","width":809,"height":724,"caption":"Heihuyzen"},"image":{"@id":"https:\/\/heihuyzen.be\/fr\/#\/schema\/logo\/image\/"},"sameAs":["https:\/\/www.facebook.com\/heihuyzen\/","https:\/\/www.instagram.com\/heihuyzen\/"]}]}},"jetpack_sharing_enabled":true,"_links":{"self":[{"href":"https:\/\/heihuyzen.be\/fr\/wp-json\/wp\/v2\/pages\/8967","targetHints":{"allow":["GET"]}}],"collection":[{"href":"https:\/\/heihuyzen.be\/fr\/wp-json\/wp\/v2\/pages"}],"about":[{"href":"https:\/\/heihuyzen.be\/fr\/wp-json\/wp\/v2\/types\/page"}],"author":[{"embeddable":true,"href":"https:\/\/heihuyzen.be\/fr\/wp-json\/wp\/v2\/users\/1"}],"replies":[{"embeddable":true,"href":"https:\/\/heihuyzen.be\/fr\/wp-json\/wp\/v2\/comments?post=8967"}],"version-history":[{"count":2,"href":"https:\/\/heihuyzen.be\/fr\/wp-json\/wp\/v2\/pages\/8967\/revisions"}],"predecessor-version":[{"id":8978,"href":"https:\/\/heihuyzen.be\/fr\/wp-json\/wp\/v2\/pages\/8967\/revisions\/8978"}],"wp:attachment":[{"href":"https:\/\/heihuyzen.be\/fr\/wp-json\/wp\/v2\/media?parent=8967"}],"curies":[{"name":"wp","href":"https:\/\/api.w.org\/{rel}","templated":true}]}}