{"id":8770,"date":"2025-09-21T17:52:04","date_gmt":"2025-09-21T17:52:04","guid":{"rendered":"https:\/\/heihuyzen.be\/product\/m-gin-inspired-by-nature-70cl\/"},"modified":"2025-12-16T22:41:59","modified_gmt":"2025-12-16T22:41:59","slug":"m-gin-inspired-by-nature-70cl","status":"publish","type":"product","link":"https:\/\/heihuyzen.be\/fr\/produit\/m-gin-inspired-by-nature-70cl\/","title":{"rendered":"M-Gin \u2013 Inspir\u00e9 par la Nature \u2013 70cl"},"content":{"rendered":"<h3><b>Gin Heihuyzen<\/b><\/h3>\n<p class=\"p3\"><b>Un gin floral aux ar\u00f4mes et saveurs de la Campine<\/b><b><\/b><\/p>\n<p class=\"p4\">Ce gin exceptionnel est n\u00e9 sur et du <span class=\"s2\"><b>Domaine Heihuyzen<\/b><\/span> \u2013 un hommage \u00e0 la nature, aux parfums et aux saveurs du paysage campinois.<\/p>\n<p class=\"p4\">Apr\u00e8s le succ\u00e8s de sa premi\u00e8re cr\u00e9ation, le <span class=\"s2\"><b>Knokke Boat Seagarden Gin<\/b><\/span> (2020), <span class=\"s2\"><b>Christophe Lenaerts<\/b><\/span> a d\u00e9cid\u00e9 de retourner \u00e0 ses racines en 2022. Alors que le <g id=\"gid_4\"><g id=\"gid_5\">Geni\u00e8vre aux Cimes des Pins<\/g><\/g> se pr\u00eate parfaitement aux mois froids d&rsquo;hiver, le d\u00e9sir d&rsquo;un gin plus l\u00e9ger et raffin\u00e9 pour les saisons chaudes est n\u00e9. Le r\u00e9sultat : le <span class=\"s2\"><b>Gin Heihuyzen<\/b><\/span> \u2013 floral, \u00e9pic\u00e9 et parfaitement \u00e9quilibr\u00e9.  <\/p>\n<p class=\"p4\">Ce gin est impr\u00e9gn\u00e9 des ar\u00f4mes typiques du domaine :<\/p>\n<p class=\"p3\"><span class=\"s3\">\ud83c\udf32 <\/span><b>Pomme de pin subtile<\/b><span class=\"s3\">,<\/span><\/p>\n<p class=\"p3\"><span class=\"s3\">\ud83c\udf3f <\/span><b>Myrique des marais sauvage<\/b><span class=\"s3\">,<\/span><\/p>\n<p class=\"p3\"><span class=\"s3\">\ud83c\udf47 <\/span><b>M\u00fbres douces<\/b><span class=\"s3\">,<\/span><\/p>\n<p class=\"p4\">&#8230;et de nombreuses autres notes naturelles qui forment ensemble un gin parfum\u00e9 et savoureux.<\/p>\n<p class=\"p4\">Un authentique <span class=\"s2\"><b>gin de la Campine<\/b><\/span>, pur nature, avec du caract\u00e8re.<\/p>\n<p class=\"p4\">\ud83d\udce6 Disponible en :<\/p>\n<ul>\n<li>\n<p class=\"p1\">Bouteille de <span class=\"s1\"><b>70 cl<\/b><\/span> \u2013 43 % d&rsquo;alcool<\/p>\n<\/li>\n<li>\n<p class=\"p1\">Miniature de <span class=\"s1\"><b>5 cl<\/b><\/span> \u2013 id\u00e9ale pour d\u00e9guster ou offrir<\/p>\n<\/li>\n<\/ul>\n<blockquote><p><i>Heihuyzen dans un verre : rustique, pur et raffin\u00e9.<\/i><\/p><\/blockquote>\n<p class=\"p1\"><span class=\"s1\">\ud83d\uded1 <\/span><b>Vous devez avoir au moins 18 ans pour acheter ou consommer de l&rsquo;alcool.<\/b><\/p>\n","protected":false},"excerpt":{"rendered":"<p>Saveurs et ar\u00f4mes typiques de la Campine, avec de subtiles notes de pomme de pin, de piment royal, de m\u00fbres et bien plus encore. La nature \u00e0 l&rsquo;\u00e9tat pur, en bouteille.<\/p>\n","protected":false},"featured_media":8771,"comment_status":"closed","ping_status":"closed","template":"","meta":{"jetpack_publicize_message":"","jetpack_publicize_feature_enabled":true,"jetpack_social_post_already_shared":false,"jetpack_social_options":{"image_generator_settings":{"template":"highway","default_image_id":0,"font":"","enabled":false},"version":2}},"product_brand":[164],"product_cat":[196],"product_tag":[197,198,199,200,201],"class_list":{"0":"post-8770","1":"product","2":"type-product","3":"status-publish","4":"has-post-thumbnail","6":"product_brand-heihuyzen","7":"product_cat-gin","8":"product_tag-christophe-lenaerts","9":"product_tag-gin","10":"product_tag-heihuyzen","11":"product_tag-inspired-by-nature","12":"product_tag-m-gin","13":"product_shipping_class-1-bouteille","15":"first","16":"instock","17":"taxable","18":"shipping-taxable","19":"purchasable","20":"product-type-simple"},"yoast_head":"<!-- This site is optimized with the Yoast SEO plugin v27.4 - https:\/\/yoast.com\/product\/yoast-seo-wordpress\/ -->\n<title>M-Gin \u2013 Inspir\u00e9 par la Nature \u2013 70cl - Heihuyzen<\/title>\n<meta name=\"robots\" content=\"index, follow, max-snippet:-1, max-image-preview:large, max-video-preview:-1\" \/>\n<link rel=\"canonical\" href=\"https:\/\/heihuyzen.be\/fr\/produit\/m-gin-inspired-by-nature-70cl\/\" \/>\n<meta property=\"og:locale\" content=\"fr_FR\" \/>\n<meta property=\"og:type\" content=\"article\" \/>\n<meta property=\"og:title\" content=\"M-Gin \u2013 Inspir\u00e9 par la Nature \u2013 70cl - Heihuyzen\" \/>\n<meta property=\"og:description\" content=\"Saveurs et ar\u00f4mes typiques de la Campine, avec de subtiles notes de pomme de pin, de piment royal, de m\u00fbres et bien plus encore. La nature \u00e0 l&#039;\u00e9tat pur, en bouteille.\" \/>\n<meta property=\"og:url\" content=\"https:\/\/heihuyzen.be\/fr\/produit\/m-gin-inspired-by-nature-70cl\/\" \/>\n<meta property=\"og:site_name\" content=\"Heihuyzen\" \/>\n<meta property=\"article:publisher\" content=\"https:\/\/www.facebook.com\/heihuyzen\/\" \/>\n<meta property=\"article:modified_time\" content=\"2025-12-16T22:41:59+00:00\" \/>\n<meta property=\"og:image\" content=\"https:\/\/heihuyzen.be\/wp-content\/uploads\/2025\/09\/M-Gin1-scaled-1.jpeg\" \/>\n\t<meta property=\"og:image:width\" content=\"300\" \/>\n\t<meta property=\"og:image:height\" content=\"529\" \/>\n\t<meta property=\"og:image:type\" content=\"image\/jpeg\" \/>\n<meta name=\"twitter:card\" content=\"summary_large_image\" \/>\n<meta name=\"twitter:label1\" content=\"Dur\u00e9e de lecture estim\u00e9e\" \/>\n\t<meta name=\"twitter:data1\" content=\"1 minute\" \/>\n<script type=\"application\/ld+json\" class=\"yoast-schema-graph\">{\"@context\":\"https:\\\/\\\/schema.org\",\"@graph\":[{\"@type\":\"WebPage\",\"@id\":\"https:\\\/\\\/heihuyzen.be\\\/fr\\\/produit\\\/m-gin-inspired-by-nature-70cl\\\/\",\"url\":\"https:\\\/\\\/heihuyzen.be\\\/fr\\\/produit\\\/m-gin-inspired-by-nature-70cl\\\/\",\"name\":\"M-Gin \u2013 Inspir\u00e9 par la Nature \u2013 70cl - Heihuyzen\",\"isPartOf\":{\"@id\":\"https:\\\/\\\/heihuyzen.be\\\/fr\\\/#website\"},\"primaryImageOfPage\":{\"@id\":\"https:\\\/\\\/heihuyzen.be\\\/fr\\\/produit\\\/m-gin-inspired-by-nature-70cl\\\/#primaryimage\"},\"image\":{\"@id\":\"https:\\\/\\\/heihuyzen.be\\\/fr\\\/produit\\\/m-gin-inspired-by-nature-70cl\\\/#primaryimage\"},\"thumbnailUrl\":\"https:\\\/\\\/heihuyzen.be\\\/wp-content\\\/uploads\\\/2025\\\/09\\\/M-Gin1-scaled-1.jpeg\",\"datePublished\":\"2025-09-21T17:52:04+00:00\",\"dateModified\":\"2025-12-16T22:41:59+00:00\",\"breadcrumb\":{\"@id\":\"https:\\\/\\\/heihuyzen.be\\\/fr\\\/produit\\\/m-gin-inspired-by-nature-70cl\\\/#breadcrumb\"},\"inLanguage\":\"fr-FR\",\"potentialAction\":[{\"@type\":\"ReadAction\",\"target\":[\"https:\\\/\\\/heihuyzen.be\\\/fr\\\/produit\\\/m-gin-inspired-by-nature-70cl\\\/\"]}]},{\"@type\":\"ImageObject\",\"inLanguage\":\"fr-FR\",\"@id\":\"https:\\\/\\\/heihuyzen.be\\\/fr\\\/produit\\\/m-gin-inspired-by-nature-70cl\\\/#primaryimage\",\"url\":\"https:\\\/\\\/heihuyzen.be\\\/wp-content\\\/uploads\\\/2025\\\/09\\\/M-Gin1-scaled-1.jpeg\",\"contentUrl\":\"https:\\\/\\\/heihuyzen.be\\\/wp-content\\\/uploads\\\/2025\\\/09\\\/M-Gin1-scaled-1.jpeg\",\"width\":300,\"height\":529},{\"@type\":\"BreadcrumbList\",\"@id\":\"https:\\\/\\\/heihuyzen.be\\\/fr\\\/produit\\\/m-gin-inspired-by-nature-70cl\\\/#breadcrumb\",\"itemListElement\":[{\"@type\":\"ListItem\",\"position\":1,\"name\":\"Accueil\",\"item\":\"https:\\\/\\\/heihuyzen.be\\\/fr\\\/\"},{\"@type\":\"ListItem\",\"position\":2,\"name\":\"Boutique\",\"item\":\"https:\\\/\\\/heihuyzen.be\\\/fr\\\/boutique\\\/\"},{\"@type\":\"ListItem\",\"position\":3,\"name\":\"M-Gin \u2013 Inspir\u00e9 par la Nature \u2013 70cl\"}]},{\"@type\":\"WebSite\",\"@id\":\"https:\\\/\\\/heihuyzen.be\\\/fr\\\/#website\",\"url\":\"https:\\\/\\\/heihuyzen.be\\\/fr\\\/\",\"name\":\"Heihuyzen\",\"description\":\"Private Stichting en Domein\",\"publisher\":{\"@id\":\"https:\\\/\\\/heihuyzen.be\\\/fr\\\/#organization\"},\"potentialAction\":[{\"@type\":\"SearchAction\",\"target\":{\"@type\":\"EntryPoint\",\"urlTemplate\":\"https:\\\/\\\/heihuyzen.be\\\/fr\\\/?s={search_term_string}\"},\"query-input\":{\"@type\":\"PropertyValueSpecification\",\"valueRequired\":true,\"valueName\":\"search_term_string\"}}],\"inLanguage\":\"fr-FR\"},{\"@type\":\"Organization\",\"@id\":\"https:\\\/\\\/heihuyzen.be\\\/fr\\\/#organization\",\"name\":\"Heihuyzen\",\"url\":\"https:\\\/\\\/heihuyzen.be\\\/fr\\\/\",\"logo\":{\"@type\":\"ImageObject\",\"inLanguage\":\"fr-FR\",\"@id\":\"https:\\\/\\\/heihuyzen.be\\\/fr\\\/#\\\/schema\\\/logo\\\/image\\\/\",\"url\":\"https:\\\/\\\/heihuyzen.be\\\/wp-content\\\/uploads\\\/2025\\\/09\\\/cropped-logo-heihuyzen-2025.png\",\"contentUrl\":\"https:\\\/\\\/heihuyzen.be\\\/wp-content\\\/uploads\\\/2025\\\/09\\\/cropped-logo-heihuyzen-2025.png\",\"width\":809,\"height\":724,\"caption\":\"Heihuyzen\"},\"image\":{\"@id\":\"https:\\\/\\\/heihuyzen.be\\\/fr\\\/#\\\/schema\\\/logo\\\/image\\\/\"},\"sameAs\":[\"https:\\\/\\\/www.facebook.com\\\/heihuyzen\\\/\",\"https:\\\/\\\/www.instagram.com\\\/heihuyzen\\\/\"]}]}<\/script>\n<!-- \/ Yoast SEO plugin. -->","yoast_head_json":{"title":"M-Gin \u2013 Inspir\u00e9 par la Nature \u2013 70cl - Heihuyzen","robots":{"index":"index","follow":"follow","max-snippet":"max-snippet:-1","max-image-preview":"max-image-preview:large","max-video-preview":"max-video-preview:-1"},"canonical":"https:\/\/heihuyzen.be\/fr\/produit\/m-gin-inspired-by-nature-70cl\/","og_locale":"fr_FR","og_type":"article","og_title":"M-Gin \u2013 Inspir\u00e9 par la Nature \u2013 70cl - Heihuyzen","og_description":"Saveurs et ar\u00f4mes typiques de la Campine, avec de subtiles notes de pomme de pin, de piment royal, de m\u00fbres et bien plus encore. La nature \u00e0 l'\u00e9tat pur, en bouteille.","og_url":"https:\/\/heihuyzen.be\/fr\/produit\/m-gin-inspired-by-nature-70cl\/","og_site_name":"Heihuyzen","article_publisher":"https:\/\/www.facebook.com\/heihuyzen\/","article_modified_time":"2025-12-16T22:41:59+00:00","og_image":[{"width":300,"height":529,"url":"https:\/\/heihuyzen.be\/wp-content\/uploads\/2025\/09\/M-Gin1-scaled-1.jpeg","type":"image\/jpeg"}],"twitter_card":"summary_large_image","twitter_misc":{"Dur\u00e9e de lecture estim\u00e9e":"1 minute"},"schema":{"@context":"https:\/\/schema.org","@graph":[{"@type":"WebPage","@id":"https:\/\/heihuyzen.be\/fr\/produit\/m-gin-inspired-by-nature-70cl\/","url":"https:\/\/heihuyzen.be\/fr\/produit\/m-gin-inspired-by-nature-70cl\/","name":"M-Gin \u2013 Inspir\u00e9 par la Nature \u2013 70cl - Heihuyzen","isPartOf":{"@id":"https:\/\/heihuyzen.be\/fr\/#website"},"primaryImageOfPage":{"@id":"https:\/\/heihuyzen.be\/fr\/produit\/m-gin-inspired-by-nature-70cl\/#primaryimage"},"image":{"@id":"https:\/\/heihuyzen.be\/fr\/produit\/m-gin-inspired-by-nature-70cl\/#primaryimage"},"thumbnailUrl":"https:\/\/heihuyzen.be\/wp-content\/uploads\/2025\/09\/M-Gin1-scaled-1.jpeg","datePublished":"2025-09-21T17:52:04+00:00","dateModified":"2025-12-16T22:41:59+00:00","breadcrumb":{"@id":"https:\/\/heihuyzen.be\/fr\/produit\/m-gin-inspired-by-nature-70cl\/#breadcrumb"},"inLanguage":"fr-FR","potentialAction":[{"@type":"ReadAction","target":["https:\/\/heihuyzen.be\/fr\/produit\/m-gin-inspired-by-nature-70cl\/"]}]},{"@type":"ImageObject","inLanguage":"fr-FR","@id":"https:\/\/heihuyzen.be\/fr\/produit\/m-gin-inspired-by-nature-70cl\/#primaryimage","url":"https:\/\/heihuyzen.be\/wp-content\/uploads\/2025\/09\/M-Gin1-scaled-1.jpeg","contentUrl":"https:\/\/heihuyzen.be\/wp-content\/uploads\/2025\/09\/M-Gin1-scaled-1.jpeg","width":300,"height":529},{"@type":"BreadcrumbList","@id":"https:\/\/heihuyzen.be\/fr\/produit\/m-gin-inspired-by-nature-70cl\/#breadcrumb","itemListElement":[{"@type":"ListItem","position":1,"name":"Accueil","item":"https:\/\/heihuyzen.be\/fr\/"},{"@type":"ListItem","position":2,"name":"Boutique","item":"https:\/\/heihuyzen.be\/fr\/boutique\/"},{"@type":"ListItem","position":3,"name":"M-Gin \u2013 Inspir\u00e9 par la Nature \u2013 70cl"}]},{"@type":"WebSite","@id":"https:\/\/heihuyzen.be\/fr\/#website","url":"https:\/\/heihuyzen.be\/fr\/","name":"Heihuyzen","description":"Private Stichting en Domein","publisher":{"@id":"https:\/\/heihuyzen.be\/fr\/#organization"},"potentialAction":[{"@type":"SearchAction","target":{"@type":"EntryPoint","urlTemplate":"https:\/\/heihuyzen.be\/fr\/?s={search_term_string}"},"query-input":{"@type":"PropertyValueSpecification","valueRequired":true,"valueName":"search_term_string"}}],"inLanguage":"fr-FR"},{"@type":"Organization","@id":"https:\/\/heihuyzen.be\/fr\/#organization","name":"Heihuyzen","url":"https:\/\/heihuyzen.be\/fr\/","logo":{"@type":"ImageObject","inLanguage":"fr-FR","@id":"https:\/\/heihuyzen.be\/fr\/#\/schema\/logo\/image\/","url":"https:\/\/heihuyzen.be\/wp-content\/uploads\/2025\/09\/cropped-logo-heihuyzen-2025.png","contentUrl":"https:\/\/heihuyzen.be\/wp-content\/uploads\/2025\/09\/cropped-logo-heihuyzen-2025.png","width":809,"height":724,"caption":"Heihuyzen"},"image":{"@id":"https:\/\/heihuyzen.be\/fr\/#\/schema\/logo\/image\/"},"sameAs":["https:\/\/www.facebook.com\/heihuyzen\/","https:\/\/www.instagram.com\/heihuyzen\/"]}]}},"jetpack_publicize_connections":[],"jetpack_sharing_enabled":true,"_links":{"self":[{"href":"https:\/\/heihuyzen.be\/fr\/wp-json\/wp\/v2\/product\/8770","targetHints":{"allow":["GET"]}}],"collection":[{"href":"https:\/\/heihuyzen.be\/fr\/wp-json\/wp\/v2\/product"}],"about":[{"href":"https:\/\/heihuyzen.be\/fr\/wp-json\/wp\/v2\/types\/product"}],"replies":[{"embeddable":true,"href":"https:\/\/heihuyzen.be\/fr\/wp-json\/wp\/v2\/comments?post=8770"}],"wp:featuredmedia":[{"embeddable":true,"href":"https:\/\/heihuyzen.be\/fr\/wp-json\/wp\/v2\/media\/8771"}],"wp:attachment":[{"href":"https:\/\/heihuyzen.be\/fr\/wp-json\/wp\/v2\/media?parent=8770"}],"wp:term":[{"taxonomy":"product_brand","embeddable":true,"href":"https:\/\/heihuyzen.be\/fr\/wp-json\/wp\/v2\/product_brand?post=8770"},{"taxonomy":"product_cat","embeddable":true,"href":"https:\/\/heihuyzen.be\/fr\/wp-json\/wp\/v2\/product_cat?post=8770"},{"taxonomy":"product_tag","embeddable":true,"href":"https:\/\/heihuyzen.be\/fr\/wp-json\/wp\/v2\/product_tag?post=8770"}],"curies":[{"name":"wp","href":"https:\/\/api.w.org\/{rel}","templated":true}]}}