{"id":8774,"date":"2025-09-21T17:52:04","date_gmt":"2025-09-21T17:52:04","guid":{"rendered":"https:\/\/heihuyzen.be\/product\/c-gin-inspired-by-the-sea-700ml-38-vol\/"},"modified":"2025-12-16T22:40:58","modified_gmt":"2025-12-16T22:40:58","slug":"c-gin-inspired-by-the-sea-700ml-38-vol","status":"publish","type":"product","link":"https:\/\/heihuyzen.be\/fr\/produit\/c-gin-inspired-by-the-sea-700ml-38-vol\/","title":{"rendered":"C-Gin \u2013 Inspir\u00e9 par la mer \u2013 700 ml \u2013 38 % vol."},"content":{"rendered":"<p class=\"p1\"><b>Le soleil, la mer et une touche de dune dans votre verre<\/b><b><\/b><\/p>\n<p class=\"p3\">Le <span class=\"s1\"><b>C-Gin<\/b><\/span> vous ram\u00e8ne \u00e0 des moments insouciants sur la c\u00f4te : le soleil sur votre visage, le bruit de la mer et des moments agr\u00e9ables en famille ou entre amis. Une seule gorg\u00e9e et vous vous retrouvez dans les dunes, exactement \u00e0 la fronti\u00e8re entre l&rsquo;air marin sal\u00e9 et le paysage de polder verdoyant. <\/p>\n<p class=\"p3\">La saveur puissante des <span class=\"s1\"><b>baies d&rsquo;argousier<\/b><\/span> constitue le c\u0153ur de ce gin, subtilement compl\u00e9t\u00e9e par des <span class=\"s1\"><b>herbes de berge<\/b><\/span> aromatiques, un hommage \u00e0 la nature de notre c\u00f4te belge.<\/p>\n<p class=\"p3\">Le gin a \u00e9t\u00e9 cr\u00e9\u00e9 par <span class=\"s1\"><b>Christophe Lenaerts<\/b><\/span>, inspir\u00e9 par ses nombreux voyages en mer et dans les dunes pendant son s\u00e9jour \u00e0 <span class=\"s1\"><b>Knokke Boat<\/b><\/span>. Ces souvenirs perdurent dans ce m\u00e9lange unique. <\/p>\n<p class=\"p3\">\ud83c\udf81 <span class=\"s1\"><b>Id\u00e9al comme souvenir de bon go\u00fbt<\/b><\/span> apr\u00e8s une excursion d&rsquo;observation des phoques avec Knokke Boat, ou comme cadeau \u00e9l\u00e9gant pour la famille et les amis.<\/p>\n<p class=\"p3\">Le C-Gin est disponible dans un bel <span class=\"s1\"><b>emballage cadeau<\/b><\/span>, et nous pouvons \u00e9galement l&rsquo;exp\u00e9dier.<\/p>\n<p class=\"p3\">\ud83d\udce6 Disponible en :<\/p>\n<ul>\n<li>\n<p class=\"p1\">Bouteille de <span class=\"s1\"><b>70 cl<\/b><\/span> \u2013 38 % d&rsquo;alcool<\/p>\n<\/li>\n<li>\n<p class=\"p1\">Miniature de <span class=\"s1\"><b>5 cl<\/b><\/span> \u2013 parfait pour d\u00e9guster ou comme suppl\u00e9ment dans un coffret cadeau<\/p>\n<\/li>\n<\/ul>\n<p class=\"p1\"><span class=\"s1\">\ud83d\uded1 <\/span><b>Vous devez avoir au moins 18 ans pour acheter ou consommer de l&rsquo;alcool.<\/b><\/p>\n","protected":false},"excerpt":{"rendered":"<p>Le C-Gin ram\u00e8ne \u00e0 la maison les souvenirs du soleil, de la mer et de la convivialit\u00e9 avec la famille ou les amis de la plage.<\/p>\n","protected":false},"featured_media":8775,"comment_status":"closed","ping_status":"closed","template":"","meta":{"jetpack_publicize_message":"","jetpack_publicize_feature_enabled":true,"jetpack_social_post_already_shared":false,"jetpack_social_options":{"image_generator_settings":{"template":"highway","default_image_id":0,"font":"","enabled":false},"version":2}},"product_brand":[164],"product_cat":[196],"product_tag":[207,197,198,199,208,209],"class_list":{"0":"post-8774","1":"product","2":"type-product","3":"status-publish","4":"has-post-thumbnail","6":"product_brand-heihuyzen","7":"product_cat-gin","8":"product_tag-c-gin","9":"product_tag-christophe-lenaerts","10":"product_tag-gin","11":"product_tag-heihuyzen","12":"product_tag-inspired-by-the-sea","13":"product_tag-knokke-boat","14":"product_shipping_class-1-bouteille","16":"first","17":"instock","18":"taxable","19":"shipping-taxable","20":"purchasable","21":"product-type-simple"},"yoast_head":"<!-- This site is optimized with the Yoast SEO plugin v27.4 - https:\/\/yoast.com\/product\/yoast-seo-wordpress\/ -->\n<title>C-Gin \u2013 Inspir\u00e9 par la mer \u2013 700 ml \u2013 38 % vol. - Heihuyzen<\/title>\n<meta name=\"robots\" content=\"index, follow, max-snippet:-1, max-image-preview:large, max-video-preview:-1\" \/>\n<link rel=\"canonical\" href=\"https:\/\/heihuyzen.be\/fr\/produit\/c-gin-inspired-by-the-sea-700ml-38-vol\/\" \/>\n<meta property=\"og:locale\" content=\"fr_FR\" \/>\n<meta property=\"og:type\" content=\"article\" \/>\n<meta property=\"og:title\" content=\"C-Gin \u2013 Inspir\u00e9 par la mer \u2013 700 ml \u2013 38 % vol. - Heihuyzen\" \/>\n<meta property=\"og:description\" content=\"Le C-Gin ram\u00e8ne \u00e0 la maison les souvenirs du soleil, de la mer et de la convivialit\u00e9 avec la famille ou les amis de la plage.\" \/>\n<meta property=\"og:url\" content=\"https:\/\/heihuyzen.be\/fr\/produit\/c-gin-inspired-by-the-sea-700ml-38-vol\/\" \/>\n<meta property=\"og:site_name\" content=\"Heihuyzen\" \/>\n<meta property=\"article:publisher\" content=\"https:\/\/www.facebook.com\/heihuyzen\/\" \/>\n<meta property=\"article:modified_time\" content=\"2025-12-16T22:40:58+00:00\" \/>\n<meta property=\"og:image\" content=\"https:\/\/heihuyzen.be\/wp-content\/uploads\/2025\/09\/C-gin6-scaled-1.jpeg\" \/>\n\t<meta property=\"og:image:width\" content=\"1536\" \/>\n\t<meta property=\"og:image:height\" content=\"2560\" \/>\n\t<meta property=\"og:image:type\" content=\"image\/jpeg\" \/>\n<meta name=\"twitter:card\" content=\"summary_large_image\" \/>\n<meta name=\"twitter:label1\" content=\"Dur\u00e9e de lecture estim\u00e9e\" \/>\n\t<meta name=\"twitter:data1\" content=\"1 minute\" \/>\n<script type=\"application\/ld+json\" class=\"yoast-schema-graph\">{\"@context\":\"https:\\\/\\\/schema.org\",\"@graph\":[{\"@type\":\"WebPage\",\"@id\":\"https:\\\/\\\/heihuyzen.be\\\/fr\\\/produit\\\/c-gin-inspired-by-the-sea-700ml-38-vol\\\/\",\"url\":\"https:\\\/\\\/heihuyzen.be\\\/fr\\\/produit\\\/c-gin-inspired-by-the-sea-700ml-38-vol\\\/\",\"name\":\"C-Gin \u2013 Inspir\u00e9 par la mer \u2013 700 ml \u2013 38 % vol. - Heihuyzen\",\"isPartOf\":{\"@id\":\"https:\\\/\\\/heihuyzen.be\\\/fr\\\/#website\"},\"primaryImageOfPage\":{\"@id\":\"https:\\\/\\\/heihuyzen.be\\\/fr\\\/produit\\\/c-gin-inspired-by-the-sea-700ml-38-vol\\\/#primaryimage\"},\"image\":{\"@id\":\"https:\\\/\\\/heihuyzen.be\\\/fr\\\/produit\\\/c-gin-inspired-by-the-sea-700ml-38-vol\\\/#primaryimage\"},\"thumbnailUrl\":\"https:\\\/\\\/heihuyzen.be\\\/wp-content\\\/uploads\\\/2025\\\/09\\\/C-gin6-scaled-1.jpeg\",\"datePublished\":\"2025-09-21T17:52:04+00:00\",\"dateModified\":\"2025-12-16T22:40:58+00:00\",\"breadcrumb\":{\"@id\":\"https:\\\/\\\/heihuyzen.be\\\/fr\\\/produit\\\/c-gin-inspired-by-the-sea-700ml-38-vol\\\/#breadcrumb\"},\"inLanguage\":\"fr-FR\",\"potentialAction\":[{\"@type\":\"ReadAction\",\"target\":[\"https:\\\/\\\/heihuyzen.be\\\/fr\\\/produit\\\/c-gin-inspired-by-the-sea-700ml-38-vol\\\/\"]}]},{\"@type\":\"ImageObject\",\"inLanguage\":\"fr-FR\",\"@id\":\"https:\\\/\\\/heihuyzen.be\\\/fr\\\/produit\\\/c-gin-inspired-by-the-sea-700ml-38-vol\\\/#primaryimage\",\"url\":\"https:\\\/\\\/heihuyzen.be\\\/wp-content\\\/uploads\\\/2025\\\/09\\\/C-gin6-scaled-1.jpeg\",\"contentUrl\":\"https:\\\/\\\/heihuyzen.be\\\/wp-content\\\/uploads\\\/2025\\\/09\\\/C-gin6-scaled-1.jpeg\",\"width\":1536,\"height\":2560},{\"@type\":\"BreadcrumbList\",\"@id\":\"https:\\\/\\\/heihuyzen.be\\\/fr\\\/produit\\\/c-gin-inspired-by-the-sea-700ml-38-vol\\\/#breadcrumb\",\"itemListElement\":[{\"@type\":\"ListItem\",\"position\":1,\"name\":\"Accueil\",\"item\":\"https:\\\/\\\/heihuyzen.be\\\/fr\\\/\"},{\"@type\":\"ListItem\",\"position\":2,\"name\":\"Boutique\",\"item\":\"https:\\\/\\\/heihuyzen.be\\\/fr\\\/boutique\\\/\"},{\"@type\":\"ListItem\",\"position\":3,\"name\":\"C-Gin \u2013 Inspir\u00e9 par la mer \u2013 700 ml \u2013 38 % vol.\"}]},{\"@type\":\"WebSite\",\"@id\":\"https:\\\/\\\/heihuyzen.be\\\/fr\\\/#website\",\"url\":\"https:\\\/\\\/heihuyzen.be\\\/fr\\\/\",\"name\":\"Heihuyzen\",\"description\":\"Private Stichting en Domein\",\"publisher\":{\"@id\":\"https:\\\/\\\/heihuyzen.be\\\/fr\\\/#organization\"},\"potentialAction\":[{\"@type\":\"SearchAction\",\"target\":{\"@type\":\"EntryPoint\",\"urlTemplate\":\"https:\\\/\\\/heihuyzen.be\\\/fr\\\/?s={search_term_string}\"},\"query-input\":{\"@type\":\"PropertyValueSpecification\",\"valueRequired\":true,\"valueName\":\"search_term_string\"}}],\"inLanguage\":\"fr-FR\"},{\"@type\":\"Organization\",\"@id\":\"https:\\\/\\\/heihuyzen.be\\\/fr\\\/#organization\",\"name\":\"Heihuyzen\",\"url\":\"https:\\\/\\\/heihuyzen.be\\\/fr\\\/\",\"logo\":{\"@type\":\"ImageObject\",\"inLanguage\":\"fr-FR\",\"@id\":\"https:\\\/\\\/heihuyzen.be\\\/fr\\\/#\\\/schema\\\/logo\\\/image\\\/\",\"url\":\"https:\\\/\\\/heihuyzen.be\\\/wp-content\\\/uploads\\\/2025\\\/09\\\/cropped-logo-heihuyzen-2025.png\",\"contentUrl\":\"https:\\\/\\\/heihuyzen.be\\\/wp-content\\\/uploads\\\/2025\\\/09\\\/cropped-logo-heihuyzen-2025.png\",\"width\":809,\"height\":724,\"caption\":\"Heihuyzen\"},\"image\":{\"@id\":\"https:\\\/\\\/heihuyzen.be\\\/fr\\\/#\\\/schema\\\/logo\\\/image\\\/\"},\"sameAs\":[\"https:\\\/\\\/www.facebook.com\\\/heihuyzen\\\/\",\"https:\\\/\\\/www.instagram.com\\\/heihuyzen\\\/\"]}]}<\/script>\n<!-- \/ Yoast SEO plugin. -->","yoast_head_json":{"title":"C-Gin \u2013 Inspir\u00e9 par la mer \u2013 700 ml \u2013 38 % vol. - Heihuyzen","robots":{"index":"index","follow":"follow","max-snippet":"max-snippet:-1","max-image-preview":"max-image-preview:large","max-video-preview":"max-video-preview:-1"},"canonical":"https:\/\/heihuyzen.be\/fr\/produit\/c-gin-inspired-by-the-sea-700ml-38-vol\/","og_locale":"fr_FR","og_type":"article","og_title":"C-Gin \u2013 Inspir\u00e9 par la mer \u2013 700 ml \u2013 38 % vol. - Heihuyzen","og_description":"Le C-Gin ram\u00e8ne \u00e0 la maison les souvenirs du soleil, de la mer et de la convivialit\u00e9 avec la famille ou les amis de la plage.","og_url":"https:\/\/heihuyzen.be\/fr\/produit\/c-gin-inspired-by-the-sea-700ml-38-vol\/","og_site_name":"Heihuyzen","article_publisher":"https:\/\/www.facebook.com\/heihuyzen\/","article_modified_time":"2025-12-16T22:40:58+00:00","og_image":[{"width":1536,"height":2560,"url":"https:\/\/heihuyzen.be\/wp-content\/uploads\/2025\/09\/C-gin6-scaled-1.jpeg","type":"image\/jpeg"}],"twitter_card":"summary_large_image","twitter_misc":{"Dur\u00e9e de lecture estim\u00e9e":"1 minute"},"schema":{"@context":"https:\/\/schema.org","@graph":[{"@type":"WebPage","@id":"https:\/\/heihuyzen.be\/fr\/produit\/c-gin-inspired-by-the-sea-700ml-38-vol\/","url":"https:\/\/heihuyzen.be\/fr\/produit\/c-gin-inspired-by-the-sea-700ml-38-vol\/","name":"C-Gin \u2013 Inspir\u00e9 par la mer \u2013 700 ml \u2013 38 % vol. - Heihuyzen","isPartOf":{"@id":"https:\/\/heihuyzen.be\/fr\/#website"},"primaryImageOfPage":{"@id":"https:\/\/heihuyzen.be\/fr\/produit\/c-gin-inspired-by-the-sea-700ml-38-vol\/#primaryimage"},"image":{"@id":"https:\/\/heihuyzen.be\/fr\/produit\/c-gin-inspired-by-the-sea-700ml-38-vol\/#primaryimage"},"thumbnailUrl":"https:\/\/heihuyzen.be\/wp-content\/uploads\/2025\/09\/C-gin6-scaled-1.jpeg","datePublished":"2025-09-21T17:52:04+00:00","dateModified":"2025-12-16T22:40:58+00:00","breadcrumb":{"@id":"https:\/\/heihuyzen.be\/fr\/produit\/c-gin-inspired-by-the-sea-700ml-38-vol\/#breadcrumb"},"inLanguage":"fr-FR","potentialAction":[{"@type":"ReadAction","target":["https:\/\/heihuyzen.be\/fr\/produit\/c-gin-inspired-by-the-sea-700ml-38-vol\/"]}]},{"@type":"ImageObject","inLanguage":"fr-FR","@id":"https:\/\/heihuyzen.be\/fr\/produit\/c-gin-inspired-by-the-sea-700ml-38-vol\/#primaryimage","url":"https:\/\/heihuyzen.be\/wp-content\/uploads\/2025\/09\/C-gin6-scaled-1.jpeg","contentUrl":"https:\/\/heihuyzen.be\/wp-content\/uploads\/2025\/09\/C-gin6-scaled-1.jpeg","width":1536,"height":2560},{"@type":"BreadcrumbList","@id":"https:\/\/heihuyzen.be\/fr\/produit\/c-gin-inspired-by-the-sea-700ml-38-vol\/#breadcrumb","itemListElement":[{"@type":"ListItem","position":1,"name":"Accueil","item":"https:\/\/heihuyzen.be\/fr\/"},{"@type":"ListItem","position":2,"name":"Boutique","item":"https:\/\/heihuyzen.be\/fr\/boutique\/"},{"@type":"ListItem","position":3,"name":"C-Gin \u2013 Inspir\u00e9 par la mer \u2013 700 ml \u2013 38 % vol."}]},{"@type":"WebSite","@id":"https:\/\/heihuyzen.be\/fr\/#website","url":"https:\/\/heihuyzen.be\/fr\/","name":"Heihuyzen","description":"Private Stichting en Domein","publisher":{"@id":"https:\/\/heihuyzen.be\/fr\/#organization"},"potentialAction":[{"@type":"SearchAction","target":{"@type":"EntryPoint","urlTemplate":"https:\/\/heihuyzen.be\/fr\/?s={search_term_string}"},"query-input":{"@type":"PropertyValueSpecification","valueRequired":true,"valueName":"search_term_string"}}],"inLanguage":"fr-FR"},{"@type":"Organization","@id":"https:\/\/heihuyzen.be\/fr\/#organization","name":"Heihuyzen","url":"https:\/\/heihuyzen.be\/fr\/","logo":{"@type":"ImageObject","inLanguage":"fr-FR","@id":"https:\/\/heihuyzen.be\/fr\/#\/schema\/logo\/image\/","url":"https:\/\/heihuyzen.be\/wp-content\/uploads\/2025\/09\/cropped-logo-heihuyzen-2025.png","contentUrl":"https:\/\/heihuyzen.be\/wp-content\/uploads\/2025\/09\/cropped-logo-heihuyzen-2025.png","width":809,"height":724,"caption":"Heihuyzen"},"image":{"@id":"https:\/\/heihuyzen.be\/fr\/#\/schema\/logo\/image\/"},"sameAs":["https:\/\/www.facebook.com\/heihuyzen\/","https:\/\/www.instagram.com\/heihuyzen\/"]}]}},"jetpack_publicize_connections":[],"jetpack_sharing_enabled":true,"_links":{"self":[{"href":"https:\/\/heihuyzen.be\/fr\/wp-json\/wp\/v2\/product\/8774","targetHints":{"allow":["GET"]}}],"collection":[{"href":"https:\/\/heihuyzen.be\/fr\/wp-json\/wp\/v2\/product"}],"about":[{"href":"https:\/\/heihuyzen.be\/fr\/wp-json\/wp\/v2\/types\/product"}],"replies":[{"embeddable":true,"href":"https:\/\/heihuyzen.be\/fr\/wp-json\/wp\/v2\/comments?post=8774"}],"wp:featuredmedia":[{"embeddable":true,"href":"https:\/\/heihuyzen.be\/fr\/wp-json\/wp\/v2\/media\/8775"}],"wp:attachment":[{"href":"https:\/\/heihuyzen.be\/fr\/wp-json\/wp\/v2\/media?parent=8774"}],"wp:term":[{"taxonomy":"product_brand","embeddable":true,"href":"https:\/\/heihuyzen.be\/fr\/wp-json\/wp\/v2\/product_brand?post=8774"},{"taxonomy":"product_cat","embeddable":true,"href":"https:\/\/heihuyzen.be\/fr\/wp-json\/wp\/v2\/product_cat?post=8774"},{"taxonomy":"product_tag","embeddable":true,"href":"https:\/\/heihuyzen.be\/fr\/wp-json\/wp\/v2\/product_tag?post=8774"}],"curies":[{"name":"wp","href":"https:\/\/api.w.org\/{rel}","templated":true}]}}