{"id":8778,"date":"2025-09-21T17:52:04","date_gmt":"2025-09-21T17:52:04","guid":{"rendered":"https:\/\/heihuyzen.be\/product\/mastentoppen-jenever-50cl\/"},"modified":"2025-12-16T22:41:59","modified_gmt":"2025-12-16T22:41:59","slug":"mastentoppen-jenever-50cl","status":"publish","type":"product","link":"https:\/\/heihuyzen.be\/fr\/produit\/mastentoppen-jenever-50cl\/","title":{"rendered":"Geni\u00e8vre Mastentoppen \u2013 50 cl"},"content":{"rendered":"<p class=\"p1\"><b>Go\u00fbtez l&rsquo;essence de la for\u00eat de Campine<\/b><b><\/b><\/p>\n<p class=\"p3\">Le <span class=\"s1\"><b>geni\u00e8vre Mastentoppen<\/b><\/span> du Domaine Heihuyzen est une pure expression de la nature sur et autour du domaine. \u00c9labor\u00e9 \u00e0 partir de <span class=\"s1\"><b>pommes de pin campinoises<\/b><\/span> \u2013 connues localement sous le nom de <i>mastenbollen<\/i> \u2013 cueillies \u00e0 la main dans les for\u00eats de Heihuyzen. Ces sommets de m\u00e2ts donnent au geni\u00e8vre son go\u00fbt unique, bois\u00e9 et \u00e9pic\u00e9. Celui qui y go\u00fbte se croit au milieu d&rsquo;une for\u00eat de pins campinoise, entour\u00e9 d&rsquo;arbres, de chevreuils, et du parfum de r\u00e9sine et de terre.<\/p>\n<p class=\"p3\">Ce <span class=\"s1\"><b>geni\u00e8vre de grain exclusif<\/b><\/span> est distill\u00e9 en petits lots \u00e0 la distillerie familiale <span class=\"s1\"><b>Sterkstokers<\/b><\/span> \u00e0 Sint-Lenaarts, avec une attention particuli\u00e8re pour l&rsquo;artisanat et l&rsquo;authenticit\u00e9.<\/p>\n<p class=\"p3\">Le geni\u00e8vre Mastentoppen s&rsquo;int\u00e8gre parfaitement dans l&rsquo;assortiment croissant de produits propres du Domaine Heihuyzen : du gibier et du miel \u00e0 notre <span class=\"s1\"><b>whisky M-cask<\/b><\/span> r\u00e9cemment lanc\u00e9. Tous des produits qui refl\u00e8tent l&rsquo;\u00e2me du domaine \u2014 locaux, naturels et fabriqu\u00e9s avec soin.<\/p>\n<p class=\"p3\">Nouveau dans l&rsquo;offre :<\/p>\n<p class=\"p3\">\ud83c\udf76 \u00c9galement disponible dans une <span class=\"s1\"><b>impressionnante bouteille de 3 litres<\/b><\/span> \u2013 id\u00e9ale pour les occasions festives ou comme cadeau.<\/p>\n<blockquote><p><i>Heihuyzen dans une bouteille : plein de caract\u00e8re, local et impr\u00e9gn\u00e9 de for\u00eat.<\/i><i><\/i><\/p><\/blockquote>\n<p class=\"p1\"><span class=\"s2\">\ud83d\uded1 <\/span><b>Vous devez avoir au moins 18 ans pour acheter ou consommer de l&rsquo;alcool.<\/b><\/p>\n","protected":false},"excerpt":{"rendered":"<p>Le <strong>geni\u00e8vre Mastentoppen<\/strong> est \u00e9labor\u00e9 \u00e0 partir de pommes de pin campinoises cueillies dans les for\u00eats du domaine Heihuyzen, qui donnent un go\u00fbt tr\u00e8s typique au geni\u00e8vre. Celui qui y go\u00fbte se croit dans une for\u00eat campinoise.<\/p>\n","protected":false},"featured_media":8779,"comment_status":"closed","ping_status":"closed","template":"","meta":{"jetpack_publicize_message":"","jetpack_publicize_feature_enabled":true,"jetpack_social_post_already_shared":false,"jetpack_social_options":{"image_generator_settings":{"template":"highway","default_image_id":0,"font":"","enabled":false},"version":2}},"product_brand":[164],"product_cat":[214],"product_tag":[215,199,216,217],"class_list":{"0":"post-8778","1":"product","2":"type-product","3":"status-publish","4":"has-post-thumbnail","6":"product_brand-heihuyzen","7":"product_cat-jenever","8":"product_tag-dennenappels","9":"product_tag-heihuyzen","10":"product_tag-jenever","11":"product_tag-mastentoppen","12":"product_shipping_class-1-bouteille","14":"first","15":"instock","16":"taxable","17":"shipping-taxable","18":"purchasable","19":"product-type-simple"},"yoast_head":"<!-- This site is optimized with the Yoast SEO plugin v27.4 - https:\/\/yoast.com\/product\/yoast-seo-wordpress\/ -->\n<title>Geni\u00e8vre Mastentoppen \u2013 50 cl - Heihuyzen<\/title>\n<meta name=\"robots\" content=\"index, follow, max-snippet:-1, max-image-preview:large, max-video-preview:-1\" \/>\n<link rel=\"canonical\" href=\"https:\/\/heihuyzen.be\/fr\/produit\/mastentoppen-jenever-50cl\/\" \/>\n<meta property=\"og:locale\" content=\"fr_FR\" \/>\n<meta property=\"og:type\" content=\"article\" \/>\n<meta property=\"og:title\" content=\"Geni\u00e8vre Mastentoppen \u2013 50 cl - Heihuyzen\" \/>\n<meta property=\"og:description\" content=\"Le geni\u00e8vre Mastentoppen est \u00e9labor\u00e9 \u00e0 partir de pommes de pin campinoises cueillies dans les for\u00eats du domaine Heihuyzen, qui donnent un go\u00fbt tr\u00e8s typique au geni\u00e8vre. Celui qui y go\u00fbte se croit dans une for\u00eat campinoise.\" \/>\n<meta property=\"og:url\" content=\"https:\/\/heihuyzen.be\/fr\/produit\/mastentoppen-jenever-50cl\/\" \/>\n<meta property=\"og:site_name\" content=\"Heihuyzen\" \/>\n<meta property=\"article:publisher\" content=\"https:\/\/www.facebook.com\/heihuyzen\/\" \/>\n<meta property=\"article:modified_time\" content=\"2025-12-16T22:41:59+00:00\" \/>\n<meta property=\"og:image\" content=\"https:\/\/heihuyzen.be\/wp-content\/uploads\/2025\/09\/IMG_8430-740x1024-1.jpeg\" \/>\n\t<meta property=\"og:image:width\" content=\"740\" \/>\n\t<meta property=\"og:image:height\" content=\"1024\" \/>\n\t<meta property=\"og:image:type\" content=\"image\/jpeg\" \/>\n<meta name=\"twitter:card\" content=\"summary_large_image\" \/>\n<meta name=\"twitter:label1\" content=\"Dur\u00e9e de lecture estim\u00e9e\" \/>\n\t<meta name=\"twitter:data1\" content=\"1 minute\" \/>\n<script type=\"application\/ld+json\" class=\"yoast-schema-graph\">{\"@context\":\"https:\\\/\\\/schema.org\",\"@graph\":[{\"@type\":\"WebPage\",\"@id\":\"https:\\\/\\\/heihuyzen.be\\\/fr\\\/produit\\\/mastentoppen-jenever-50cl\\\/\",\"url\":\"https:\\\/\\\/heihuyzen.be\\\/fr\\\/produit\\\/mastentoppen-jenever-50cl\\\/\",\"name\":\"Geni\u00e8vre Mastentoppen \u2013 50 cl - Heihuyzen\",\"isPartOf\":{\"@id\":\"https:\\\/\\\/heihuyzen.be\\\/fr\\\/#website\"},\"primaryImageOfPage\":{\"@id\":\"https:\\\/\\\/heihuyzen.be\\\/fr\\\/produit\\\/mastentoppen-jenever-50cl\\\/#primaryimage\"},\"image\":{\"@id\":\"https:\\\/\\\/heihuyzen.be\\\/fr\\\/produit\\\/mastentoppen-jenever-50cl\\\/#primaryimage\"},\"thumbnailUrl\":\"https:\\\/\\\/heihuyzen.be\\\/wp-content\\\/uploads\\\/2025\\\/09\\\/IMG_8430-740x1024-1.jpeg\",\"datePublished\":\"2025-09-21T17:52:04+00:00\",\"dateModified\":\"2025-12-16T22:41:59+00:00\",\"breadcrumb\":{\"@id\":\"https:\\\/\\\/heihuyzen.be\\\/fr\\\/produit\\\/mastentoppen-jenever-50cl\\\/#breadcrumb\"},\"inLanguage\":\"fr-FR\",\"potentialAction\":[{\"@type\":\"ReadAction\",\"target\":[\"https:\\\/\\\/heihuyzen.be\\\/fr\\\/produit\\\/mastentoppen-jenever-50cl\\\/\"]}]},{\"@type\":\"ImageObject\",\"inLanguage\":\"fr-FR\",\"@id\":\"https:\\\/\\\/heihuyzen.be\\\/fr\\\/produit\\\/mastentoppen-jenever-50cl\\\/#primaryimage\",\"url\":\"https:\\\/\\\/heihuyzen.be\\\/wp-content\\\/uploads\\\/2025\\\/09\\\/IMG_8430-740x1024-1.jpeg\",\"contentUrl\":\"https:\\\/\\\/heihuyzen.be\\\/wp-content\\\/uploads\\\/2025\\\/09\\\/IMG_8430-740x1024-1.jpeg\",\"width\":740,\"height\":1024},{\"@type\":\"BreadcrumbList\",\"@id\":\"https:\\\/\\\/heihuyzen.be\\\/fr\\\/produit\\\/mastentoppen-jenever-50cl\\\/#breadcrumb\",\"itemListElement\":[{\"@type\":\"ListItem\",\"position\":1,\"name\":\"Accueil\",\"item\":\"https:\\\/\\\/heihuyzen.be\\\/fr\\\/\"},{\"@type\":\"ListItem\",\"position\":2,\"name\":\"Boutique\",\"item\":\"https:\\\/\\\/heihuyzen.be\\\/fr\\\/boutique\\\/\"},{\"@type\":\"ListItem\",\"position\":3,\"name\":\"Geni\u00e8vre Mastentoppen \u2013 50 cl\"}]},{\"@type\":\"WebSite\",\"@id\":\"https:\\\/\\\/heihuyzen.be\\\/fr\\\/#website\",\"url\":\"https:\\\/\\\/heihuyzen.be\\\/fr\\\/\",\"name\":\"Heihuyzen\",\"description\":\"Private Stichting en Domein\",\"publisher\":{\"@id\":\"https:\\\/\\\/heihuyzen.be\\\/fr\\\/#organization\"},\"potentialAction\":[{\"@type\":\"SearchAction\",\"target\":{\"@type\":\"EntryPoint\",\"urlTemplate\":\"https:\\\/\\\/heihuyzen.be\\\/fr\\\/?s={search_term_string}\"},\"query-input\":{\"@type\":\"PropertyValueSpecification\",\"valueRequired\":true,\"valueName\":\"search_term_string\"}}],\"inLanguage\":\"fr-FR\"},{\"@type\":\"Organization\",\"@id\":\"https:\\\/\\\/heihuyzen.be\\\/fr\\\/#organization\",\"name\":\"Heihuyzen\",\"url\":\"https:\\\/\\\/heihuyzen.be\\\/fr\\\/\",\"logo\":{\"@type\":\"ImageObject\",\"inLanguage\":\"fr-FR\",\"@id\":\"https:\\\/\\\/heihuyzen.be\\\/fr\\\/#\\\/schema\\\/logo\\\/image\\\/\",\"url\":\"https:\\\/\\\/heihuyzen.be\\\/wp-content\\\/uploads\\\/2025\\\/09\\\/cropped-logo-heihuyzen-2025.png\",\"contentUrl\":\"https:\\\/\\\/heihuyzen.be\\\/wp-content\\\/uploads\\\/2025\\\/09\\\/cropped-logo-heihuyzen-2025.png\",\"width\":809,\"height\":724,\"caption\":\"Heihuyzen\"},\"image\":{\"@id\":\"https:\\\/\\\/heihuyzen.be\\\/fr\\\/#\\\/schema\\\/logo\\\/image\\\/\"},\"sameAs\":[\"https:\\\/\\\/www.facebook.com\\\/heihuyzen\\\/\",\"https:\\\/\\\/www.instagram.com\\\/heihuyzen\\\/\"]}]}<\/script>\n<!-- \/ Yoast SEO plugin. -->","yoast_head_json":{"title":"Geni\u00e8vre Mastentoppen \u2013 50 cl - Heihuyzen","robots":{"index":"index","follow":"follow","max-snippet":"max-snippet:-1","max-image-preview":"max-image-preview:large","max-video-preview":"max-video-preview:-1"},"canonical":"https:\/\/heihuyzen.be\/fr\/produit\/mastentoppen-jenever-50cl\/","og_locale":"fr_FR","og_type":"article","og_title":"Geni\u00e8vre Mastentoppen \u2013 50 cl - Heihuyzen","og_description":"Le geni\u00e8vre Mastentoppen est \u00e9labor\u00e9 \u00e0 partir de pommes de pin campinoises cueillies dans les for\u00eats du domaine Heihuyzen, qui donnent un go\u00fbt tr\u00e8s typique au geni\u00e8vre. Celui qui y go\u00fbte se croit dans une for\u00eat campinoise.","og_url":"https:\/\/heihuyzen.be\/fr\/produit\/mastentoppen-jenever-50cl\/","og_site_name":"Heihuyzen","article_publisher":"https:\/\/www.facebook.com\/heihuyzen\/","article_modified_time":"2025-12-16T22:41:59+00:00","og_image":[{"width":740,"height":1024,"url":"https:\/\/heihuyzen.be\/wp-content\/uploads\/2025\/09\/IMG_8430-740x1024-1.jpeg","type":"image\/jpeg"}],"twitter_card":"summary_large_image","twitter_misc":{"Dur\u00e9e de lecture estim\u00e9e":"1 minute"},"schema":{"@context":"https:\/\/schema.org","@graph":[{"@type":"WebPage","@id":"https:\/\/heihuyzen.be\/fr\/produit\/mastentoppen-jenever-50cl\/","url":"https:\/\/heihuyzen.be\/fr\/produit\/mastentoppen-jenever-50cl\/","name":"Geni\u00e8vre Mastentoppen \u2013 50 cl - Heihuyzen","isPartOf":{"@id":"https:\/\/heihuyzen.be\/fr\/#website"},"primaryImageOfPage":{"@id":"https:\/\/heihuyzen.be\/fr\/produit\/mastentoppen-jenever-50cl\/#primaryimage"},"image":{"@id":"https:\/\/heihuyzen.be\/fr\/produit\/mastentoppen-jenever-50cl\/#primaryimage"},"thumbnailUrl":"https:\/\/heihuyzen.be\/wp-content\/uploads\/2025\/09\/IMG_8430-740x1024-1.jpeg","datePublished":"2025-09-21T17:52:04+00:00","dateModified":"2025-12-16T22:41:59+00:00","breadcrumb":{"@id":"https:\/\/heihuyzen.be\/fr\/produit\/mastentoppen-jenever-50cl\/#breadcrumb"},"inLanguage":"fr-FR","potentialAction":[{"@type":"ReadAction","target":["https:\/\/heihuyzen.be\/fr\/produit\/mastentoppen-jenever-50cl\/"]}]},{"@type":"ImageObject","inLanguage":"fr-FR","@id":"https:\/\/heihuyzen.be\/fr\/produit\/mastentoppen-jenever-50cl\/#primaryimage","url":"https:\/\/heihuyzen.be\/wp-content\/uploads\/2025\/09\/IMG_8430-740x1024-1.jpeg","contentUrl":"https:\/\/heihuyzen.be\/wp-content\/uploads\/2025\/09\/IMG_8430-740x1024-1.jpeg","width":740,"height":1024},{"@type":"BreadcrumbList","@id":"https:\/\/heihuyzen.be\/fr\/produit\/mastentoppen-jenever-50cl\/#breadcrumb","itemListElement":[{"@type":"ListItem","position":1,"name":"Accueil","item":"https:\/\/heihuyzen.be\/fr\/"},{"@type":"ListItem","position":2,"name":"Boutique","item":"https:\/\/heihuyzen.be\/fr\/boutique\/"},{"@type":"ListItem","position":3,"name":"Geni\u00e8vre Mastentoppen \u2013 50 cl"}]},{"@type":"WebSite","@id":"https:\/\/heihuyzen.be\/fr\/#website","url":"https:\/\/heihuyzen.be\/fr\/","name":"Heihuyzen","description":"Private Stichting en Domein","publisher":{"@id":"https:\/\/heihuyzen.be\/fr\/#organization"},"potentialAction":[{"@type":"SearchAction","target":{"@type":"EntryPoint","urlTemplate":"https:\/\/heihuyzen.be\/fr\/?s={search_term_string}"},"query-input":{"@type":"PropertyValueSpecification","valueRequired":true,"valueName":"search_term_string"}}],"inLanguage":"fr-FR"},{"@type":"Organization","@id":"https:\/\/heihuyzen.be\/fr\/#organization","name":"Heihuyzen","url":"https:\/\/heihuyzen.be\/fr\/","logo":{"@type":"ImageObject","inLanguage":"fr-FR","@id":"https:\/\/heihuyzen.be\/fr\/#\/schema\/logo\/image\/","url":"https:\/\/heihuyzen.be\/wp-content\/uploads\/2025\/09\/cropped-logo-heihuyzen-2025.png","contentUrl":"https:\/\/heihuyzen.be\/wp-content\/uploads\/2025\/09\/cropped-logo-heihuyzen-2025.png","width":809,"height":724,"caption":"Heihuyzen"},"image":{"@id":"https:\/\/heihuyzen.be\/fr\/#\/schema\/logo\/image\/"},"sameAs":["https:\/\/www.facebook.com\/heihuyzen\/","https:\/\/www.instagram.com\/heihuyzen\/"]}]}},"jetpack_publicize_connections":[],"jetpack_sharing_enabled":true,"_links":{"self":[{"href":"https:\/\/heihuyzen.be\/fr\/wp-json\/wp\/v2\/product\/8778","targetHints":{"allow":["GET"]}}],"collection":[{"href":"https:\/\/heihuyzen.be\/fr\/wp-json\/wp\/v2\/product"}],"about":[{"href":"https:\/\/heihuyzen.be\/fr\/wp-json\/wp\/v2\/types\/product"}],"replies":[{"embeddable":true,"href":"https:\/\/heihuyzen.be\/fr\/wp-json\/wp\/v2\/comments?post=8778"}],"wp:featuredmedia":[{"embeddable":true,"href":"https:\/\/heihuyzen.be\/fr\/wp-json\/wp\/v2\/media\/8779"}],"wp:attachment":[{"href":"https:\/\/heihuyzen.be\/fr\/wp-json\/wp\/v2\/media?parent=8778"}],"wp:term":[{"taxonomy":"product_brand","embeddable":true,"href":"https:\/\/heihuyzen.be\/fr\/wp-json\/wp\/v2\/product_brand?post=8778"},{"taxonomy":"product_cat","embeddable":true,"href":"https:\/\/heihuyzen.be\/fr\/wp-json\/wp\/v2\/product_cat?post=8778"},{"taxonomy":"product_tag","embeddable":true,"href":"https:\/\/heihuyzen.be\/fr\/wp-json\/wp\/v2\/product_tag?post=8778"}],"curies":[{"name":"wp","href":"https:\/\/api.w.org\/{rel}","templated":true}]}}