{"id":8782,"date":"2025-09-21T17:52:04","date_gmt":"2025-09-21T17:52:04","guid":{"rendered":"https:\/\/heihuyzen.be\/product\/heuplfles-heihuyzen-met-borrelglaasjes-en-trechtertje-in-geschenkverpakking\/"},"modified":"2025-12-16T22:51:49","modified_gmt":"2025-12-16T22:51:49","slug":"heuplfles-heihuyzen-met-borrelglaasjes-en-trechtertje-in-geschenkverpakking","status":"publish","type":"product","link":"https:\/\/heihuyzen.be\/fr\/produit\/heuplfles-heihuyzen-met-borrelglaasjes-en-trechtertje-in-geschenkverpakking\/","title":{"rendered":"Flasque Heihuyzen avec verres \u00e0 liqueur et entonnoir dans un emballage cadeau"},"content":{"rendered":"<p>Vous aussi, vous partez en randonn\u00e9e, \u00e0 v\u00e9lo ou faire du sport et vous souhaitez emporter une de nos d\u00e9licieuses boissons dans votre veste ou votre poche ? Nous avons la solution parfaite. Depuis des g\u00e9n\u00e9rations, on voit des gens se promener dans le domaine et dans la nature avec une flasque. Nous avons donc voulu perp\u00e9tuer cette tradition avec de belles flasques pratiques du domaine.   <\/p>\n<p>Un joli cadeau ou pour se faire plaisir.<\/p>\n","protected":false},"excerpt":{"rendered":"<p>Belle flasque pour emporter en balade de d\u00e9licieux geni\u00e8vre de t\u00eates de m\u00e2t ou m-rhum<\/p>\n","protected":false},"featured_media":8783,"comment_status":"closed","ping_status":"closed","template":"","meta":{"jetpack_publicize_message":"","jetpack_publicize_feature_enabled":true,"jetpack_social_post_already_shared":false,"jetpack_social_options":{"image_generator_settings":{"template":"highway","default_image_id":0,"font":"","enabled":false},"version":2}},"product_brand":[164],"product_cat":[224],"product_tag":[225,226,199,216,227],"class_list":{"0":"post-8782","1":"product","2":"type-product","3":"status-publish","4":"has-post-thumbnail","6":"product_brand-heihuyzen","7":"product_cat-cadeau","8":"product_tag-cadeau","9":"product_tag-heapfles","10":"product_tag-heihuyzen","11":"product_tag-jenever","12":"product_tag-rum","13":"product_shipping_class-1-bouteille","15":"first","16":"instock","17":"taxable","18":"shipping-taxable","19":"purchasable","20":"product-type-simple"},"yoast_head":"<!-- This site is optimized with the Yoast SEO plugin v27.4 - https:\/\/yoast.com\/product\/yoast-seo-wordpress\/ -->\n<title>Flasque Heihuyzen avec verres \u00e0 liqueur et entonnoir dans un emballage cadeau - Heihuyzen<\/title>\n<meta name=\"robots\" content=\"index, follow, max-snippet:-1, max-image-preview:large, max-video-preview:-1\" \/>\n<link rel=\"canonical\" href=\"https:\/\/heihuyzen.be\/fr\/produit\/heuplfles-heihuyzen-met-borrelglaasjes-en-trechtertje-in-geschenkverpakking\/\" \/>\n<meta property=\"og:locale\" content=\"fr_FR\" \/>\n<meta property=\"og:type\" content=\"article\" \/>\n<meta property=\"og:title\" content=\"Flasque Heihuyzen avec verres \u00e0 liqueur et entonnoir dans un emballage cadeau - Heihuyzen\" \/>\n<meta property=\"og:description\" content=\"Belle flasque pour emporter en balade de d\u00e9licieux geni\u00e8vre de t\u00eates de m\u00e2t ou m-rhum\" \/>\n<meta property=\"og:url\" content=\"https:\/\/heihuyzen.be\/fr\/produit\/heuplfles-heihuyzen-met-borrelglaasjes-en-trechtertje-in-geschenkverpakking\/\" \/>\n<meta property=\"og:site_name\" content=\"Heihuyzen\" \/>\n<meta property=\"article:publisher\" content=\"https:\/\/www.facebook.com\/heihuyzen\/\" \/>\n<meta property=\"article:modified_time\" content=\"2025-12-16T22:51:49+00:00\" \/>\n<meta property=\"og:image\" content=\"https:\/\/heihuyzen.be\/wp-content\/uploads\/2025\/09\/IMG_5889.jpeg\" \/>\n\t<meta property=\"og:image:width\" content=\"1209\" \/>\n\t<meta property=\"og:image:height\" content=\"1280\" \/>\n\t<meta property=\"og:image:type\" content=\"image\/jpeg\" \/>\n<meta name=\"twitter:card\" content=\"summary_large_image\" \/>\n<script type=\"application\/ld+json\" class=\"yoast-schema-graph\">{\"@context\":\"https:\\\/\\\/schema.org\",\"@graph\":[{\"@type\":\"WebPage\",\"@id\":\"https:\\\/\\\/heihuyzen.be\\\/fr\\\/produit\\\/heuplfles-heihuyzen-met-borrelglaasjes-en-trechtertje-in-geschenkverpakking\\\/\",\"url\":\"https:\\\/\\\/heihuyzen.be\\\/fr\\\/produit\\\/heuplfles-heihuyzen-met-borrelglaasjes-en-trechtertje-in-geschenkverpakking\\\/\",\"name\":\"Flasque Heihuyzen avec verres \u00e0 liqueur et entonnoir dans un emballage cadeau - Heihuyzen\",\"isPartOf\":{\"@id\":\"https:\\\/\\\/heihuyzen.be\\\/fr\\\/#website\"},\"primaryImageOfPage\":{\"@id\":\"https:\\\/\\\/heihuyzen.be\\\/fr\\\/produit\\\/heuplfles-heihuyzen-met-borrelglaasjes-en-trechtertje-in-geschenkverpakking\\\/#primaryimage\"},\"image\":{\"@id\":\"https:\\\/\\\/heihuyzen.be\\\/fr\\\/produit\\\/heuplfles-heihuyzen-met-borrelglaasjes-en-trechtertje-in-geschenkverpakking\\\/#primaryimage\"},\"thumbnailUrl\":\"https:\\\/\\\/heihuyzen.be\\\/wp-content\\\/uploads\\\/2025\\\/09\\\/IMG_5889.jpeg\",\"datePublished\":\"2025-09-21T17:52:04+00:00\",\"dateModified\":\"2025-12-16T22:51:49+00:00\",\"breadcrumb\":{\"@id\":\"https:\\\/\\\/heihuyzen.be\\\/fr\\\/produit\\\/heuplfles-heihuyzen-met-borrelglaasjes-en-trechtertje-in-geschenkverpakking\\\/#breadcrumb\"},\"inLanguage\":\"fr-FR\",\"potentialAction\":[{\"@type\":\"ReadAction\",\"target\":[\"https:\\\/\\\/heihuyzen.be\\\/fr\\\/produit\\\/heuplfles-heihuyzen-met-borrelglaasjes-en-trechtertje-in-geschenkverpakking\\\/\"]}]},{\"@type\":\"ImageObject\",\"inLanguage\":\"fr-FR\",\"@id\":\"https:\\\/\\\/heihuyzen.be\\\/fr\\\/produit\\\/heuplfles-heihuyzen-met-borrelglaasjes-en-trechtertje-in-geschenkverpakking\\\/#primaryimage\",\"url\":\"https:\\\/\\\/heihuyzen.be\\\/wp-content\\\/uploads\\\/2025\\\/09\\\/IMG_5889.jpeg\",\"contentUrl\":\"https:\\\/\\\/heihuyzen.be\\\/wp-content\\\/uploads\\\/2025\\\/09\\\/IMG_5889.jpeg\",\"width\":1209,\"height\":1280},{\"@type\":\"BreadcrumbList\",\"@id\":\"https:\\\/\\\/heihuyzen.be\\\/fr\\\/produit\\\/heuplfles-heihuyzen-met-borrelglaasjes-en-trechtertje-in-geschenkverpakking\\\/#breadcrumb\",\"itemListElement\":[{\"@type\":\"ListItem\",\"position\":1,\"name\":\"Accueil\",\"item\":\"https:\\\/\\\/heihuyzen.be\\\/fr\\\/\"},{\"@type\":\"ListItem\",\"position\":2,\"name\":\"Boutique\",\"item\":\"https:\\\/\\\/heihuyzen.be\\\/fr\\\/boutique\\\/\"},{\"@type\":\"ListItem\",\"position\":3,\"name\":\"Flasque Heihuyzen avec verres \u00e0 liqueur et entonnoir dans un emballage cadeau\"}]},{\"@type\":\"WebSite\",\"@id\":\"https:\\\/\\\/heihuyzen.be\\\/fr\\\/#website\",\"url\":\"https:\\\/\\\/heihuyzen.be\\\/fr\\\/\",\"name\":\"Heihuyzen\",\"description\":\"Private Stichting en Domein\",\"publisher\":{\"@id\":\"https:\\\/\\\/heihuyzen.be\\\/fr\\\/#organization\"},\"potentialAction\":[{\"@type\":\"SearchAction\",\"target\":{\"@type\":\"EntryPoint\",\"urlTemplate\":\"https:\\\/\\\/heihuyzen.be\\\/fr\\\/?s={search_term_string}\"},\"query-input\":{\"@type\":\"PropertyValueSpecification\",\"valueRequired\":true,\"valueName\":\"search_term_string\"}}],\"inLanguage\":\"fr-FR\"},{\"@type\":\"Organization\",\"@id\":\"https:\\\/\\\/heihuyzen.be\\\/fr\\\/#organization\",\"name\":\"Heihuyzen\",\"url\":\"https:\\\/\\\/heihuyzen.be\\\/fr\\\/\",\"logo\":{\"@type\":\"ImageObject\",\"inLanguage\":\"fr-FR\",\"@id\":\"https:\\\/\\\/heihuyzen.be\\\/fr\\\/#\\\/schema\\\/logo\\\/image\\\/\",\"url\":\"https:\\\/\\\/heihuyzen.be\\\/wp-content\\\/uploads\\\/2025\\\/09\\\/cropped-logo-heihuyzen-2025.png\",\"contentUrl\":\"https:\\\/\\\/heihuyzen.be\\\/wp-content\\\/uploads\\\/2025\\\/09\\\/cropped-logo-heihuyzen-2025.png\",\"width\":809,\"height\":724,\"caption\":\"Heihuyzen\"},\"image\":{\"@id\":\"https:\\\/\\\/heihuyzen.be\\\/fr\\\/#\\\/schema\\\/logo\\\/image\\\/\"},\"sameAs\":[\"https:\\\/\\\/www.facebook.com\\\/heihuyzen\\\/\",\"https:\\\/\\\/www.instagram.com\\\/heihuyzen\\\/\"]}]}<\/script>\n<!-- \/ Yoast SEO plugin. -->","yoast_head_json":{"title":"Flasque Heihuyzen avec verres \u00e0 liqueur et entonnoir dans un emballage cadeau - Heihuyzen","robots":{"index":"index","follow":"follow","max-snippet":"max-snippet:-1","max-image-preview":"max-image-preview:large","max-video-preview":"max-video-preview:-1"},"canonical":"https:\/\/heihuyzen.be\/fr\/produit\/heuplfles-heihuyzen-met-borrelglaasjes-en-trechtertje-in-geschenkverpakking\/","og_locale":"fr_FR","og_type":"article","og_title":"Flasque Heihuyzen avec verres \u00e0 liqueur et entonnoir dans un emballage cadeau - Heihuyzen","og_description":"Belle flasque pour emporter en balade de d\u00e9licieux geni\u00e8vre de t\u00eates de m\u00e2t ou m-rhum","og_url":"https:\/\/heihuyzen.be\/fr\/produit\/heuplfles-heihuyzen-met-borrelglaasjes-en-trechtertje-in-geschenkverpakking\/","og_site_name":"Heihuyzen","article_publisher":"https:\/\/www.facebook.com\/heihuyzen\/","article_modified_time":"2025-12-16T22:51:49+00:00","og_image":[{"width":1209,"height":1280,"url":"https:\/\/heihuyzen.be\/wp-content\/uploads\/2025\/09\/IMG_5889.jpeg","type":"image\/jpeg"}],"twitter_card":"summary_large_image","schema":{"@context":"https:\/\/schema.org","@graph":[{"@type":"WebPage","@id":"https:\/\/heihuyzen.be\/fr\/produit\/heuplfles-heihuyzen-met-borrelglaasjes-en-trechtertje-in-geschenkverpakking\/","url":"https:\/\/heihuyzen.be\/fr\/produit\/heuplfles-heihuyzen-met-borrelglaasjes-en-trechtertje-in-geschenkverpakking\/","name":"Flasque Heihuyzen avec verres \u00e0 liqueur et entonnoir dans un emballage cadeau - Heihuyzen","isPartOf":{"@id":"https:\/\/heihuyzen.be\/fr\/#website"},"primaryImageOfPage":{"@id":"https:\/\/heihuyzen.be\/fr\/produit\/heuplfles-heihuyzen-met-borrelglaasjes-en-trechtertje-in-geschenkverpakking\/#primaryimage"},"image":{"@id":"https:\/\/heihuyzen.be\/fr\/produit\/heuplfles-heihuyzen-met-borrelglaasjes-en-trechtertje-in-geschenkverpakking\/#primaryimage"},"thumbnailUrl":"https:\/\/heihuyzen.be\/wp-content\/uploads\/2025\/09\/IMG_5889.jpeg","datePublished":"2025-09-21T17:52:04+00:00","dateModified":"2025-12-16T22:51:49+00:00","breadcrumb":{"@id":"https:\/\/heihuyzen.be\/fr\/produit\/heuplfles-heihuyzen-met-borrelglaasjes-en-trechtertje-in-geschenkverpakking\/#breadcrumb"},"inLanguage":"fr-FR","potentialAction":[{"@type":"ReadAction","target":["https:\/\/heihuyzen.be\/fr\/produit\/heuplfles-heihuyzen-met-borrelglaasjes-en-trechtertje-in-geschenkverpakking\/"]}]},{"@type":"ImageObject","inLanguage":"fr-FR","@id":"https:\/\/heihuyzen.be\/fr\/produit\/heuplfles-heihuyzen-met-borrelglaasjes-en-trechtertje-in-geschenkverpakking\/#primaryimage","url":"https:\/\/heihuyzen.be\/wp-content\/uploads\/2025\/09\/IMG_5889.jpeg","contentUrl":"https:\/\/heihuyzen.be\/wp-content\/uploads\/2025\/09\/IMG_5889.jpeg","width":1209,"height":1280},{"@type":"BreadcrumbList","@id":"https:\/\/heihuyzen.be\/fr\/produit\/heuplfles-heihuyzen-met-borrelglaasjes-en-trechtertje-in-geschenkverpakking\/#breadcrumb","itemListElement":[{"@type":"ListItem","position":1,"name":"Accueil","item":"https:\/\/heihuyzen.be\/fr\/"},{"@type":"ListItem","position":2,"name":"Boutique","item":"https:\/\/heihuyzen.be\/fr\/boutique\/"},{"@type":"ListItem","position":3,"name":"Flasque Heihuyzen avec verres \u00e0 liqueur et entonnoir dans un emballage cadeau"}]},{"@type":"WebSite","@id":"https:\/\/heihuyzen.be\/fr\/#website","url":"https:\/\/heihuyzen.be\/fr\/","name":"Heihuyzen","description":"Private Stichting en Domein","publisher":{"@id":"https:\/\/heihuyzen.be\/fr\/#organization"},"potentialAction":[{"@type":"SearchAction","target":{"@type":"EntryPoint","urlTemplate":"https:\/\/heihuyzen.be\/fr\/?s={search_term_string}"},"query-input":{"@type":"PropertyValueSpecification","valueRequired":true,"valueName":"search_term_string"}}],"inLanguage":"fr-FR"},{"@type":"Organization","@id":"https:\/\/heihuyzen.be\/fr\/#organization","name":"Heihuyzen","url":"https:\/\/heihuyzen.be\/fr\/","logo":{"@type":"ImageObject","inLanguage":"fr-FR","@id":"https:\/\/heihuyzen.be\/fr\/#\/schema\/logo\/image\/","url":"https:\/\/heihuyzen.be\/wp-content\/uploads\/2025\/09\/cropped-logo-heihuyzen-2025.png","contentUrl":"https:\/\/heihuyzen.be\/wp-content\/uploads\/2025\/09\/cropped-logo-heihuyzen-2025.png","width":809,"height":724,"caption":"Heihuyzen"},"image":{"@id":"https:\/\/heihuyzen.be\/fr\/#\/schema\/logo\/image\/"},"sameAs":["https:\/\/www.facebook.com\/heihuyzen\/","https:\/\/www.instagram.com\/heihuyzen\/"]}]}},"jetpack_publicize_connections":[],"jetpack_sharing_enabled":true,"_links":{"self":[{"href":"https:\/\/heihuyzen.be\/fr\/wp-json\/wp\/v2\/product\/8782","targetHints":{"allow":["GET"]}}],"collection":[{"href":"https:\/\/heihuyzen.be\/fr\/wp-json\/wp\/v2\/product"}],"about":[{"href":"https:\/\/heihuyzen.be\/fr\/wp-json\/wp\/v2\/types\/product"}],"replies":[{"embeddable":true,"href":"https:\/\/heihuyzen.be\/fr\/wp-json\/wp\/v2\/comments?post=8782"}],"wp:featuredmedia":[{"embeddable":true,"href":"https:\/\/heihuyzen.be\/fr\/wp-json\/wp\/v2\/media\/8783"}],"wp:attachment":[{"href":"https:\/\/heihuyzen.be\/fr\/wp-json\/wp\/v2\/media?parent=8782"}],"wp:term":[{"taxonomy":"product_brand","embeddable":true,"href":"https:\/\/heihuyzen.be\/fr\/wp-json\/wp\/v2\/product_brand?post=8782"},{"taxonomy":"product_cat","embeddable":true,"href":"https:\/\/heihuyzen.be\/fr\/wp-json\/wp\/v2\/product_cat?post=8782"},{"taxonomy":"product_tag","embeddable":true,"href":"https:\/\/heihuyzen.be\/fr\/wp-json\/wp\/v2\/product_tag?post=8782"}],"curies":[{"name":"wp","href":"https:\/\/api.w.org\/{rel}","templated":true}]}}