{"id":8790,"date":"2025-09-21T17:52:04","date_gmt":"2025-09-21T17:52:04","guid":{"rendered":"https:\/\/heihuyzen.be\/product\/m-cask-single-malt-whisky-500ml-43-vol\/"},"modified":"2025-12-16T22:51:46","modified_gmt":"2025-12-16T22:51:46","slug":"m-cask-single-malt-whisky-500ml-43-vol","status":"publish","type":"product","link":"https:\/\/heihuyzen.be\/fr\/produit\/m-cask-single-malt-whisky-500ml-43-vol\/","title":{"rendered":"M-Cask \u2013 Whisky single malt \u2013 500 ml \u2013 43 % vol."},"content":{"rendered":"<p class=\"p1\"><b>Single malt \u2013 Single barrel \u2013 \u00c9dition limit\u00e9e<\/b><b><\/b><\/p>\n<p class=\"p3\">Le <span class=\"s1\"><b>M-cask<\/b><\/span> est une cr\u00e9ation unique du Domaine Heihuyzen : un whisky single malt artisanal vieilli pendant quatre ans dans des f\u00fbts de ch\u00eane ayant pr\u00e9c\u00e9demment servi \u00e0 la maturation de notre propre <span class=\"s1\"><b>geni\u00e8vre Mastentoppen<\/b><\/span>.<\/p>\n<p class=\"p3\">Gr\u00e2ce \u00e0 ce vieillissement particulier en f\u00fbt, le M-cask a d\u00e9velopp\u00e9 un profil gustatif prononc\u00e9 et \u00e9quilibr\u00e9. Vous d\u00e9couvrirez des notes chaleureuses de ch\u00eane, compl\u00e9t\u00e9es par une subtile touche de pomme de pin \u2013 un clin d&rsquo;\u0153il au caract\u00e8re bois\u00e9 de notre domaine. <\/p>\n<p class=\"p1\"><b>Go\u00fbtez le savoir-faire de Heihuyzen dans chaque verre.<\/b><b><\/b><\/p>\n<p class=\"p3\">Ce whisky est embouteill\u00e9 en <span class=\"s1\"><b>\u00e9dition tr\u00e8s limit\u00e9e<\/b><\/span> (400 bouteilles).<\/p>\n<p class=\"p1\"><b>Caract\u00e9ristiques<\/b><b><\/b><\/p>\n<ul>\n<li>\n<p class=\"p1\">100 % whisky single malt<\/p>\n<\/li>\n<li>\n<p class=\"p1\">Vieillissement : 4 ans en f\u00fbts de ch\u00eane ayant contenu du geni\u00e8vre Mastentoppen<\/p>\n<\/li>\n<li>\n<p class=\"p1\">Origine : Domaine Heihuyzen, Belgique<\/p>\n<\/li>\n<li>\n<p class=\"p1\">Nez : Bois\u00e9, \u00e9pic\u00e9, avec des notes florales de pin<\/p>\n<\/li>\n<li>\n<p class=\"p1\">Bouche : Ronde, douce et complexe \u2013 ch\u00eane, r\u00e9sine et subtile amertume<\/p>\n<\/li>\n<li>\n<p class=\"p1\">Finale : Longue, s\u00e8che et \u00e9l\u00e9gante<\/p>\n<\/li>\n<\/ul>\n<p>&nbsp;<\/p>\n","protected":false},"excerpt":{"rendered":"<p>Single malt \u2013 Single barrel \u2013 \u00c9dition limit\u00e9e Le M-cask est une cr\u00e9ation unique du Domaine Heihuyzen : un whisky single malt artisanal vieilli pendant quatre ans dans des f\u00fbts de ch\u00eane ayant pr\u00e9c\u00e9demment servi \u00e0 la maturation de notre propre geni\u00e8vre Mastentoppen. Gr\u00e2ce \u00e0 ce vieillissement particulier en f\u00fbt, le M-cask a d\u00e9velopp\u00e9 un [&hellip;]<\/p>\n","protected":false},"featured_media":8791,"comment_status":"closed","ping_status":"closed","template":"","meta":{"jetpack_publicize_message":"","jetpack_publicize_feature_enabled":true,"jetpack_social_post_already_shared":false,"jetpack_social_options":{"image_generator_settings":{"template":"highway","default_image_id":0,"font":"","enabled":false},"version":2}},"product_brand":[164],"product_cat":[236],"product_tag":[199,237],"class_list":{"0":"post-8790","1":"product","2":"type-product","3":"status-publish","4":"has-post-thumbnail","6":"product_brand-heihuyzen","7":"product_cat-whisky","8":"product_tag-heihuyzen","9":"product_tag-whisky","10":"product_shipping_class-1-bouteille","12":"first","13":"instock","14":"taxable","15":"shipping-taxable","16":"purchasable","17":"product-type-simple"},"yoast_head":"<!-- This site is optimized with the Yoast SEO plugin v27.4 - https:\/\/yoast.com\/product\/yoast-seo-wordpress\/ -->\n<title>M-Cask \u2013 Whisky single malt \u2013 500 ml \u2013 43 % vol. - Heihuyzen<\/title>\n<meta name=\"robots\" content=\"index, follow, max-snippet:-1, max-image-preview:large, max-video-preview:-1\" \/>\n<link rel=\"canonical\" href=\"https:\/\/heihuyzen.be\/fr\/produit\/m-cask-single-malt-whisky-500ml-43-vol\/\" \/>\n<meta property=\"og:locale\" content=\"fr_FR\" \/>\n<meta property=\"og:type\" content=\"article\" \/>\n<meta property=\"og:title\" content=\"M-Cask \u2013 Whisky single malt \u2013 500 ml \u2013 43 % vol. - Heihuyzen\" \/>\n<meta property=\"og:description\" content=\"Single malt \u2013 Single barrel \u2013 \u00c9dition limit\u00e9e Le M-cask est une cr\u00e9ation unique du Domaine Heihuyzen : un whisky single malt artisanal vieilli pendant quatre ans dans des f\u00fbts de ch\u00eane ayant pr\u00e9c\u00e9demment servi \u00e0 la maturation de notre propre geni\u00e8vre Mastentoppen. Gr\u00e2ce \u00e0 ce vieillissement particulier en f\u00fbt, le M-cask a d\u00e9velopp\u00e9 un [&hellip;]\" \/>\n<meta property=\"og:url\" content=\"https:\/\/heihuyzen.be\/fr\/produit\/m-cask-single-malt-whisky-500ml-43-vol\/\" \/>\n<meta property=\"og:site_name\" content=\"Heihuyzen\" \/>\n<meta property=\"article:publisher\" content=\"https:\/\/www.facebook.com\/heihuyzen\/\" \/>\n<meta property=\"article:modified_time\" content=\"2025-12-16T22:51:46+00:00\" \/>\n<meta property=\"og:image\" content=\"https:\/\/heihuyzen.be\/wp-content\/uploads\/2025\/09\/IMG_5841-scaled-1.jpeg\" \/>\n\t<meta property=\"og:image:width\" content=\"1920\" \/>\n\t<meta property=\"og:image:height\" content=\"2560\" \/>\n\t<meta property=\"og:image:type\" content=\"image\/jpeg\" \/>\n<meta name=\"twitter:card\" content=\"summary_large_image\" \/>\n<meta name=\"twitter:label1\" content=\"Dur\u00e9e de lecture estim\u00e9e\" \/>\n\t<meta name=\"twitter:data1\" content=\"1 minute\" \/>\n<script type=\"application\/ld+json\" class=\"yoast-schema-graph\">{\"@context\":\"https:\\\/\\\/schema.org\",\"@graph\":[{\"@type\":\"WebPage\",\"@id\":\"https:\\\/\\\/heihuyzen.be\\\/fr\\\/produit\\\/m-cask-single-malt-whisky-500ml-43-vol\\\/\",\"url\":\"https:\\\/\\\/heihuyzen.be\\\/fr\\\/produit\\\/m-cask-single-malt-whisky-500ml-43-vol\\\/\",\"name\":\"M-Cask \u2013 Whisky single malt \u2013 500 ml \u2013 43 % vol. - Heihuyzen\",\"isPartOf\":{\"@id\":\"https:\\\/\\\/heihuyzen.be\\\/fr\\\/#website\"},\"primaryImageOfPage\":{\"@id\":\"https:\\\/\\\/heihuyzen.be\\\/fr\\\/produit\\\/m-cask-single-malt-whisky-500ml-43-vol\\\/#primaryimage\"},\"image\":{\"@id\":\"https:\\\/\\\/heihuyzen.be\\\/fr\\\/produit\\\/m-cask-single-malt-whisky-500ml-43-vol\\\/#primaryimage\"},\"thumbnailUrl\":\"https:\\\/\\\/heihuyzen.be\\\/wp-content\\\/uploads\\\/2025\\\/09\\\/IMG_5841-scaled-1.jpeg\",\"datePublished\":\"2025-09-21T17:52:04+00:00\",\"dateModified\":\"2025-12-16T22:51:46+00:00\",\"breadcrumb\":{\"@id\":\"https:\\\/\\\/heihuyzen.be\\\/fr\\\/produit\\\/m-cask-single-malt-whisky-500ml-43-vol\\\/#breadcrumb\"},\"inLanguage\":\"fr-FR\",\"potentialAction\":[{\"@type\":\"ReadAction\",\"target\":[\"https:\\\/\\\/heihuyzen.be\\\/fr\\\/produit\\\/m-cask-single-malt-whisky-500ml-43-vol\\\/\"]}]},{\"@type\":\"ImageObject\",\"inLanguage\":\"fr-FR\",\"@id\":\"https:\\\/\\\/heihuyzen.be\\\/fr\\\/produit\\\/m-cask-single-malt-whisky-500ml-43-vol\\\/#primaryimage\",\"url\":\"https:\\\/\\\/heihuyzen.be\\\/wp-content\\\/uploads\\\/2025\\\/09\\\/IMG_5841-scaled-1.jpeg\",\"contentUrl\":\"https:\\\/\\\/heihuyzen.be\\\/wp-content\\\/uploads\\\/2025\\\/09\\\/IMG_5841-scaled-1.jpeg\",\"width\":1920,\"height\":2560},{\"@type\":\"BreadcrumbList\",\"@id\":\"https:\\\/\\\/heihuyzen.be\\\/fr\\\/produit\\\/m-cask-single-malt-whisky-500ml-43-vol\\\/#breadcrumb\",\"itemListElement\":[{\"@type\":\"ListItem\",\"position\":1,\"name\":\"Accueil\",\"item\":\"https:\\\/\\\/heihuyzen.be\\\/fr\\\/\"},{\"@type\":\"ListItem\",\"position\":2,\"name\":\"Boutique\",\"item\":\"https:\\\/\\\/heihuyzen.be\\\/fr\\\/boutique\\\/\"},{\"@type\":\"ListItem\",\"position\":3,\"name\":\"M-Cask \u2013 Whisky single malt \u2013 500 ml \u2013 43 % vol.\"}]},{\"@type\":\"WebSite\",\"@id\":\"https:\\\/\\\/heihuyzen.be\\\/fr\\\/#website\",\"url\":\"https:\\\/\\\/heihuyzen.be\\\/fr\\\/\",\"name\":\"Heihuyzen\",\"description\":\"Private Stichting en Domein\",\"publisher\":{\"@id\":\"https:\\\/\\\/heihuyzen.be\\\/fr\\\/#organization\"},\"potentialAction\":[{\"@type\":\"SearchAction\",\"target\":{\"@type\":\"EntryPoint\",\"urlTemplate\":\"https:\\\/\\\/heihuyzen.be\\\/fr\\\/?s={search_term_string}\"},\"query-input\":{\"@type\":\"PropertyValueSpecification\",\"valueRequired\":true,\"valueName\":\"search_term_string\"}}],\"inLanguage\":\"fr-FR\"},{\"@type\":\"Organization\",\"@id\":\"https:\\\/\\\/heihuyzen.be\\\/fr\\\/#organization\",\"name\":\"Heihuyzen\",\"url\":\"https:\\\/\\\/heihuyzen.be\\\/fr\\\/\",\"logo\":{\"@type\":\"ImageObject\",\"inLanguage\":\"fr-FR\",\"@id\":\"https:\\\/\\\/heihuyzen.be\\\/fr\\\/#\\\/schema\\\/logo\\\/image\\\/\",\"url\":\"https:\\\/\\\/heihuyzen.be\\\/wp-content\\\/uploads\\\/2025\\\/09\\\/cropped-logo-heihuyzen-2025.png\",\"contentUrl\":\"https:\\\/\\\/heihuyzen.be\\\/wp-content\\\/uploads\\\/2025\\\/09\\\/cropped-logo-heihuyzen-2025.png\",\"width\":809,\"height\":724,\"caption\":\"Heihuyzen\"},\"image\":{\"@id\":\"https:\\\/\\\/heihuyzen.be\\\/fr\\\/#\\\/schema\\\/logo\\\/image\\\/\"},\"sameAs\":[\"https:\\\/\\\/www.facebook.com\\\/heihuyzen\\\/\",\"https:\\\/\\\/www.instagram.com\\\/heihuyzen\\\/\"]}]}<\/script>\n<!-- \/ Yoast SEO plugin. -->","yoast_head_json":{"title":"M-Cask \u2013 Whisky single malt \u2013 500 ml \u2013 43 % vol. - Heihuyzen","robots":{"index":"index","follow":"follow","max-snippet":"max-snippet:-1","max-image-preview":"max-image-preview:large","max-video-preview":"max-video-preview:-1"},"canonical":"https:\/\/heihuyzen.be\/fr\/produit\/m-cask-single-malt-whisky-500ml-43-vol\/","og_locale":"fr_FR","og_type":"article","og_title":"M-Cask \u2013 Whisky single malt \u2013 500 ml \u2013 43 % vol. - Heihuyzen","og_description":"Single malt \u2013 Single barrel \u2013 \u00c9dition limit\u00e9e Le M-cask est une cr\u00e9ation unique du Domaine Heihuyzen : un whisky single malt artisanal vieilli pendant quatre ans dans des f\u00fbts de ch\u00eane ayant pr\u00e9c\u00e9demment servi \u00e0 la maturation de notre propre geni\u00e8vre Mastentoppen. Gr\u00e2ce \u00e0 ce vieillissement particulier en f\u00fbt, le M-cask a d\u00e9velopp\u00e9 un [&hellip;]","og_url":"https:\/\/heihuyzen.be\/fr\/produit\/m-cask-single-malt-whisky-500ml-43-vol\/","og_site_name":"Heihuyzen","article_publisher":"https:\/\/www.facebook.com\/heihuyzen\/","article_modified_time":"2025-12-16T22:51:46+00:00","og_image":[{"width":1920,"height":2560,"url":"https:\/\/heihuyzen.be\/wp-content\/uploads\/2025\/09\/IMG_5841-scaled-1.jpeg","type":"image\/jpeg"}],"twitter_card":"summary_large_image","twitter_misc":{"Dur\u00e9e de lecture estim\u00e9e":"1 minute"},"schema":{"@context":"https:\/\/schema.org","@graph":[{"@type":"WebPage","@id":"https:\/\/heihuyzen.be\/fr\/produit\/m-cask-single-malt-whisky-500ml-43-vol\/","url":"https:\/\/heihuyzen.be\/fr\/produit\/m-cask-single-malt-whisky-500ml-43-vol\/","name":"M-Cask \u2013 Whisky single malt \u2013 500 ml \u2013 43 % vol. - Heihuyzen","isPartOf":{"@id":"https:\/\/heihuyzen.be\/fr\/#website"},"primaryImageOfPage":{"@id":"https:\/\/heihuyzen.be\/fr\/produit\/m-cask-single-malt-whisky-500ml-43-vol\/#primaryimage"},"image":{"@id":"https:\/\/heihuyzen.be\/fr\/produit\/m-cask-single-malt-whisky-500ml-43-vol\/#primaryimage"},"thumbnailUrl":"https:\/\/heihuyzen.be\/wp-content\/uploads\/2025\/09\/IMG_5841-scaled-1.jpeg","datePublished":"2025-09-21T17:52:04+00:00","dateModified":"2025-12-16T22:51:46+00:00","breadcrumb":{"@id":"https:\/\/heihuyzen.be\/fr\/produit\/m-cask-single-malt-whisky-500ml-43-vol\/#breadcrumb"},"inLanguage":"fr-FR","potentialAction":[{"@type":"ReadAction","target":["https:\/\/heihuyzen.be\/fr\/produit\/m-cask-single-malt-whisky-500ml-43-vol\/"]}]},{"@type":"ImageObject","inLanguage":"fr-FR","@id":"https:\/\/heihuyzen.be\/fr\/produit\/m-cask-single-malt-whisky-500ml-43-vol\/#primaryimage","url":"https:\/\/heihuyzen.be\/wp-content\/uploads\/2025\/09\/IMG_5841-scaled-1.jpeg","contentUrl":"https:\/\/heihuyzen.be\/wp-content\/uploads\/2025\/09\/IMG_5841-scaled-1.jpeg","width":1920,"height":2560},{"@type":"BreadcrumbList","@id":"https:\/\/heihuyzen.be\/fr\/produit\/m-cask-single-malt-whisky-500ml-43-vol\/#breadcrumb","itemListElement":[{"@type":"ListItem","position":1,"name":"Accueil","item":"https:\/\/heihuyzen.be\/fr\/"},{"@type":"ListItem","position":2,"name":"Boutique","item":"https:\/\/heihuyzen.be\/fr\/boutique\/"},{"@type":"ListItem","position":3,"name":"M-Cask \u2013 Whisky single malt \u2013 500 ml \u2013 43 % vol."}]},{"@type":"WebSite","@id":"https:\/\/heihuyzen.be\/fr\/#website","url":"https:\/\/heihuyzen.be\/fr\/","name":"Heihuyzen","description":"Private Stichting en Domein","publisher":{"@id":"https:\/\/heihuyzen.be\/fr\/#organization"},"potentialAction":[{"@type":"SearchAction","target":{"@type":"EntryPoint","urlTemplate":"https:\/\/heihuyzen.be\/fr\/?s={search_term_string}"},"query-input":{"@type":"PropertyValueSpecification","valueRequired":true,"valueName":"search_term_string"}}],"inLanguage":"fr-FR"},{"@type":"Organization","@id":"https:\/\/heihuyzen.be\/fr\/#organization","name":"Heihuyzen","url":"https:\/\/heihuyzen.be\/fr\/","logo":{"@type":"ImageObject","inLanguage":"fr-FR","@id":"https:\/\/heihuyzen.be\/fr\/#\/schema\/logo\/image\/","url":"https:\/\/heihuyzen.be\/wp-content\/uploads\/2025\/09\/cropped-logo-heihuyzen-2025.png","contentUrl":"https:\/\/heihuyzen.be\/wp-content\/uploads\/2025\/09\/cropped-logo-heihuyzen-2025.png","width":809,"height":724,"caption":"Heihuyzen"},"image":{"@id":"https:\/\/heihuyzen.be\/fr\/#\/schema\/logo\/image\/"},"sameAs":["https:\/\/www.facebook.com\/heihuyzen\/","https:\/\/www.instagram.com\/heihuyzen\/"]}]}},"jetpack_publicize_connections":[],"jetpack_sharing_enabled":true,"_links":{"self":[{"href":"https:\/\/heihuyzen.be\/fr\/wp-json\/wp\/v2\/product\/8790","targetHints":{"allow":["GET"]}}],"collection":[{"href":"https:\/\/heihuyzen.be\/fr\/wp-json\/wp\/v2\/product"}],"about":[{"href":"https:\/\/heihuyzen.be\/fr\/wp-json\/wp\/v2\/types\/product"}],"replies":[{"embeddable":true,"href":"https:\/\/heihuyzen.be\/fr\/wp-json\/wp\/v2\/comments?post=8790"}],"wp:featuredmedia":[{"embeddable":true,"href":"https:\/\/heihuyzen.be\/fr\/wp-json\/wp\/v2\/media\/8791"}],"wp:attachment":[{"href":"https:\/\/heihuyzen.be\/fr\/wp-json\/wp\/v2\/media?parent=8790"}],"wp:term":[{"taxonomy":"product_brand","embeddable":true,"href":"https:\/\/heihuyzen.be\/fr\/wp-json\/wp\/v2\/product_brand?post=8790"},{"taxonomy":"product_cat","embeddable":true,"href":"https:\/\/heihuyzen.be\/fr\/wp-json\/wp\/v2\/product_cat?post=8790"},{"taxonomy":"product_tag","embeddable":true,"href":"https:\/\/heihuyzen.be\/fr\/wp-json\/wp\/v2\/product_tag?post=8790"}],"curies":[{"name":"wp","href":"https:\/\/api.w.org\/{rel}","templated":true}]}}