{"id":8794,"date":"2025-09-21T17:52:04","date_gmt":"2025-09-21T17:52:04","guid":{"rendered":"https:\/\/heihuyzen.be\/product\/champagne-cuvee-heihuyzen-2022-blanc-de-blanc-70cl\/"},"modified":"2025-12-16T22:52:06","modified_gmt":"2025-12-16T22:52:06","slug":"champagne-cuvee-heihuyzen-2022-blanc-de-blanc-70cl","status":"publish","type":"product","link":"https:\/\/heihuyzen.be\/fr\/produit\/champagne-cuvee-heihuyzen-2022-blanc-de-blanc-70cl\/","title":{"rendered":"Champagne cuv\u00e9e Heihuyzen 2022 &#8211; blanc de blancs 70 cl"},"content":{"rendered":"<h3><b>Cuv\u00e9e Heihuyzen<\/b><\/h3>\n<p class=\"p3\"><b>Un morceau de Champagne, avec l&rsquo;\u00e2me de Heihuyzen<\/b><b><\/b><\/p>\n<p class=\"p4\">Gr\u00e2ce \u00e0 une collaboration exceptionnelle avec un domaine champenois ami en France, nous avons le privil\u00e8ge unique de proposer chaque ann\u00e9e un nombre limit\u00e9 de bouteilles sous notre propre nom. Ainsi est n\u00e9e la <span class=\"s2\"><b>Cuv\u00e9e Heihuyzen<\/b><\/span> : un champagne qui refl\u00e8te notre identit\u00e9 et honore \u00e0 la fois la tradition et le savoir-faire de la r\u00e9gion Champagne.<\/p>\n<p class=\"p4\">Ce <span class=\"s2\"><b>Blanc de Blancs<\/b><\/span> est un v\u00e9ritable champagne, pas un simple vin mousseux. \u00c9labor\u00e9 \u00e0 partir de <span class=\"s2\"><b>100 % de raisins Chardonnay<\/b><\/span>, et enti\u00e8rement produit et mis en bouteille au c\u0153ur de la Champagne, selon les r\u00e8gles de l&rsquo;appellation.<\/p>\n<p class=\"p4\">Le r\u00e9sultat&nbsp;? Un champagne \u00e9l\u00e9gant et raffin\u00e9, avec une touche min\u00e9rale fra\u00eeche et une subtile complexit\u00e9. Id\u00e9al pour les moments festifs, les occasions sp\u00e9ciales ou simplement pour savourer une coupe pleine de finesse fran\u00e7aise.<\/p>\n<p class=\"p4\">Avec la <span class=\"s2\"><b>Cuv\u00e9e Heihuyzen<\/b><\/span>, nous apportons un morceau d&rsquo;artisanat et de tradition \u00e0 notre propre table \u2013 une traduction savoureuse de l&rsquo;attachement, de la qualit\u00e9 et de la classe.<\/p>\n<blockquote><p><i>Disponibilit\u00e9 limit\u00e9e \u2013 exclusivement sous le nom Heihuyzen.<\/i><\/p><\/blockquote>\n","protected":false},"excerpt":{"rendered":"<p>Cuv\u00e9e Heihuyzen Un morceau de Champagne, avec l&rsquo;\u00e2me de Heihuyzen Gr\u00e2ce \u00e0 une collaboration exceptionnelle avec un domaine champenois ami en France, nous avons le privil\u00e8ge unique de proposer chaque ann\u00e9e un nombre limit\u00e9 de bouteilles sous notre propre nom. Ainsi est n\u00e9e la Cuv\u00e9e Heihuyzen : un champagne qui refl\u00e8te notre identit\u00e9 et honore [&hellip;]<\/p>\n","protected":false},"featured_media":8795,"comment_status":"closed","ping_status":"closed","template":"","meta":{"jetpack_publicize_message":"","jetpack_publicize_feature_enabled":true,"jetpack_social_post_already_shared":false,"jetpack_social_options":{"image_generator_settings":{"template":"highway","default_image_id":0,"font":"","enabled":false},"version":2}},"product_brand":[164],"product_cat":[240],"product_tag":[241,199],"class_list":{"0":"post-8794","1":"product","2":"type-product","3":"status-publish","4":"has-post-thumbnail","6":"product_brand-heihuyzen","7":"product_cat-champagne","8":"product_tag-champagne","9":"product_tag-heihuyzen","10":"product_shipping_class-1-bouteille","12":"first","13":"instock","14":"sale","15":"taxable","16":"shipping-taxable","17":"purchasable","18":"product-type-simple"},"yoast_head":"<!-- This site is optimized with the Yoast SEO plugin v27.4 - https:\/\/yoast.com\/product\/yoast-seo-wordpress\/ -->\n<title>Champagne cuv\u00e9e Heihuyzen 2022 - blanc de blancs 70 cl - Heihuyzen<\/title>\n<meta name=\"robots\" content=\"index, follow, max-snippet:-1, max-image-preview:large, max-video-preview:-1\" \/>\n<link rel=\"canonical\" href=\"https:\/\/heihuyzen.be\/fr\/produit\/champagne-cuvee-heihuyzen-2022-blanc-de-blanc-70cl\/\" \/>\n<meta property=\"og:locale\" content=\"fr_FR\" \/>\n<meta property=\"og:type\" content=\"article\" \/>\n<meta property=\"og:title\" content=\"Champagne cuv\u00e9e Heihuyzen 2022 - blanc de blancs 70 cl - Heihuyzen\" \/>\n<meta property=\"og:description\" content=\"Cuv\u00e9e Heihuyzen Un morceau de Champagne, avec l&rsquo;\u00e2me de Heihuyzen Gr\u00e2ce \u00e0 une collaboration exceptionnelle avec un domaine champenois ami en France, nous avons le privil\u00e8ge unique de proposer chaque ann\u00e9e un nombre limit\u00e9 de bouteilles sous notre propre nom. Ainsi est n\u00e9e la Cuv\u00e9e Heihuyzen : un champagne qui refl\u00e8te notre identit\u00e9 et honore [&hellip;]\" \/>\n<meta property=\"og:url\" content=\"https:\/\/heihuyzen.be\/fr\/produit\/champagne-cuvee-heihuyzen-2022-blanc-de-blanc-70cl\/\" \/>\n<meta property=\"og:site_name\" content=\"Heihuyzen\" \/>\n<meta property=\"article:publisher\" content=\"https:\/\/www.facebook.com\/heihuyzen\/\" \/>\n<meta property=\"article:modified_time\" content=\"2025-12-16T22:52:06+00:00\" \/>\n<meta property=\"og:image\" content=\"https:\/\/heihuyzen.be\/wp-content\/uploads\/2025\/09\/IMG_5945-scaled-1.jpeg\" \/>\n\t<meta property=\"og:image:width\" content=\"1920\" \/>\n\t<meta property=\"og:image:height\" content=\"2560\" \/>\n\t<meta property=\"og:image:type\" content=\"image\/jpeg\" \/>\n<meta name=\"twitter:card\" content=\"summary_large_image\" \/>\n<meta name=\"twitter:label1\" content=\"Dur\u00e9e de lecture estim\u00e9e\" \/>\n\t<meta name=\"twitter:data1\" content=\"1 minute\" \/>\n<script type=\"application\/ld+json\" class=\"yoast-schema-graph\">{\"@context\":\"https:\\\/\\\/schema.org\",\"@graph\":[{\"@type\":\"WebPage\",\"@id\":\"https:\\\/\\\/heihuyzen.be\\\/fr\\\/produit\\\/champagne-cuvee-heihuyzen-2022-blanc-de-blanc-70cl\\\/\",\"url\":\"https:\\\/\\\/heihuyzen.be\\\/fr\\\/produit\\\/champagne-cuvee-heihuyzen-2022-blanc-de-blanc-70cl\\\/\",\"name\":\"Champagne cuv\u00e9e Heihuyzen 2022 - blanc de blancs 70 cl - Heihuyzen\",\"isPartOf\":{\"@id\":\"https:\\\/\\\/heihuyzen.be\\\/fr\\\/#website\"},\"primaryImageOfPage\":{\"@id\":\"https:\\\/\\\/heihuyzen.be\\\/fr\\\/produit\\\/champagne-cuvee-heihuyzen-2022-blanc-de-blanc-70cl\\\/#primaryimage\"},\"image\":{\"@id\":\"https:\\\/\\\/heihuyzen.be\\\/fr\\\/produit\\\/champagne-cuvee-heihuyzen-2022-blanc-de-blanc-70cl\\\/#primaryimage\"},\"thumbnailUrl\":\"https:\\\/\\\/heihuyzen.be\\\/wp-content\\\/uploads\\\/2025\\\/09\\\/IMG_5945-scaled-1.jpeg\",\"datePublished\":\"2025-09-21T17:52:04+00:00\",\"dateModified\":\"2025-12-16T22:52:06+00:00\",\"breadcrumb\":{\"@id\":\"https:\\\/\\\/heihuyzen.be\\\/fr\\\/produit\\\/champagne-cuvee-heihuyzen-2022-blanc-de-blanc-70cl\\\/#breadcrumb\"},\"inLanguage\":\"fr-FR\",\"potentialAction\":[{\"@type\":\"ReadAction\",\"target\":[\"https:\\\/\\\/heihuyzen.be\\\/fr\\\/produit\\\/champagne-cuvee-heihuyzen-2022-blanc-de-blanc-70cl\\\/\"]}]},{\"@type\":\"ImageObject\",\"inLanguage\":\"fr-FR\",\"@id\":\"https:\\\/\\\/heihuyzen.be\\\/fr\\\/produit\\\/champagne-cuvee-heihuyzen-2022-blanc-de-blanc-70cl\\\/#primaryimage\",\"url\":\"https:\\\/\\\/heihuyzen.be\\\/wp-content\\\/uploads\\\/2025\\\/09\\\/IMG_5945-scaled-1.jpeg\",\"contentUrl\":\"https:\\\/\\\/heihuyzen.be\\\/wp-content\\\/uploads\\\/2025\\\/09\\\/IMG_5945-scaled-1.jpeg\",\"width\":1920,\"height\":2560},{\"@type\":\"BreadcrumbList\",\"@id\":\"https:\\\/\\\/heihuyzen.be\\\/fr\\\/produit\\\/champagne-cuvee-heihuyzen-2022-blanc-de-blanc-70cl\\\/#breadcrumb\",\"itemListElement\":[{\"@type\":\"ListItem\",\"position\":1,\"name\":\"Accueil\",\"item\":\"https:\\\/\\\/heihuyzen.be\\\/fr\\\/\"},{\"@type\":\"ListItem\",\"position\":2,\"name\":\"Boutique\",\"item\":\"https:\\\/\\\/heihuyzen.be\\\/fr\\\/boutique\\\/\"},{\"@type\":\"ListItem\",\"position\":3,\"name\":\"Champagne cuv\u00e9e Heihuyzen 2022 &#8211; blanc de blancs 70 cl\"}]},{\"@type\":\"WebSite\",\"@id\":\"https:\\\/\\\/heihuyzen.be\\\/fr\\\/#website\",\"url\":\"https:\\\/\\\/heihuyzen.be\\\/fr\\\/\",\"name\":\"Heihuyzen\",\"description\":\"Private Stichting en Domein\",\"publisher\":{\"@id\":\"https:\\\/\\\/heihuyzen.be\\\/fr\\\/#organization\"},\"potentialAction\":[{\"@type\":\"SearchAction\",\"target\":{\"@type\":\"EntryPoint\",\"urlTemplate\":\"https:\\\/\\\/heihuyzen.be\\\/fr\\\/?s={search_term_string}\"},\"query-input\":{\"@type\":\"PropertyValueSpecification\",\"valueRequired\":true,\"valueName\":\"search_term_string\"}}],\"inLanguage\":\"fr-FR\"},{\"@type\":\"Organization\",\"@id\":\"https:\\\/\\\/heihuyzen.be\\\/fr\\\/#organization\",\"name\":\"Heihuyzen\",\"url\":\"https:\\\/\\\/heihuyzen.be\\\/fr\\\/\",\"logo\":{\"@type\":\"ImageObject\",\"inLanguage\":\"fr-FR\",\"@id\":\"https:\\\/\\\/heihuyzen.be\\\/fr\\\/#\\\/schema\\\/logo\\\/image\\\/\",\"url\":\"https:\\\/\\\/heihuyzen.be\\\/wp-content\\\/uploads\\\/2025\\\/09\\\/cropped-logo-heihuyzen-2025.png\",\"contentUrl\":\"https:\\\/\\\/heihuyzen.be\\\/wp-content\\\/uploads\\\/2025\\\/09\\\/cropped-logo-heihuyzen-2025.png\",\"width\":809,\"height\":724,\"caption\":\"Heihuyzen\"},\"image\":{\"@id\":\"https:\\\/\\\/heihuyzen.be\\\/fr\\\/#\\\/schema\\\/logo\\\/image\\\/\"},\"sameAs\":[\"https:\\\/\\\/www.facebook.com\\\/heihuyzen\\\/\",\"https:\\\/\\\/www.instagram.com\\\/heihuyzen\\\/\"]}]}<\/script>\n<!-- \/ Yoast SEO plugin. -->","yoast_head_json":{"title":"Champagne cuv\u00e9e Heihuyzen 2022 - blanc de blancs 70 cl - Heihuyzen","robots":{"index":"index","follow":"follow","max-snippet":"max-snippet:-1","max-image-preview":"max-image-preview:large","max-video-preview":"max-video-preview:-1"},"canonical":"https:\/\/heihuyzen.be\/fr\/produit\/champagne-cuvee-heihuyzen-2022-blanc-de-blanc-70cl\/","og_locale":"fr_FR","og_type":"article","og_title":"Champagne cuv\u00e9e Heihuyzen 2022 - blanc de blancs 70 cl - Heihuyzen","og_description":"Cuv\u00e9e Heihuyzen Un morceau de Champagne, avec l&rsquo;\u00e2me de Heihuyzen Gr\u00e2ce \u00e0 une collaboration exceptionnelle avec un domaine champenois ami en France, nous avons le privil\u00e8ge unique de proposer chaque ann\u00e9e un nombre limit\u00e9 de bouteilles sous notre propre nom. Ainsi est n\u00e9e la Cuv\u00e9e Heihuyzen : un champagne qui refl\u00e8te notre identit\u00e9 et honore [&hellip;]","og_url":"https:\/\/heihuyzen.be\/fr\/produit\/champagne-cuvee-heihuyzen-2022-blanc-de-blanc-70cl\/","og_site_name":"Heihuyzen","article_publisher":"https:\/\/www.facebook.com\/heihuyzen\/","article_modified_time":"2025-12-16T22:52:06+00:00","og_image":[{"width":1920,"height":2560,"url":"https:\/\/heihuyzen.be\/wp-content\/uploads\/2025\/09\/IMG_5945-scaled-1.jpeg","type":"image\/jpeg"}],"twitter_card":"summary_large_image","twitter_misc":{"Dur\u00e9e de lecture estim\u00e9e":"1 minute"},"schema":{"@context":"https:\/\/schema.org","@graph":[{"@type":"WebPage","@id":"https:\/\/heihuyzen.be\/fr\/produit\/champagne-cuvee-heihuyzen-2022-blanc-de-blanc-70cl\/","url":"https:\/\/heihuyzen.be\/fr\/produit\/champagne-cuvee-heihuyzen-2022-blanc-de-blanc-70cl\/","name":"Champagne cuv\u00e9e Heihuyzen 2022 - blanc de blancs 70 cl - Heihuyzen","isPartOf":{"@id":"https:\/\/heihuyzen.be\/fr\/#website"},"primaryImageOfPage":{"@id":"https:\/\/heihuyzen.be\/fr\/produit\/champagne-cuvee-heihuyzen-2022-blanc-de-blanc-70cl\/#primaryimage"},"image":{"@id":"https:\/\/heihuyzen.be\/fr\/produit\/champagne-cuvee-heihuyzen-2022-blanc-de-blanc-70cl\/#primaryimage"},"thumbnailUrl":"https:\/\/heihuyzen.be\/wp-content\/uploads\/2025\/09\/IMG_5945-scaled-1.jpeg","datePublished":"2025-09-21T17:52:04+00:00","dateModified":"2025-12-16T22:52:06+00:00","breadcrumb":{"@id":"https:\/\/heihuyzen.be\/fr\/produit\/champagne-cuvee-heihuyzen-2022-blanc-de-blanc-70cl\/#breadcrumb"},"inLanguage":"fr-FR","potentialAction":[{"@type":"ReadAction","target":["https:\/\/heihuyzen.be\/fr\/produit\/champagne-cuvee-heihuyzen-2022-blanc-de-blanc-70cl\/"]}]},{"@type":"ImageObject","inLanguage":"fr-FR","@id":"https:\/\/heihuyzen.be\/fr\/produit\/champagne-cuvee-heihuyzen-2022-blanc-de-blanc-70cl\/#primaryimage","url":"https:\/\/heihuyzen.be\/wp-content\/uploads\/2025\/09\/IMG_5945-scaled-1.jpeg","contentUrl":"https:\/\/heihuyzen.be\/wp-content\/uploads\/2025\/09\/IMG_5945-scaled-1.jpeg","width":1920,"height":2560},{"@type":"BreadcrumbList","@id":"https:\/\/heihuyzen.be\/fr\/produit\/champagne-cuvee-heihuyzen-2022-blanc-de-blanc-70cl\/#breadcrumb","itemListElement":[{"@type":"ListItem","position":1,"name":"Accueil","item":"https:\/\/heihuyzen.be\/fr\/"},{"@type":"ListItem","position":2,"name":"Boutique","item":"https:\/\/heihuyzen.be\/fr\/boutique\/"},{"@type":"ListItem","position":3,"name":"Champagne cuv\u00e9e Heihuyzen 2022 &#8211; blanc de blancs 70 cl"}]},{"@type":"WebSite","@id":"https:\/\/heihuyzen.be\/fr\/#website","url":"https:\/\/heihuyzen.be\/fr\/","name":"Heihuyzen","description":"Private Stichting en Domein","publisher":{"@id":"https:\/\/heihuyzen.be\/fr\/#organization"},"potentialAction":[{"@type":"SearchAction","target":{"@type":"EntryPoint","urlTemplate":"https:\/\/heihuyzen.be\/fr\/?s={search_term_string}"},"query-input":{"@type":"PropertyValueSpecification","valueRequired":true,"valueName":"search_term_string"}}],"inLanguage":"fr-FR"},{"@type":"Organization","@id":"https:\/\/heihuyzen.be\/fr\/#organization","name":"Heihuyzen","url":"https:\/\/heihuyzen.be\/fr\/","logo":{"@type":"ImageObject","inLanguage":"fr-FR","@id":"https:\/\/heihuyzen.be\/fr\/#\/schema\/logo\/image\/","url":"https:\/\/heihuyzen.be\/wp-content\/uploads\/2025\/09\/cropped-logo-heihuyzen-2025.png","contentUrl":"https:\/\/heihuyzen.be\/wp-content\/uploads\/2025\/09\/cropped-logo-heihuyzen-2025.png","width":809,"height":724,"caption":"Heihuyzen"},"image":{"@id":"https:\/\/heihuyzen.be\/fr\/#\/schema\/logo\/image\/"},"sameAs":["https:\/\/www.facebook.com\/heihuyzen\/","https:\/\/www.instagram.com\/heihuyzen\/"]}]}},"jetpack_publicize_connections":[],"jetpack_sharing_enabled":true,"_links":{"self":[{"href":"https:\/\/heihuyzen.be\/fr\/wp-json\/wp\/v2\/product\/8794","targetHints":{"allow":["GET"]}}],"collection":[{"href":"https:\/\/heihuyzen.be\/fr\/wp-json\/wp\/v2\/product"}],"about":[{"href":"https:\/\/heihuyzen.be\/fr\/wp-json\/wp\/v2\/types\/product"}],"replies":[{"embeddable":true,"href":"https:\/\/heihuyzen.be\/fr\/wp-json\/wp\/v2\/comments?post=8794"}],"wp:featuredmedia":[{"embeddable":true,"href":"https:\/\/heihuyzen.be\/fr\/wp-json\/wp\/v2\/media\/8795"}],"wp:attachment":[{"href":"https:\/\/heihuyzen.be\/fr\/wp-json\/wp\/v2\/media?parent=8794"}],"wp:term":[{"taxonomy":"product_brand","embeddable":true,"href":"https:\/\/heihuyzen.be\/fr\/wp-json\/wp\/v2\/product_brand?post=8794"},{"taxonomy":"product_cat","embeddable":true,"href":"https:\/\/heihuyzen.be\/fr\/wp-json\/wp\/v2\/product_cat?post=8794"},{"taxonomy":"product_tag","embeddable":true,"href":"https:\/\/heihuyzen.be\/fr\/wp-json\/wp\/v2\/product_tag?post=8794"}],"curies":[{"name":"wp","href":"https:\/\/api.w.org\/{rel}","templated":true}]}}