{"id":8798,"date":"2025-09-21T17:52:04","date_gmt":"2025-09-21T17:52:04","guid":{"rendered":"https:\/\/heihuyzen.be\/product\/champagne-cuvee-heihuyzen-2022-blanc-de-noir-rose-70cl\/"},"modified":"2025-12-16T22:52:05","modified_gmt":"2025-12-16T22:52:05","slug":"champagne-cuvee-heihuyzen-2022-blanc-de-noir-rose-70cl","status":"publish","type":"product","link":"https:\/\/heihuyzen.be\/fr\/produit\/champagne-cuvee-heihuyzen-2022-blanc-de-noir-rose-70cl\/","title":{"rendered":"Champagne cuv\u00e9e Heihuyzen 2022 &#8211; blanc de noir ros\u00e9 70cl"},"content":{"rendered":"<h3><b>Cuv\u00e9e Heihuyzen \u2013 Blanc de Noirs Ros\u00e9 Saign\u00e9e<\/b><\/h3>\n<p class=\"p3\"><b>Puissance, finesse et une histoire de collaboration<\/b><b><\/b><\/p>\n<p class=\"p4\">Gr\u00e2ce \u00e0 une collaboration exceptionnelle avec un domaine champenois ami en France, nous avons chaque ann\u00e9e l&rsquo;opportunit\u00e9 unique de proposer une s\u00e9lection exclusive de bouteilles sous notre propre nom. C&rsquo;est ainsi qu&rsquo;est n\u00e9e la <span class=\"s2\"><b>Cuv\u00e9e Heihuyzen<\/b><\/span>, un champagne qui porte non seulement notre nom, mais qui raconte aussi une histoire de savoir-faire, de terroir et de confiance.<\/p>\n<p class=\"p4\">Ce <span class=\"s2\"><b>v\u00e9ritable champagne<\/b><\/span> est produit selon les r\u00e8gles strictes de l&rsquo;<span class=\"s2\"><b>appellation d\u2019origine contr\u00f4l\u00e9e (AOC)<\/b><\/span> au c\u0153ur de la r\u00e9gion Champagne. Il y est \u00e9labor\u00e9 avec le plus grand soin et ferment\u00e9 traditionnellement en bouteille, ce qui lui permet de conserver sa finesse, son \u00e9l\u00e9gance et sa qualit\u00e9 p\u00e9tillante.<\/p>\n<p class=\"p4\">La <span class=\"s2\"><b>Cuv\u00e9e Heihuyzen<\/b><\/span> est un <span class=\"s2\"><b>Blanc de Noirs ros\u00e9 saign\u00e9e<\/b><\/span> \u2013 \u00e9labor\u00e9 \u00e0 partir de 100 % de raisins noirs&nbsp;: <span class=\"s2\"><b>Pinot Noir<\/b><\/span> et <span class=\"s2\"><b>Pinot Meunier<\/b><\/span>. Une courte mac\u00e9ration pelliculaire permet d&rsquo;obtenir une couleur ros\u00e9 naturelle, avec des ar\u00f4mes intenses de fruits rouges, une structure puissante et, en m\u00eame temps, une finale fra\u00eeche et vive.<\/p>\n<p class=\"p4\">Le r\u00e9sultat&nbsp;? Un champagne de caract\u00e8re&nbsp;:<\/p>\n<p class=\"p4\">\ud83c\udf53 fruit\u00e9 et riche<\/p>\n<p class=\"p4\">\ud83c\udf7e frais et \u00e9quilibr\u00e9<\/p>\n<p class=\"p4\">\ud83e\udd42 \u00e9l\u00e9gant et expressif \u2013 parfait pour les moments festifs ou comme cadeau sp\u00e9cial<\/p>\n<p class=\"p4\">Avec cette cuv\u00e9e, nous apportons un morceau de tradition fran\u00e7aise au Domaine Heihuyzen. Alors que notre <span class=\"s2\"><b>Blanc de Blancs<\/b><\/span> rayonne de finesse et de subtilit\u00e9, ce ros\u00e9 <span class=\"s2\"><b>Blanc de Noirs<\/b><\/span> est synonyme de chaleur, de profondeur et de puissance. Deux personnalit\u00e9s, une seule signature.<\/p>\n<blockquote><p><i>Go\u00fbtez la finesse de Heihuyzen \u2013 en ros\u00e9.<\/i><\/p><\/blockquote>\n<p class=\"p1\"><span class=\"s1\">\ud83d\uded1 <\/span><b>Vous devez avoir au moins 18 ans pour acheter ou consommer de l&rsquo;alcool.<\/b><b><\/b><\/p>\n","protected":false},"excerpt":{"rendered":"<p>Cuv\u00e9e Heihuyzen \u2013 Blanc de Noirs Ros\u00e9 Saign\u00e9e Puissance, finesse et une histoire de collaboration Gr\u00e2ce \u00e0 une collaboration exceptionnelle avec un domaine champenois ami en France, nous avons chaque ann\u00e9e l&rsquo;opportunit\u00e9 unique de proposer une s\u00e9lection exclusive de bouteilles sous notre propre nom. C&rsquo;est ainsi qu&rsquo;est n\u00e9e la Cuv\u00e9e Heihuyzen, un champagne qui porte [&hellip;]<\/p>\n","protected":false},"featured_media":8799,"comment_status":"closed","ping_status":"closed","template":"","meta":{"jetpack_publicize_message":"","jetpack_publicize_feature_enabled":true,"jetpack_social_post_already_shared":false,"jetpack_social_options":{"image_generator_settings":{"template":"highway","default_image_id":0,"font":"","enabled":false},"version":2}},"product_brand":[164],"product_cat":[240],"product_tag":[241,199],"class_list":{"0":"post-8798","1":"product","2":"type-product","3":"status-publish","4":"has-post-thumbnail","6":"product_brand-heihuyzen","7":"product_cat-champagne","8":"product_tag-champagne","9":"product_tag-heihuyzen","10":"product_shipping_class-1-bouteille","12":"first","13":"instock","14":"sale","15":"taxable","16":"shipping-taxable","17":"purchasable","18":"product-type-simple"},"yoast_head":"<!-- This site is optimized with the Yoast SEO plugin v27.4 - https:\/\/yoast.com\/product\/yoast-seo-wordpress\/ -->\n<title>Champagne cuv\u00e9e Heihuyzen 2022 - blanc de noir ros\u00e9 70cl - Heihuyzen<\/title>\n<meta name=\"robots\" content=\"index, follow, max-snippet:-1, max-image-preview:large, max-video-preview:-1\" \/>\n<link rel=\"canonical\" href=\"https:\/\/heihuyzen.be\/fr\/produit\/champagne-cuvee-heihuyzen-2022-blanc-de-noir-rose-70cl\/\" \/>\n<meta property=\"og:locale\" content=\"fr_FR\" \/>\n<meta property=\"og:type\" content=\"article\" \/>\n<meta property=\"og:title\" content=\"Champagne cuv\u00e9e Heihuyzen 2022 - blanc de noir ros\u00e9 70cl - Heihuyzen\" \/>\n<meta property=\"og:description\" content=\"Cuv\u00e9e Heihuyzen \u2013 Blanc de Noirs Ros\u00e9 Saign\u00e9e Puissance, finesse et une histoire de collaboration Gr\u00e2ce \u00e0 une collaboration exceptionnelle avec un domaine champenois ami en France, nous avons chaque ann\u00e9e l&rsquo;opportunit\u00e9 unique de proposer une s\u00e9lection exclusive de bouteilles sous notre propre nom. C&rsquo;est ainsi qu&rsquo;est n\u00e9e la Cuv\u00e9e Heihuyzen, un champagne qui porte [&hellip;]\" \/>\n<meta property=\"og:url\" content=\"https:\/\/heihuyzen.be\/fr\/produit\/champagne-cuvee-heihuyzen-2022-blanc-de-noir-rose-70cl\/\" \/>\n<meta property=\"og:site_name\" content=\"Heihuyzen\" \/>\n<meta property=\"article:publisher\" content=\"https:\/\/www.facebook.com\/heihuyzen\/\" \/>\n<meta property=\"article:modified_time\" content=\"2025-12-16T22:52:05+00:00\" \/>\n<meta property=\"og:image\" content=\"https:\/\/heihuyzen.be\/wp-content\/uploads\/2025\/09\/IMG_5941-scaled-1.jpeg\" \/>\n\t<meta property=\"og:image:width\" content=\"1920\" \/>\n\t<meta property=\"og:image:height\" content=\"2560\" \/>\n\t<meta property=\"og:image:type\" content=\"image\/jpeg\" \/>\n<meta name=\"twitter:card\" content=\"summary_large_image\" \/>\n<meta name=\"twitter:label1\" content=\"Dur\u00e9e de lecture estim\u00e9e\" \/>\n\t<meta name=\"twitter:data1\" content=\"1 minute\" \/>\n<script type=\"application\/ld+json\" class=\"yoast-schema-graph\">{\"@context\":\"https:\\\/\\\/schema.org\",\"@graph\":[{\"@type\":\"WebPage\",\"@id\":\"https:\\\/\\\/heihuyzen.be\\\/fr\\\/produit\\\/champagne-cuvee-heihuyzen-2022-blanc-de-noir-rose-70cl\\\/\",\"url\":\"https:\\\/\\\/heihuyzen.be\\\/fr\\\/produit\\\/champagne-cuvee-heihuyzen-2022-blanc-de-noir-rose-70cl\\\/\",\"name\":\"Champagne cuv\u00e9e Heihuyzen 2022 - blanc de noir ros\u00e9 70cl - Heihuyzen\",\"isPartOf\":{\"@id\":\"https:\\\/\\\/heihuyzen.be\\\/fr\\\/#website\"},\"primaryImageOfPage\":{\"@id\":\"https:\\\/\\\/heihuyzen.be\\\/fr\\\/produit\\\/champagne-cuvee-heihuyzen-2022-blanc-de-noir-rose-70cl\\\/#primaryimage\"},\"image\":{\"@id\":\"https:\\\/\\\/heihuyzen.be\\\/fr\\\/produit\\\/champagne-cuvee-heihuyzen-2022-blanc-de-noir-rose-70cl\\\/#primaryimage\"},\"thumbnailUrl\":\"https:\\\/\\\/heihuyzen.be\\\/wp-content\\\/uploads\\\/2025\\\/09\\\/IMG_5941-scaled-1.jpeg\",\"datePublished\":\"2025-09-21T17:52:04+00:00\",\"dateModified\":\"2025-12-16T22:52:05+00:00\",\"breadcrumb\":{\"@id\":\"https:\\\/\\\/heihuyzen.be\\\/fr\\\/produit\\\/champagne-cuvee-heihuyzen-2022-blanc-de-noir-rose-70cl\\\/#breadcrumb\"},\"inLanguage\":\"fr-FR\",\"potentialAction\":[{\"@type\":\"ReadAction\",\"target\":[\"https:\\\/\\\/heihuyzen.be\\\/fr\\\/produit\\\/champagne-cuvee-heihuyzen-2022-blanc-de-noir-rose-70cl\\\/\"]}]},{\"@type\":\"ImageObject\",\"inLanguage\":\"fr-FR\",\"@id\":\"https:\\\/\\\/heihuyzen.be\\\/fr\\\/produit\\\/champagne-cuvee-heihuyzen-2022-blanc-de-noir-rose-70cl\\\/#primaryimage\",\"url\":\"https:\\\/\\\/heihuyzen.be\\\/wp-content\\\/uploads\\\/2025\\\/09\\\/IMG_5941-scaled-1.jpeg\",\"contentUrl\":\"https:\\\/\\\/heihuyzen.be\\\/wp-content\\\/uploads\\\/2025\\\/09\\\/IMG_5941-scaled-1.jpeg\",\"width\":1920,\"height\":2560},{\"@type\":\"BreadcrumbList\",\"@id\":\"https:\\\/\\\/heihuyzen.be\\\/fr\\\/produit\\\/champagne-cuvee-heihuyzen-2022-blanc-de-noir-rose-70cl\\\/#breadcrumb\",\"itemListElement\":[{\"@type\":\"ListItem\",\"position\":1,\"name\":\"Accueil\",\"item\":\"https:\\\/\\\/heihuyzen.be\\\/fr\\\/\"},{\"@type\":\"ListItem\",\"position\":2,\"name\":\"Boutique\",\"item\":\"https:\\\/\\\/heihuyzen.be\\\/fr\\\/boutique\\\/\"},{\"@type\":\"ListItem\",\"position\":3,\"name\":\"Champagne cuv\u00e9e Heihuyzen 2022 &#8211; blanc de noir ros\u00e9 70cl\"}]},{\"@type\":\"WebSite\",\"@id\":\"https:\\\/\\\/heihuyzen.be\\\/fr\\\/#website\",\"url\":\"https:\\\/\\\/heihuyzen.be\\\/fr\\\/\",\"name\":\"Heihuyzen\",\"description\":\"Private Stichting en Domein\",\"publisher\":{\"@id\":\"https:\\\/\\\/heihuyzen.be\\\/fr\\\/#organization\"},\"potentialAction\":[{\"@type\":\"SearchAction\",\"target\":{\"@type\":\"EntryPoint\",\"urlTemplate\":\"https:\\\/\\\/heihuyzen.be\\\/fr\\\/?s={search_term_string}\"},\"query-input\":{\"@type\":\"PropertyValueSpecification\",\"valueRequired\":true,\"valueName\":\"search_term_string\"}}],\"inLanguage\":\"fr-FR\"},{\"@type\":\"Organization\",\"@id\":\"https:\\\/\\\/heihuyzen.be\\\/fr\\\/#organization\",\"name\":\"Heihuyzen\",\"url\":\"https:\\\/\\\/heihuyzen.be\\\/fr\\\/\",\"logo\":{\"@type\":\"ImageObject\",\"inLanguage\":\"fr-FR\",\"@id\":\"https:\\\/\\\/heihuyzen.be\\\/fr\\\/#\\\/schema\\\/logo\\\/image\\\/\",\"url\":\"https:\\\/\\\/heihuyzen.be\\\/wp-content\\\/uploads\\\/2025\\\/09\\\/cropped-logo-heihuyzen-2025.png\",\"contentUrl\":\"https:\\\/\\\/heihuyzen.be\\\/wp-content\\\/uploads\\\/2025\\\/09\\\/cropped-logo-heihuyzen-2025.png\",\"width\":809,\"height\":724,\"caption\":\"Heihuyzen\"},\"image\":{\"@id\":\"https:\\\/\\\/heihuyzen.be\\\/fr\\\/#\\\/schema\\\/logo\\\/image\\\/\"},\"sameAs\":[\"https:\\\/\\\/www.facebook.com\\\/heihuyzen\\\/\",\"https:\\\/\\\/www.instagram.com\\\/heihuyzen\\\/\"]}]}<\/script>\n<!-- \/ Yoast SEO plugin. -->","yoast_head_json":{"title":"Champagne cuv\u00e9e Heihuyzen 2022 - blanc de noir ros\u00e9 70cl - Heihuyzen","robots":{"index":"index","follow":"follow","max-snippet":"max-snippet:-1","max-image-preview":"max-image-preview:large","max-video-preview":"max-video-preview:-1"},"canonical":"https:\/\/heihuyzen.be\/fr\/produit\/champagne-cuvee-heihuyzen-2022-blanc-de-noir-rose-70cl\/","og_locale":"fr_FR","og_type":"article","og_title":"Champagne cuv\u00e9e Heihuyzen 2022 - blanc de noir ros\u00e9 70cl - Heihuyzen","og_description":"Cuv\u00e9e Heihuyzen \u2013 Blanc de Noirs Ros\u00e9 Saign\u00e9e Puissance, finesse et une histoire de collaboration Gr\u00e2ce \u00e0 une collaboration exceptionnelle avec un domaine champenois ami en France, nous avons chaque ann\u00e9e l&rsquo;opportunit\u00e9 unique de proposer une s\u00e9lection exclusive de bouteilles sous notre propre nom. C&rsquo;est ainsi qu&rsquo;est n\u00e9e la Cuv\u00e9e Heihuyzen, un champagne qui porte [&hellip;]","og_url":"https:\/\/heihuyzen.be\/fr\/produit\/champagne-cuvee-heihuyzen-2022-blanc-de-noir-rose-70cl\/","og_site_name":"Heihuyzen","article_publisher":"https:\/\/www.facebook.com\/heihuyzen\/","article_modified_time":"2025-12-16T22:52:05+00:00","og_image":[{"width":1920,"height":2560,"url":"https:\/\/heihuyzen.be\/wp-content\/uploads\/2025\/09\/IMG_5941-scaled-1.jpeg","type":"image\/jpeg"}],"twitter_card":"summary_large_image","twitter_misc":{"Dur\u00e9e de lecture estim\u00e9e":"1 minute"},"schema":{"@context":"https:\/\/schema.org","@graph":[{"@type":"WebPage","@id":"https:\/\/heihuyzen.be\/fr\/produit\/champagne-cuvee-heihuyzen-2022-blanc-de-noir-rose-70cl\/","url":"https:\/\/heihuyzen.be\/fr\/produit\/champagne-cuvee-heihuyzen-2022-blanc-de-noir-rose-70cl\/","name":"Champagne cuv\u00e9e Heihuyzen 2022 - blanc de noir ros\u00e9 70cl - Heihuyzen","isPartOf":{"@id":"https:\/\/heihuyzen.be\/fr\/#website"},"primaryImageOfPage":{"@id":"https:\/\/heihuyzen.be\/fr\/produit\/champagne-cuvee-heihuyzen-2022-blanc-de-noir-rose-70cl\/#primaryimage"},"image":{"@id":"https:\/\/heihuyzen.be\/fr\/produit\/champagne-cuvee-heihuyzen-2022-blanc-de-noir-rose-70cl\/#primaryimage"},"thumbnailUrl":"https:\/\/heihuyzen.be\/wp-content\/uploads\/2025\/09\/IMG_5941-scaled-1.jpeg","datePublished":"2025-09-21T17:52:04+00:00","dateModified":"2025-12-16T22:52:05+00:00","breadcrumb":{"@id":"https:\/\/heihuyzen.be\/fr\/produit\/champagne-cuvee-heihuyzen-2022-blanc-de-noir-rose-70cl\/#breadcrumb"},"inLanguage":"fr-FR","potentialAction":[{"@type":"ReadAction","target":["https:\/\/heihuyzen.be\/fr\/produit\/champagne-cuvee-heihuyzen-2022-blanc-de-noir-rose-70cl\/"]}]},{"@type":"ImageObject","inLanguage":"fr-FR","@id":"https:\/\/heihuyzen.be\/fr\/produit\/champagne-cuvee-heihuyzen-2022-blanc-de-noir-rose-70cl\/#primaryimage","url":"https:\/\/heihuyzen.be\/wp-content\/uploads\/2025\/09\/IMG_5941-scaled-1.jpeg","contentUrl":"https:\/\/heihuyzen.be\/wp-content\/uploads\/2025\/09\/IMG_5941-scaled-1.jpeg","width":1920,"height":2560},{"@type":"BreadcrumbList","@id":"https:\/\/heihuyzen.be\/fr\/produit\/champagne-cuvee-heihuyzen-2022-blanc-de-noir-rose-70cl\/#breadcrumb","itemListElement":[{"@type":"ListItem","position":1,"name":"Accueil","item":"https:\/\/heihuyzen.be\/fr\/"},{"@type":"ListItem","position":2,"name":"Boutique","item":"https:\/\/heihuyzen.be\/fr\/boutique\/"},{"@type":"ListItem","position":3,"name":"Champagne cuv\u00e9e Heihuyzen 2022 &#8211; blanc de noir ros\u00e9 70cl"}]},{"@type":"WebSite","@id":"https:\/\/heihuyzen.be\/fr\/#website","url":"https:\/\/heihuyzen.be\/fr\/","name":"Heihuyzen","description":"Private Stichting en Domein","publisher":{"@id":"https:\/\/heihuyzen.be\/fr\/#organization"},"potentialAction":[{"@type":"SearchAction","target":{"@type":"EntryPoint","urlTemplate":"https:\/\/heihuyzen.be\/fr\/?s={search_term_string}"},"query-input":{"@type":"PropertyValueSpecification","valueRequired":true,"valueName":"search_term_string"}}],"inLanguage":"fr-FR"},{"@type":"Organization","@id":"https:\/\/heihuyzen.be\/fr\/#organization","name":"Heihuyzen","url":"https:\/\/heihuyzen.be\/fr\/","logo":{"@type":"ImageObject","inLanguage":"fr-FR","@id":"https:\/\/heihuyzen.be\/fr\/#\/schema\/logo\/image\/","url":"https:\/\/heihuyzen.be\/wp-content\/uploads\/2025\/09\/cropped-logo-heihuyzen-2025.png","contentUrl":"https:\/\/heihuyzen.be\/wp-content\/uploads\/2025\/09\/cropped-logo-heihuyzen-2025.png","width":809,"height":724,"caption":"Heihuyzen"},"image":{"@id":"https:\/\/heihuyzen.be\/fr\/#\/schema\/logo\/image\/"},"sameAs":["https:\/\/www.facebook.com\/heihuyzen\/","https:\/\/www.instagram.com\/heihuyzen\/"]}]}},"jetpack_publicize_connections":[],"jetpack_sharing_enabled":true,"_links":{"self":[{"href":"https:\/\/heihuyzen.be\/fr\/wp-json\/wp\/v2\/product\/8798","targetHints":{"allow":["GET"]}}],"collection":[{"href":"https:\/\/heihuyzen.be\/fr\/wp-json\/wp\/v2\/product"}],"about":[{"href":"https:\/\/heihuyzen.be\/fr\/wp-json\/wp\/v2\/types\/product"}],"replies":[{"embeddable":true,"href":"https:\/\/heihuyzen.be\/fr\/wp-json\/wp\/v2\/comments?post=8798"}],"wp:featuredmedia":[{"embeddable":true,"href":"https:\/\/heihuyzen.be\/fr\/wp-json\/wp\/v2\/media\/8799"}],"wp:attachment":[{"href":"https:\/\/heihuyzen.be\/fr\/wp-json\/wp\/v2\/media?parent=8798"}],"wp:term":[{"taxonomy":"product_brand","embeddable":true,"href":"https:\/\/heihuyzen.be\/fr\/wp-json\/wp\/v2\/product_brand?post=8798"},{"taxonomy":"product_cat","embeddable":true,"href":"https:\/\/heihuyzen.be\/fr\/wp-json\/wp\/v2\/product_cat?post=8798"},{"taxonomy":"product_tag","embeddable":true,"href":"https:\/\/heihuyzen.be\/fr\/wp-json\/wp\/v2\/product_tag?post=8798"}],"curies":[{"name":"wp","href":"https:\/\/api.w.org\/{rel}","templated":true}]}}