{"id":8802,"date":"2025-09-21T17:52:04","date_gmt":"2025-09-21T17:52:04","guid":{"rendered":"https:\/\/heihuyzen.be\/product\/mastentoppen-jenever-3l\/"},"modified":"2025-12-16T23:12:39","modified_gmt":"2025-12-16T23:12:39","slug":"mastentoppen-jenever-3l","status":"publish","type":"product","link":"https:\/\/heihuyzen.be\/fr\/produit\/mastentoppen-jenever-3l\/","title":{"rendered":"Geni\u00e8vre de Mastentoppen \u2013 3l"},"content":{"rendered":"<p class=\"p1\"><b>Go\u00fbtez l&rsquo;essence de la for\u00eat de Campine<\/b><b><\/b><\/p>\n<p class=\"p3\">Le <span class=\"s1\"><b>geni\u00e8vre de Mastentoppen<\/b><\/span> du Domaine Heihuyzen est une pure expression de la nature sur et autour du domaine. Fabriqu\u00e9 \u00e0 partir de <span class=\"s1\"><b>c\u00f4nes de pin de Campine<\/b><\/span> \u2013 localement connus sous le nom de <i>mastenbollen<\/i> \u2013 qui sont cueillis \u00e0 la main dans les for\u00eats de Heihuyzen. Ces c\u00f4nes de pin donnent au geni\u00e8vre son go\u00fbt unique, bois\u00e9 et \u00e9pic\u00e9. Celui qui le go\u00fbte se croirait au milieu d&rsquo;une for\u00eat de pins de Campine, entour\u00e9 d&rsquo;arbres, de chevreuils, et de l&rsquo;odeur de r\u00e9sine et de terre.   <\/p>\n<p class=\"p3\">Ce <span class=\"s1\"><b>geni\u00e8vre de grain exclusif<\/b><\/span> est distill\u00e9 en petits lots \u00e0 la distillerie familiale <span class=\"s1\"><b>Sterkstokers<\/b><\/span> \u00e0 Sint-Lenaarts, avec une attention particuli\u00e8re pour l&rsquo;artisanat et l&rsquo;authenticit\u00e9.<\/p>\n<p class=\"p3\">Le geni\u00e8vre de Mastentoppen s&rsquo;inscrit parfaitement dans la gamme croissante de produits propres au Domaine Heihuyzen : du gibier et du miel jusqu&rsquo;\u00e0 notre <span class=\"s1\"><b>whisky M-cask<\/b><\/span> r\u00e9cemment lanc\u00e9. Tous ces produits refl\u00e8tent l&rsquo;\u00e2me du domaine \u2014 locaux, naturels et fabriqu\u00e9s avec soin. <\/p>\n<p class=\"p3\">Nouveau dans l&rsquo;offre :<\/p>\n<p class=\"p3\">\ud83c\udf76 \u00c9galement disponible en <span class=\"s1\"><b>50cl<\/b><\/span>.<\/p>\n<blockquote><p><i>Heihuyzen dans une bouteille : plein de caract\u00e8re, local et impr\u00e9gn\u00e9 de for\u00eat.<\/i><i><\/i><\/p><\/blockquote>\n<p class=\"p1\"><span class=\"s2\">\ud83d\uded1 <\/span><b>Vous devez avoir au moins 18 ans pour acheter ou consommer de l&rsquo;alcool.<\/b><\/p>\n","protected":false},"excerpt":{"rendered":"<p>Le <strong>geni\u00e8vre de Mastentoppen<\/strong> est fabriqu\u00e9 \u00e0 partir de c\u00f4nes de pin de Campine cueillis dans les for\u00eats du domaine Heihuyzen, qui donnent au geni\u00e8vre un go\u00fbt tr\u00e8s caract\u00e9ristique. Celui qui le go\u00fbte se croirait dans une for\u00eat de Campine. <\/p>\n","protected":false},"featured_media":8803,"comment_status":"closed","ping_status":"closed","template":"","meta":{"jetpack_publicize_message":"","jetpack_publicize_feature_enabled":true,"jetpack_social_post_already_shared":false,"jetpack_social_options":{"image_generator_settings":{"template":"highway","default_image_id":0,"font":"","enabled":false},"version":2}},"product_brand":[164],"product_cat":[214],"product_tag":[215,199,216,217],"class_list":{"0":"post-8802","1":"product","2":"type-product","3":"status-publish","4":"has-post-thumbnail","6":"product_brand-heihuyzen","7":"product_cat-jenever","8":"product_tag-dennenappels","9":"product_tag-heihuyzen","10":"product_tag-jenever","11":"product_tag-mastentoppen","12":"product_shipping_class-1-bouteille","14":"first","15":"instock","16":"sale","17":"taxable","18":"shipping-taxable","19":"purchasable","20":"product-type-simple"},"yoast_head":"<!-- This site is optimized with the Yoast SEO plugin v27.4 - https:\/\/yoast.com\/product\/yoast-seo-wordpress\/ -->\n<title>Geni\u00e8vre de Mastentoppen \u2013 3l - Heihuyzen<\/title>\n<meta name=\"robots\" content=\"index, follow, max-snippet:-1, max-image-preview:large, max-video-preview:-1\" \/>\n<link rel=\"canonical\" href=\"https:\/\/heihuyzen.be\/fr\/produit\/mastentoppen-jenever-3l\/\" \/>\n<meta property=\"og:locale\" content=\"fr_FR\" \/>\n<meta property=\"og:type\" content=\"article\" \/>\n<meta property=\"og:title\" content=\"Geni\u00e8vre de Mastentoppen \u2013 3l - Heihuyzen\" \/>\n<meta property=\"og:description\" content=\"Le geni\u00e8vre de Mastentoppen est fabriqu\u00e9 \u00e0 partir de c\u00f4nes de pin de Campine cueillis dans les for\u00eats du domaine Heihuyzen, qui donnent au geni\u00e8vre un go\u00fbt tr\u00e8s caract\u00e9ristique. Celui qui le go\u00fbte se croirait dans une for\u00eat de Campine.\" \/>\n<meta property=\"og:url\" content=\"https:\/\/heihuyzen.be\/fr\/produit\/mastentoppen-jenever-3l\/\" \/>\n<meta property=\"og:site_name\" content=\"Heihuyzen\" \/>\n<meta property=\"article:publisher\" content=\"https:\/\/www.facebook.com\/heihuyzen\/\" \/>\n<meta property=\"article:modified_time\" content=\"2025-12-16T23:12:39+00:00\" \/>\n<meta property=\"og:image\" content=\"https:\/\/heihuyzen.be\/wp-content\/uploads\/2025\/09\/IMG_5851-scaled-1.jpeg\" \/>\n\t<meta property=\"og:image:width\" content=\"1920\" \/>\n\t<meta property=\"og:image:height\" content=\"2560\" \/>\n\t<meta property=\"og:image:type\" content=\"image\/jpeg\" \/>\n<meta name=\"twitter:card\" content=\"summary_large_image\" \/>\n<meta name=\"twitter:label1\" content=\"Dur\u00e9e de lecture estim\u00e9e\" \/>\n\t<meta name=\"twitter:data1\" content=\"1 minute\" \/>\n<script type=\"application\/ld+json\" class=\"yoast-schema-graph\">{\"@context\":\"https:\\\/\\\/schema.org\",\"@graph\":[{\"@type\":\"WebPage\",\"@id\":\"https:\\\/\\\/heihuyzen.be\\\/fr\\\/produit\\\/mastentoppen-jenever-3l\\\/\",\"url\":\"https:\\\/\\\/heihuyzen.be\\\/fr\\\/produit\\\/mastentoppen-jenever-3l\\\/\",\"name\":\"Geni\u00e8vre de Mastentoppen \u2013 3l - Heihuyzen\",\"isPartOf\":{\"@id\":\"https:\\\/\\\/heihuyzen.be\\\/fr\\\/#website\"},\"primaryImageOfPage\":{\"@id\":\"https:\\\/\\\/heihuyzen.be\\\/fr\\\/produit\\\/mastentoppen-jenever-3l\\\/#primaryimage\"},\"image\":{\"@id\":\"https:\\\/\\\/heihuyzen.be\\\/fr\\\/produit\\\/mastentoppen-jenever-3l\\\/#primaryimage\"},\"thumbnailUrl\":\"https:\\\/\\\/heihuyzen.be\\\/wp-content\\\/uploads\\\/2025\\\/09\\\/IMG_5851-scaled-1.jpeg\",\"datePublished\":\"2025-09-21T17:52:04+00:00\",\"dateModified\":\"2025-12-16T23:12:39+00:00\",\"breadcrumb\":{\"@id\":\"https:\\\/\\\/heihuyzen.be\\\/fr\\\/produit\\\/mastentoppen-jenever-3l\\\/#breadcrumb\"},\"inLanguage\":\"fr-FR\",\"potentialAction\":[{\"@type\":\"ReadAction\",\"target\":[\"https:\\\/\\\/heihuyzen.be\\\/fr\\\/produit\\\/mastentoppen-jenever-3l\\\/\"]}]},{\"@type\":\"ImageObject\",\"inLanguage\":\"fr-FR\",\"@id\":\"https:\\\/\\\/heihuyzen.be\\\/fr\\\/produit\\\/mastentoppen-jenever-3l\\\/#primaryimage\",\"url\":\"https:\\\/\\\/heihuyzen.be\\\/wp-content\\\/uploads\\\/2025\\\/09\\\/IMG_5851-scaled-1.jpeg\",\"contentUrl\":\"https:\\\/\\\/heihuyzen.be\\\/wp-content\\\/uploads\\\/2025\\\/09\\\/IMG_5851-scaled-1.jpeg\",\"width\":1920,\"height\":2560},{\"@type\":\"BreadcrumbList\",\"@id\":\"https:\\\/\\\/heihuyzen.be\\\/fr\\\/produit\\\/mastentoppen-jenever-3l\\\/#breadcrumb\",\"itemListElement\":[{\"@type\":\"ListItem\",\"position\":1,\"name\":\"Accueil\",\"item\":\"https:\\\/\\\/heihuyzen.be\\\/fr\\\/\"},{\"@type\":\"ListItem\",\"position\":2,\"name\":\"Boutique\",\"item\":\"https:\\\/\\\/heihuyzen.be\\\/fr\\\/boutique\\\/\"},{\"@type\":\"ListItem\",\"position\":3,\"name\":\"Geni\u00e8vre de Mastentoppen \u2013 3l\"}]},{\"@type\":\"WebSite\",\"@id\":\"https:\\\/\\\/heihuyzen.be\\\/fr\\\/#website\",\"url\":\"https:\\\/\\\/heihuyzen.be\\\/fr\\\/\",\"name\":\"Heihuyzen\",\"description\":\"Private Stichting en Domein\",\"publisher\":{\"@id\":\"https:\\\/\\\/heihuyzen.be\\\/fr\\\/#organization\"},\"potentialAction\":[{\"@type\":\"SearchAction\",\"target\":{\"@type\":\"EntryPoint\",\"urlTemplate\":\"https:\\\/\\\/heihuyzen.be\\\/fr\\\/?s={search_term_string}\"},\"query-input\":{\"@type\":\"PropertyValueSpecification\",\"valueRequired\":true,\"valueName\":\"search_term_string\"}}],\"inLanguage\":\"fr-FR\"},{\"@type\":\"Organization\",\"@id\":\"https:\\\/\\\/heihuyzen.be\\\/fr\\\/#organization\",\"name\":\"Heihuyzen\",\"url\":\"https:\\\/\\\/heihuyzen.be\\\/fr\\\/\",\"logo\":{\"@type\":\"ImageObject\",\"inLanguage\":\"fr-FR\",\"@id\":\"https:\\\/\\\/heihuyzen.be\\\/fr\\\/#\\\/schema\\\/logo\\\/image\\\/\",\"url\":\"https:\\\/\\\/heihuyzen.be\\\/wp-content\\\/uploads\\\/2025\\\/09\\\/cropped-logo-heihuyzen-2025.png\",\"contentUrl\":\"https:\\\/\\\/heihuyzen.be\\\/wp-content\\\/uploads\\\/2025\\\/09\\\/cropped-logo-heihuyzen-2025.png\",\"width\":809,\"height\":724,\"caption\":\"Heihuyzen\"},\"image\":{\"@id\":\"https:\\\/\\\/heihuyzen.be\\\/fr\\\/#\\\/schema\\\/logo\\\/image\\\/\"},\"sameAs\":[\"https:\\\/\\\/www.facebook.com\\\/heihuyzen\\\/\",\"https:\\\/\\\/www.instagram.com\\\/heihuyzen\\\/\"]}]}<\/script>\n<!-- \/ Yoast SEO plugin. -->","yoast_head_json":{"title":"Geni\u00e8vre de Mastentoppen \u2013 3l - Heihuyzen","robots":{"index":"index","follow":"follow","max-snippet":"max-snippet:-1","max-image-preview":"max-image-preview:large","max-video-preview":"max-video-preview:-1"},"canonical":"https:\/\/heihuyzen.be\/fr\/produit\/mastentoppen-jenever-3l\/","og_locale":"fr_FR","og_type":"article","og_title":"Geni\u00e8vre de Mastentoppen \u2013 3l - Heihuyzen","og_description":"Le geni\u00e8vre de Mastentoppen est fabriqu\u00e9 \u00e0 partir de c\u00f4nes de pin de Campine cueillis dans les for\u00eats du domaine Heihuyzen, qui donnent au geni\u00e8vre un go\u00fbt tr\u00e8s caract\u00e9ristique. Celui qui le go\u00fbte se croirait dans une for\u00eat de Campine.","og_url":"https:\/\/heihuyzen.be\/fr\/produit\/mastentoppen-jenever-3l\/","og_site_name":"Heihuyzen","article_publisher":"https:\/\/www.facebook.com\/heihuyzen\/","article_modified_time":"2025-12-16T23:12:39+00:00","og_image":[{"width":1920,"height":2560,"url":"https:\/\/heihuyzen.be\/wp-content\/uploads\/2025\/09\/IMG_5851-scaled-1.jpeg","type":"image\/jpeg"}],"twitter_card":"summary_large_image","twitter_misc":{"Dur\u00e9e de lecture estim\u00e9e":"1 minute"},"schema":{"@context":"https:\/\/schema.org","@graph":[{"@type":"WebPage","@id":"https:\/\/heihuyzen.be\/fr\/produit\/mastentoppen-jenever-3l\/","url":"https:\/\/heihuyzen.be\/fr\/produit\/mastentoppen-jenever-3l\/","name":"Geni\u00e8vre de Mastentoppen \u2013 3l - Heihuyzen","isPartOf":{"@id":"https:\/\/heihuyzen.be\/fr\/#website"},"primaryImageOfPage":{"@id":"https:\/\/heihuyzen.be\/fr\/produit\/mastentoppen-jenever-3l\/#primaryimage"},"image":{"@id":"https:\/\/heihuyzen.be\/fr\/produit\/mastentoppen-jenever-3l\/#primaryimage"},"thumbnailUrl":"https:\/\/heihuyzen.be\/wp-content\/uploads\/2025\/09\/IMG_5851-scaled-1.jpeg","datePublished":"2025-09-21T17:52:04+00:00","dateModified":"2025-12-16T23:12:39+00:00","breadcrumb":{"@id":"https:\/\/heihuyzen.be\/fr\/produit\/mastentoppen-jenever-3l\/#breadcrumb"},"inLanguage":"fr-FR","potentialAction":[{"@type":"ReadAction","target":["https:\/\/heihuyzen.be\/fr\/produit\/mastentoppen-jenever-3l\/"]}]},{"@type":"ImageObject","inLanguage":"fr-FR","@id":"https:\/\/heihuyzen.be\/fr\/produit\/mastentoppen-jenever-3l\/#primaryimage","url":"https:\/\/heihuyzen.be\/wp-content\/uploads\/2025\/09\/IMG_5851-scaled-1.jpeg","contentUrl":"https:\/\/heihuyzen.be\/wp-content\/uploads\/2025\/09\/IMG_5851-scaled-1.jpeg","width":1920,"height":2560},{"@type":"BreadcrumbList","@id":"https:\/\/heihuyzen.be\/fr\/produit\/mastentoppen-jenever-3l\/#breadcrumb","itemListElement":[{"@type":"ListItem","position":1,"name":"Accueil","item":"https:\/\/heihuyzen.be\/fr\/"},{"@type":"ListItem","position":2,"name":"Boutique","item":"https:\/\/heihuyzen.be\/fr\/boutique\/"},{"@type":"ListItem","position":3,"name":"Geni\u00e8vre de Mastentoppen \u2013 3l"}]},{"@type":"WebSite","@id":"https:\/\/heihuyzen.be\/fr\/#website","url":"https:\/\/heihuyzen.be\/fr\/","name":"Heihuyzen","description":"Private Stichting en Domein","publisher":{"@id":"https:\/\/heihuyzen.be\/fr\/#organization"},"potentialAction":[{"@type":"SearchAction","target":{"@type":"EntryPoint","urlTemplate":"https:\/\/heihuyzen.be\/fr\/?s={search_term_string}"},"query-input":{"@type":"PropertyValueSpecification","valueRequired":true,"valueName":"search_term_string"}}],"inLanguage":"fr-FR"},{"@type":"Organization","@id":"https:\/\/heihuyzen.be\/fr\/#organization","name":"Heihuyzen","url":"https:\/\/heihuyzen.be\/fr\/","logo":{"@type":"ImageObject","inLanguage":"fr-FR","@id":"https:\/\/heihuyzen.be\/fr\/#\/schema\/logo\/image\/","url":"https:\/\/heihuyzen.be\/wp-content\/uploads\/2025\/09\/cropped-logo-heihuyzen-2025.png","contentUrl":"https:\/\/heihuyzen.be\/wp-content\/uploads\/2025\/09\/cropped-logo-heihuyzen-2025.png","width":809,"height":724,"caption":"Heihuyzen"},"image":{"@id":"https:\/\/heihuyzen.be\/fr\/#\/schema\/logo\/image\/"},"sameAs":["https:\/\/www.facebook.com\/heihuyzen\/","https:\/\/www.instagram.com\/heihuyzen\/"]}]}},"jetpack_publicize_connections":[],"jetpack_sharing_enabled":true,"_links":{"self":[{"href":"https:\/\/heihuyzen.be\/fr\/wp-json\/wp\/v2\/product\/8802","targetHints":{"allow":["GET"]}}],"collection":[{"href":"https:\/\/heihuyzen.be\/fr\/wp-json\/wp\/v2\/product"}],"about":[{"href":"https:\/\/heihuyzen.be\/fr\/wp-json\/wp\/v2\/types\/product"}],"replies":[{"embeddable":true,"href":"https:\/\/heihuyzen.be\/fr\/wp-json\/wp\/v2\/comments?post=8802"}],"wp:featuredmedia":[{"embeddable":true,"href":"https:\/\/heihuyzen.be\/fr\/wp-json\/wp\/v2\/media\/8803"}],"wp:attachment":[{"href":"https:\/\/heihuyzen.be\/fr\/wp-json\/wp\/v2\/media?parent=8802"}],"wp:term":[{"taxonomy":"product_brand","embeddable":true,"href":"https:\/\/heihuyzen.be\/fr\/wp-json\/wp\/v2\/product_brand?post=8802"},{"taxonomy":"product_cat","embeddable":true,"href":"https:\/\/heihuyzen.be\/fr\/wp-json\/wp\/v2\/product_cat?post=8802"},{"taxonomy":"product_tag","embeddable":true,"href":"https:\/\/heihuyzen.be\/fr\/wp-json\/wp\/v2\/product_tag?post=8802"}],"curies":[{"name":"wp","href":"https:\/\/api.w.org\/{rel}","templated":true}]}}