{"id":8806,"date":"2025-09-21T17:52:03","date_gmt":"2025-09-21T17:52:03","guid":{"rendered":"https:\/\/heihuyzen.be\/product\/m-rum-dennenappel-smaak-500ml-38-vol\/"},"modified":"2025-12-16T22:40:56","modified_gmt":"2025-12-16T22:40:56","slug":"m-rum-dennenappel-smaak-500ml-38-vol","status":"publish","type":"product","link":"https:\/\/heihuyzen.be\/fr\/produit\/m-rum-dennenappel-smaak-500ml-38-vol\/","title":{"rendered":"M-Rum \u2013 saveur pomme de pin \u2013 500 ml \u2013 38 % vol."},"content":{"rendered":"<h3><b>Heihuyzen Rum<\/b><\/h3>\n<p class=\"p3\"><b>Sombre, doux et avec une note de pin<\/b><b><\/b><\/p>\n<p class=\"p4\">Un bon rhum sombre pla\u00eet \u00e0 beaucoup \u2014 surtout lors de soir\u00e9es fra\u00eeches, pr\u00e8s du feu avec un livre \u00e0 la main, ou apr\u00e8s le repas en bonne compagnie.<\/p>\n<p class=\"p4\"><span class=\"s2\"><b>Christophe Lenaerts<\/b><\/span>, amateur de tout ce qui est pur et savoureux, \u00e9largit sa collection. Apr\u00e8s le <span class=\"s2\"><b>Seagarden Gin<\/b><\/span>, le <span class=\"s2\"><b>C-Gin<\/b><\/span>, le <span class=\"s2\"><b>M-Gin<\/b><\/span>, l&rsquo;<span class=\"s2\"><b>Aper\u00d8<\/b><\/span> et le <span class=\"s2\"><b>Mastentoppenjenever<\/b><\/span>, il pr\u00e9sente maintenant avec fiert\u00e9 une nouvelle cr\u00e9ation : un <span class=\"s2\"><b>rhum sombre<\/b><\/span> avec un accent naturel surprenant. <\/p>\n<p class=\"p4\">Qu&rsquo;est-ce qui rend ce rhum particulier ? L&rsquo;ar\u00f4me et le go\u00fbt subtils des <g id=\"gid_0\"><g id=\"gid_1\">mastentoppen<\/g><\/g> \u2014 ou pommes de pin de la Campine \u2014 qui sont \u00e9galement reconnaissables dans le geni\u00e8vre et le M-Gin du domaine. Le r\u00e9sultat est un <span class=\"s2\"><b>rhum soyeux<\/b><\/span> avec d&rsquo;abord les tons pleins et chaleureux d&rsquo;un rhum sombre insulaire classique, suivi d&rsquo;une note \u00e9pic\u00e9e et r\u00e9sineuse de pin qui se r\u00e9v\u00e8le lentement.  <\/p>\n<p class=\"p4\">\ud83c\udf81 Parfait comme cadeau pour des amis, ou \u00e0 ch\u00e9rir soi-m\u00eame pour des moments particuliers.<\/p>\n<p class=\"p4\">Chaque lot est fabriqu\u00e9 \u00e0 la main avec des <span class=\"s2\"><b>ingr\u00e9dients naturels<\/b><\/span>, ce qui garantit une diff\u00e9rence subtile dans l&rsquo;exp\u00e9rience gustative \u2014 pas d&rsquo;uniformit\u00e9 industrielle, mais du caract\u00e8re dans chaque bouteille.<\/p>\n<blockquote><p><i>Un rhum unique pour ceux qui aiment l&rsquo;artisanat, la profondeur et l&rsquo;odeur de la for\u00eat.<\/i><\/p><\/blockquote>\n<p class=\"p1\"><span class=\"s1\">\ud83d\uded1 <\/span><b>Vous devez avoir au moins 18 ans pour acheter ou consommer de l&rsquo;alcool.<\/b><\/p>\n","protected":false},"excerpt":{"rendered":"<p>Heihuyzen Rum Sombre, doux et avec une note de pin Un bon rhum sombre pla\u00eet \u00e0 beaucoup \u2014 surtout lors de soir\u00e9es fra\u00eeches, pr\u00e8s du feu avec un livre \u00e0 la main, ou apr\u00e8s le repas en bonne compagnie. Christophe Lenaerts, amateur de tout ce qui est pur et savoureux, \u00e9largit sa collection. Apr\u00e8s le [&hellip;]<\/p>\n","protected":false},"featured_media":8807,"comment_status":"closed","ping_status":"closed","template":"","meta":{"jetpack_publicize_message":"","jetpack_publicize_feature_enabled":true,"jetpack_social_post_already_shared":false,"jetpack_social_options":{"image_generator_settings":{"template":"highway","default_image_id":0,"font":"","enabled":false},"version":2}},"product_brand":[164],"product_cat":[245],"product_tag":[197,215,246,199,217,227],"class_list":{"0":"post-8806","1":"product","2":"type-product","3":"status-publish","4":"has-post-thumbnail","6":"product_brand-heihuyzen","7":"product_cat-rum","8":"product_tag-christophe-lenaerts","9":"product_tag-dennenappels","10":"product_tag-heihuizen","11":"product_tag-heihuyzen","12":"product_tag-mastentoppen","13":"product_tag-rum","14":"product_shipping_class-1-bouteille","16":"first","17":"instock","18":"taxable","19":"shipping-taxable","20":"purchasable","21":"product-type-simple"},"yoast_head":"<!-- This site is optimized with the Yoast SEO plugin v27.4 - https:\/\/yoast.com\/product\/yoast-seo-wordpress\/ -->\n<title>M-Rum \u2013 saveur pomme de pin \u2013 500 ml \u2013 38 % vol. - Heihuyzen<\/title>\n<meta name=\"robots\" content=\"index, follow, max-snippet:-1, max-image-preview:large, max-video-preview:-1\" \/>\n<link rel=\"canonical\" href=\"https:\/\/heihuyzen.be\/fr\/produit\/m-rum-dennenappel-smaak-500ml-38-vol\/\" \/>\n<meta property=\"og:locale\" content=\"fr_FR\" \/>\n<meta property=\"og:type\" content=\"article\" \/>\n<meta property=\"og:title\" content=\"M-Rum \u2013 saveur pomme de pin \u2013 500 ml \u2013 38 % vol. - Heihuyzen\" \/>\n<meta property=\"og:description\" content=\"Heihuyzen Rum Sombre, doux et avec une note de pin Un bon rhum sombre pla\u00eet \u00e0 beaucoup \u2014 surtout lors de soir\u00e9es fra\u00eeches, pr\u00e8s du feu avec un livre \u00e0 la main, ou apr\u00e8s le repas en bonne compagnie. Christophe Lenaerts, amateur de tout ce qui est pur et savoureux, \u00e9largit sa collection. Apr\u00e8s le [&hellip;]\" \/>\n<meta property=\"og:url\" content=\"https:\/\/heihuyzen.be\/fr\/produit\/m-rum-dennenappel-smaak-500ml-38-vol\/\" \/>\n<meta property=\"og:site_name\" content=\"Heihuyzen\" \/>\n<meta property=\"article:publisher\" content=\"https:\/\/www.facebook.com\/heihuyzen\/\" \/>\n<meta property=\"article:modified_time\" content=\"2025-12-16T22:40:56+00:00\" \/>\n<meta property=\"og:image\" content=\"https:\/\/heihuyzen.be\/wp-content\/uploads\/2025\/09\/IMG_5583.jpg\" \/>\n\t<meta property=\"og:image:width\" content=\"2048\" \/>\n\t<meta property=\"og:image:height\" content=\"1536\" \/>\n\t<meta property=\"og:image:type\" content=\"image\/jpeg\" \/>\n<meta name=\"twitter:card\" content=\"summary_large_image\" \/>\n<meta name=\"twitter:label1\" content=\"Dur\u00e9e de lecture estim\u00e9e\" \/>\n\t<meta name=\"twitter:data1\" content=\"1 minute\" \/>\n<script type=\"application\/ld+json\" class=\"yoast-schema-graph\">{\"@context\":\"https:\\\/\\\/schema.org\",\"@graph\":[{\"@type\":\"WebPage\",\"@id\":\"https:\\\/\\\/heihuyzen.be\\\/fr\\\/produit\\\/m-rum-dennenappel-smaak-500ml-38-vol\\\/\",\"url\":\"https:\\\/\\\/heihuyzen.be\\\/fr\\\/produit\\\/m-rum-dennenappel-smaak-500ml-38-vol\\\/\",\"name\":\"M-Rum \u2013 saveur pomme de pin \u2013 500 ml \u2013 38 % vol. - Heihuyzen\",\"isPartOf\":{\"@id\":\"https:\\\/\\\/heihuyzen.be\\\/fr\\\/#website\"},\"primaryImageOfPage\":{\"@id\":\"https:\\\/\\\/heihuyzen.be\\\/fr\\\/produit\\\/m-rum-dennenappel-smaak-500ml-38-vol\\\/#primaryimage\"},\"image\":{\"@id\":\"https:\\\/\\\/heihuyzen.be\\\/fr\\\/produit\\\/m-rum-dennenappel-smaak-500ml-38-vol\\\/#primaryimage\"},\"thumbnailUrl\":\"https:\\\/\\\/heihuyzen.be\\\/wp-content\\\/uploads\\\/2025\\\/09\\\/IMG_5583.jpg\",\"datePublished\":\"2025-09-21T17:52:03+00:00\",\"dateModified\":\"2025-12-16T22:40:56+00:00\",\"breadcrumb\":{\"@id\":\"https:\\\/\\\/heihuyzen.be\\\/fr\\\/produit\\\/m-rum-dennenappel-smaak-500ml-38-vol\\\/#breadcrumb\"},\"inLanguage\":\"fr-FR\",\"potentialAction\":[{\"@type\":\"ReadAction\",\"target\":[\"https:\\\/\\\/heihuyzen.be\\\/fr\\\/produit\\\/m-rum-dennenappel-smaak-500ml-38-vol\\\/\"]}]},{\"@type\":\"ImageObject\",\"inLanguage\":\"fr-FR\",\"@id\":\"https:\\\/\\\/heihuyzen.be\\\/fr\\\/produit\\\/m-rum-dennenappel-smaak-500ml-38-vol\\\/#primaryimage\",\"url\":\"https:\\\/\\\/heihuyzen.be\\\/wp-content\\\/uploads\\\/2025\\\/09\\\/IMG_5583.jpg\",\"contentUrl\":\"https:\\\/\\\/heihuyzen.be\\\/wp-content\\\/uploads\\\/2025\\\/09\\\/IMG_5583.jpg\",\"width\":2048,\"height\":1536},{\"@type\":\"BreadcrumbList\",\"@id\":\"https:\\\/\\\/heihuyzen.be\\\/fr\\\/produit\\\/m-rum-dennenappel-smaak-500ml-38-vol\\\/#breadcrumb\",\"itemListElement\":[{\"@type\":\"ListItem\",\"position\":1,\"name\":\"Accueil\",\"item\":\"https:\\\/\\\/heihuyzen.be\\\/fr\\\/\"},{\"@type\":\"ListItem\",\"position\":2,\"name\":\"Boutique\",\"item\":\"https:\\\/\\\/heihuyzen.be\\\/fr\\\/boutique\\\/\"},{\"@type\":\"ListItem\",\"position\":3,\"name\":\"M-Rum \u2013 saveur pomme de pin \u2013 500 ml \u2013 38 % vol.\"}]},{\"@type\":\"WebSite\",\"@id\":\"https:\\\/\\\/heihuyzen.be\\\/fr\\\/#website\",\"url\":\"https:\\\/\\\/heihuyzen.be\\\/fr\\\/\",\"name\":\"Heihuyzen\",\"description\":\"Private Stichting en Domein\",\"publisher\":{\"@id\":\"https:\\\/\\\/heihuyzen.be\\\/fr\\\/#organization\"},\"potentialAction\":[{\"@type\":\"SearchAction\",\"target\":{\"@type\":\"EntryPoint\",\"urlTemplate\":\"https:\\\/\\\/heihuyzen.be\\\/fr\\\/?s={search_term_string}\"},\"query-input\":{\"@type\":\"PropertyValueSpecification\",\"valueRequired\":true,\"valueName\":\"search_term_string\"}}],\"inLanguage\":\"fr-FR\"},{\"@type\":\"Organization\",\"@id\":\"https:\\\/\\\/heihuyzen.be\\\/fr\\\/#organization\",\"name\":\"Heihuyzen\",\"url\":\"https:\\\/\\\/heihuyzen.be\\\/fr\\\/\",\"logo\":{\"@type\":\"ImageObject\",\"inLanguage\":\"fr-FR\",\"@id\":\"https:\\\/\\\/heihuyzen.be\\\/fr\\\/#\\\/schema\\\/logo\\\/image\\\/\",\"url\":\"https:\\\/\\\/heihuyzen.be\\\/wp-content\\\/uploads\\\/2025\\\/09\\\/cropped-logo-heihuyzen-2025.png\",\"contentUrl\":\"https:\\\/\\\/heihuyzen.be\\\/wp-content\\\/uploads\\\/2025\\\/09\\\/cropped-logo-heihuyzen-2025.png\",\"width\":809,\"height\":724,\"caption\":\"Heihuyzen\"},\"image\":{\"@id\":\"https:\\\/\\\/heihuyzen.be\\\/fr\\\/#\\\/schema\\\/logo\\\/image\\\/\"},\"sameAs\":[\"https:\\\/\\\/www.facebook.com\\\/heihuyzen\\\/\",\"https:\\\/\\\/www.instagram.com\\\/heihuyzen\\\/\"]}]}<\/script>\n<!-- \/ Yoast SEO plugin. -->","yoast_head_json":{"title":"M-Rum \u2013 saveur pomme de pin \u2013 500 ml \u2013 38 % vol. - Heihuyzen","robots":{"index":"index","follow":"follow","max-snippet":"max-snippet:-1","max-image-preview":"max-image-preview:large","max-video-preview":"max-video-preview:-1"},"canonical":"https:\/\/heihuyzen.be\/fr\/produit\/m-rum-dennenappel-smaak-500ml-38-vol\/","og_locale":"fr_FR","og_type":"article","og_title":"M-Rum \u2013 saveur pomme de pin \u2013 500 ml \u2013 38 % vol. - Heihuyzen","og_description":"Heihuyzen Rum Sombre, doux et avec une note de pin Un bon rhum sombre pla\u00eet \u00e0 beaucoup \u2014 surtout lors de soir\u00e9es fra\u00eeches, pr\u00e8s du feu avec un livre \u00e0 la main, ou apr\u00e8s le repas en bonne compagnie. Christophe Lenaerts, amateur de tout ce qui est pur et savoureux, \u00e9largit sa collection. Apr\u00e8s le [&hellip;]","og_url":"https:\/\/heihuyzen.be\/fr\/produit\/m-rum-dennenappel-smaak-500ml-38-vol\/","og_site_name":"Heihuyzen","article_publisher":"https:\/\/www.facebook.com\/heihuyzen\/","article_modified_time":"2025-12-16T22:40:56+00:00","og_image":[{"width":2048,"height":1536,"url":"https:\/\/heihuyzen.be\/wp-content\/uploads\/2025\/09\/IMG_5583.jpg","type":"image\/jpeg"}],"twitter_card":"summary_large_image","twitter_misc":{"Dur\u00e9e de lecture estim\u00e9e":"1 minute"},"schema":{"@context":"https:\/\/schema.org","@graph":[{"@type":"WebPage","@id":"https:\/\/heihuyzen.be\/fr\/produit\/m-rum-dennenappel-smaak-500ml-38-vol\/","url":"https:\/\/heihuyzen.be\/fr\/produit\/m-rum-dennenappel-smaak-500ml-38-vol\/","name":"M-Rum \u2013 saveur pomme de pin \u2013 500 ml \u2013 38 % vol. - Heihuyzen","isPartOf":{"@id":"https:\/\/heihuyzen.be\/fr\/#website"},"primaryImageOfPage":{"@id":"https:\/\/heihuyzen.be\/fr\/produit\/m-rum-dennenappel-smaak-500ml-38-vol\/#primaryimage"},"image":{"@id":"https:\/\/heihuyzen.be\/fr\/produit\/m-rum-dennenappel-smaak-500ml-38-vol\/#primaryimage"},"thumbnailUrl":"https:\/\/heihuyzen.be\/wp-content\/uploads\/2025\/09\/IMG_5583.jpg","datePublished":"2025-09-21T17:52:03+00:00","dateModified":"2025-12-16T22:40:56+00:00","breadcrumb":{"@id":"https:\/\/heihuyzen.be\/fr\/produit\/m-rum-dennenappel-smaak-500ml-38-vol\/#breadcrumb"},"inLanguage":"fr-FR","potentialAction":[{"@type":"ReadAction","target":["https:\/\/heihuyzen.be\/fr\/produit\/m-rum-dennenappel-smaak-500ml-38-vol\/"]}]},{"@type":"ImageObject","inLanguage":"fr-FR","@id":"https:\/\/heihuyzen.be\/fr\/produit\/m-rum-dennenappel-smaak-500ml-38-vol\/#primaryimage","url":"https:\/\/heihuyzen.be\/wp-content\/uploads\/2025\/09\/IMG_5583.jpg","contentUrl":"https:\/\/heihuyzen.be\/wp-content\/uploads\/2025\/09\/IMG_5583.jpg","width":2048,"height":1536},{"@type":"BreadcrumbList","@id":"https:\/\/heihuyzen.be\/fr\/produit\/m-rum-dennenappel-smaak-500ml-38-vol\/#breadcrumb","itemListElement":[{"@type":"ListItem","position":1,"name":"Accueil","item":"https:\/\/heihuyzen.be\/fr\/"},{"@type":"ListItem","position":2,"name":"Boutique","item":"https:\/\/heihuyzen.be\/fr\/boutique\/"},{"@type":"ListItem","position":3,"name":"M-Rum \u2013 saveur pomme de pin \u2013 500 ml \u2013 38 % vol."}]},{"@type":"WebSite","@id":"https:\/\/heihuyzen.be\/fr\/#website","url":"https:\/\/heihuyzen.be\/fr\/","name":"Heihuyzen","description":"Private Stichting en Domein","publisher":{"@id":"https:\/\/heihuyzen.be\/fr\/#organization"},"potentialAction":[{"@type":"SearchAction","target":{"@type":"EntryPoint","urlTemplate":"https:\/\/heihuyzen.be\/fr\/?s={search_term_string}"},"query-input":{"@type":"PropertyValueSpecification","valueRequired":true,"valueName":"search_term_string"}}],"inLanguage":"fr-FR"},{"@type":"Organization","@id":"https:\/\/heihuyzen.be\/fr\/#organization","name":"Heihuyzen","url":"https:\/\/heihuyzen.be\/fr\/","logo":{"@type":"ImageObject","inLanguage":"fr-FR","@id":"https:\/\/heihuyzen.be\/fr\/#\/schema\/logo\/image\/","url":"https:\/\/heihuyzen.be\/wp-content\/uploads\/2025\/09\/cropped-logo-heihuyzen-2025.png","contentUrl":"https:\/\/heihuyzen.be\/wp-content\/uploads\/2025\/09\/cropped-logo-heihuyzen-2025.png","width":809,"height":724,"caption":"Heihuyzen"},"image":{"@id":"https:\/\/heihuyzen.be\/fr\/#\/schema\/logo\/image\/"},"sameAs":["https:\/\/www.facebook.com\/heihuyzen\/","https:\/\/www.instagram.com\/heihuyzen\/"]}]}},"jetpack_publicize_connections":[],"jetpack_sharing_enabled":true,"_links":{"self":[{"href":"https:\/\/heihuyzen.be\/fr\/wp-json\/wp\/v2\/product\/8806","targetHints":{"allow":["GET"]}}],"collection":[{"href":"https:\/\/heihuyzen.be\/fr\/wp-json\/wp\/v2\/product"}],"about":[{"href":"https:\/\/heihuyzen.be\/fr\/wp-json\/wp\/v2\/types\/product"}],"replies":[{"embeddable":true,"href":"https:\/\/heihuyzen.be\/fr\/wp-json\/wp\/v2\/comments?post=8806"}],"wp:featuredmedia":[{"embeddable":true,"href":"https:\/\/heihuyzen.be\/fr\/wp-json\/wp\/v2\/media\/8807"}],"wp:attachment":[{"href":"https:\/\/heihuyzen.be\/fr\/wp-json\/wp\/v2\/media?parent=8806"}],"wp:term":[{"taxonomy":"product_brand","embeddable":true,"href":"https:\/\/heihuyzen.be\/fr\/wp-json\/wp\/v2\/product_brand?post=8806"},{"taxonomy":"product_cat","embeddable":true,"href":"https:\/\/heihuyzen.be\/fr\/wp-json\/wp\/v2\/product_cat?post=8806"},{"taxonomy":"product_tag","embeddable":true,"href":"https:\/\/heihuyzen.be\/fr\/wp-json\/wp\/v2\/product_tag?post=8806"}],"curies":[{"name":"wp","href":"https:\/\/api.w.org\/{rel}","templated":true}]}}