{"id":8810,"date":"2025-09-21T17:52:03","date_gmt":"2025-09-21T17:52:03","guid":{"rendered":"https:\/\/heihuyzen.be\/product\/apero-mixer-zonder-alcool-500ml\/"},"modified":"2025-12-16T22:41:59","modified_gmt":"2025-12-16T22:41:59","slug":"apero-mixer-zonder-alcool-500ml","status":"publish","type":"product","link":"https:\/\/heihuyzen.be\/fr\/produit\/apero-mixer-zonder-alcool-500ml\/","title":{"rendered":"Aper\u00d8 \u2013 mixer sans alcool \u2013 500ml"},"content":{"rendered":"<p>Aper\u00d8 est une boisson sans alcool \u00e0 base de produits naturels que vous pouvez m\u00e9langer avec un tonic, comme un gin. Elle est tr\u00e8s rafra\u00eechissante avec des saveurs \u00e0 la fois douces et l\u00e9g\u00e8rement am\u00e8res de pamplemousse, de rose, de framboise et bien s\u00fbr, de nos bourgeons de pin du domaine. <\/p>\n<p>Nous recommandons de le m\u00e9langer avec un <a href=\"https:\/\/fever-tree.com\/nl_BE\/products\/rhubarb-raspberry-tonic-water\" target=\"_blank\" rel=\"noopener\">Fevertree Framboise et Rhubarbe<\/a> et beaucoup de glace. Ajoutez-y un morceau de pamplemousse et il sera pr\u00eat \u00e0 \u00eatre d\u00e9gust\u00e9 comme un cocktail rafra\u00eechissant, sans alcool et savoureux.<\/p>\n<p>Comme il est fabriqu\u00e9 avec des produits naturels, sa conservation au r\u00e9frig\u00e9rateur apr\u00e8s ouverture est tr\u00e8s limit\u00e9e. C&rsquo;est pourquoi les bouteilles ne font que 50cl afin d&rsquo;\u00e9viter le gaspillage. <\/p>\n","protected":false},"excerpt":{"rendered":"<p>Aper\u00d8 est une boisson sans alcool \u00e0 base de produits naturels que vous pouvez m\u00e9langer avec un tonic, comme un gin. Elle est tr\u00e8s rafra\u00eechissante avec des saveurs \u00e0 la fois douces et l\u00e9g\u00e8rement am\u00e8res de pamplemousse, de rose, de framboise et bien s\u00fbr, de nos bourgeons de pin du domaine. Nous recommandons de le [&hellip;]<\/p>\n","protected":false},"featured_media":8811,"comment_status":"closed","ping_status":"closed","template":"","meta":{"jetpack_publicize_message":"","jetpack_publicize_feature_enabled":true,"jetpack_social_post_already_shared":false,"jetpack_social_options":{"image_generator_settings":{"template":"highway","default_image_id":0,"font":"","enabled":false},"version":2}},"product_brand":[164],"product_cat":[196],"product_tag":[250,198,199,251],"class_list":{"0":"post-8810","1":"product","2":"type-product","3":"status-publish","4":"has-post-thumbnail","6":"product_brand-heihuyzen","7":"product_cat-gin","8":"product_tag-apero","9":"product_tag-gin","10":"product_tag-heihuyzen","11":"product_tag-mixer","12":"product_shipping_class-1-bouteille","14":"first","15":"instock","16":"taxable","17":"shipping-taxable","18":"purchasable","19":"product-type-simple"},"yoast_head":"<!-- This site is optimized with the Yoast SEO plugin v27.4 - https:\/\/yoast.com\/product\/yoast-seo-wordpress\/ -->\n<title>Aper\u00d8 \u2013 mixer sans alcool \u2013 500ml - Heihuyzen<\/title>\n<meta name=\"robots\" content=\"index, follow, max-snippet:-1, max-image-preview:large, max-video-preview:-1\" \/>\n<link rel=\"canonical\" href=\"https:\/\/heihuyzen.be\/fr\/produit\/apero-mixer-zonder-alcool-500ml\/\" \/>\n<meta property=\"og:locale\" content=\"fr_FR\" \/>\n<meta property=\"og:type\" content=\"article\" \/>\n<meta property=\"og:title\" content=\"Aper\u00d8 \u2013 mixer sans alcool \u2013 500ml - Heihuyzen\" \/>\n<meta property=\"og:description\" content=\"Aper\u00d8 est une boisson sans alcool \u00e0 base de produits naturels que vous pouvez m\u00e9langer avec un tonic, comme un gin. Elle est tr\u00e8s rafra\u00eechissante avec des saveurs \u00e0 la fois douces et l\u00e9g\u00e8rement am\u00e8res de pamplemousse, de rose, de framboise et bien s\u00fbr, de nos bourgeons de pin du domaine. Nous recommandons de le [&hellip;]\" \/>\n<meta property=\"og:url\" content=\"https:\/\/heihuyzen.be\/fr\/produit\/apero-mixer-zonder-alcool-500ml\/\" \/>\n<meta property=\"og:site_name\" content=\"Heihuyzen\" \/>\n<meta property=\"article:publisher\" content=\"https:\/\/www.facebook.com\/heihuyzen\/\" \/>\n<meta property=\"article:modified_time\" content=\"2025-12-16T22:41:59+00:00\" \/>\n<meta property=\"og:image\" content=\"https:\/\/heihuyzen.be\/wp-content\/uploads\/2025\/09\/IMG_3643-scaled-1.jpeg\" \/>\n\t<meta property=\"og:image:width\" content=\"1920\" \/>\n\t<meta property=\"og:image:height\" content=\"2560\" \/>\n\t<meta property=\"og:image:type\" content=\"image\/jpeg\" \/>\n<meta name=\"twitter:card\" content=\"summary_large_image\" \/>\n<meta name=\"twitter:label1\" content=\"Dur\u00e9e de lecture estim\u00e9e\" \/>\n\t<meta name=\"twitter:data1\" content=\"1 minute\" \/>\n<script type=\"application\/ld+json\" class=\"yoast-schema-graph\">{\"@context\":\"https:\\\/\\\/schema.org\",\"@graph\":[{\"@type\":\"WebPage\",\"@id\":\"https:\\\/\\\/heihuyzen.be\\\/fr\\\/produit\\\/apero-mixer-zonder-alcool-500ml\\\/\",\"url\":\"https:\\\/\\\/heihuyzen.be\\\/fr\\\/produit\\\/apero-mixer-zonder-alcool-500ml\\\/\",\"name\":\"Aper\u00d8 \u2013 mixer sans alcool \u2013 500ml - Heihuyzen\",\"isPartOf\":{\"@id\":\"https:\\\/\\\/heihuyzen.be\\\/fr\\\/#website\"},\"primaryImageOfPage\":{\"@id\":\"https:\\\/\\\/heihuyzen.be\\\/fr\\\/produit\\\/apero-mixer-zonder-alcool-500ml\\\/#primaryimage\"},\"image\":{\"@id\":\"https:\\\/\\\/heihuyzen.be\\\/fr\\\/produit\\\/apero-mixer-zonder-alcool-500ml\\\/#primaryimage\"},\"thumbnailUrl\":\"https:\\\/\\\/heihuyzen.be\\\/wp-content\\\/uploads\\\/2025\\\/09\\\/IMG_3643-scaled-1.jpeg\",\"datePublished\":\"2025-09-21T17:52:03+00:00\",\"dateModified\":\"2025-12-16T22:41:59+00:00\",\"breadcrumb\":{\"@id\":\"https:\\\/\\\/heihuyzen.be\\\/fr\\\/produit\\\/apero-mixer-zonder-alcool-500ml\\\/#breadcrumb\"},\"inLanguage\":\"fr-FR\",\"potentialAction\":[{\"@type\":\"ReadAction\",\"target\":[\"https:\\\/\\\/heihuyzen.be\\\/fr\\\/produit\\\/apero-mixer-zonder-alcool-500ml\\\/\"]}]},{\"@type\":\"ImageObject\",\"inLanguage\":\"fr-FR\",\"@id\":\"https:\\\/\\\/heihuyzen.be\\\/fr\\\/produit\\\/apero-mixer-zonder-alcool-500ml\\\/#primaryimage\",\"url\":\"https:\\\/\\\/heihuyzen.be\\\/wp-content\\\/uploads\\\/2025\\\/09\\\/IMG_3643-scaled-1.jpeg\",\"contentUrl\":\"https:\\\/\\\/heihuyzen.be\\\/wp-content\\\/uploads\\\/2025\\\/09\\\/IMG_3643-scaled-1.jpeg\",\"width\":1920,\"height\":2560},{\"@type\":\"BreadcrumbList\",\"@id\":\"https:\\\/\\\/heihuyzen.be\\\/fr\\\/produit\\\/apero-mixer-zonder-alcool-500ml\\\/#breadcrumb\",\"itemListElement\":[{\"@type\":\"ListItem\",\"position\":1,\"name\":\"Accueil\",\"item\":\"https:\\\/\\\/heihuyzen.be\\\/fr\\\/\"},{\"@type\":\"ListItem\",\"position\":2,\"name\":\"Boutique\",\"item\":\"https:\\\/\\\/heihuyzen.be\\\/fr\\\/boutique\\\/\"},{\"@type\":\"ListItem\",\"position\":3,\"name\":\"Aper\u00d8 \u2013 mixer sans alcool \u2013 500ml\"}]},{\"@type\":\"WebSite\",\"@id\":\"https:\\\/\\\/heihuyzen.be\\\/fr\\\/#website\",\"url\":\"https:\\\/\\\/heihuyzen.be\\\/fr\\\/\",\"name\":\"Heihuyzen\",\"description\":\"Private Stichting en Domein\",\"publisher\":{\"@id\":\"https:\\\/\\\/heihuyzen.be\\\/fr\\\/#organization\"},\"potentialAction\":[{\"@type\":\"SearchAction\",\"target\":{\"@type\":\"EntryPoint\",\"urlTemplate\":\"https:\\\/\\\/heihuyzen.be\\\/fr\\\/?s={search_term_string}\"},\"query-input\":{\"@type\":\"PropertyValueSpecification\",\"valueRequired\":true,\"valueName\":\"search_term_string\"}}],\"inLanguage\":\"fr-FR\"},{\"@type\":\"Organization\",\"@id\":\"https:\\\/\\\/heihuyzen.be\\\/fr\\\/#organization\",\"name\":\"Heihuyzen\",\"url\":\"https:\\\/\\\/heihuyzen.be\\\/fr\\\/\",\"logo\":{\"@type\":\"ImageObject\",\"inLanguage\":\"fr-FR\",\"@id\":\"https:\\\/\\\/heihuyzen.be\\\/fr\\\/#\\\/schema\\\/logo\\\/image\\\/\",\"url\":\"https:\\\/\\\/heihuyzen.be\\\/wp-content\\\/uploads\\\/2025\\\/09\\\/cropped-logo-heihuyzen-2025.png\",\"contentUrl\":\"https:\\\/\\\/heihuyzen.be\\\/wp-content\\\/uploads\\\/2025\\\/09\\\/cropped-logo-heihuyzen-2025.png\",\"width\":809,\"height\":724,\"caption\":\"Heihuyzen\"},\"image\":{\"@id\":\"https:\\\/\\\/heihuyzen.be\\\/fr\\\/#\\\/schema\\\/logo\\\/image\\\/\"},\"sameAs\":[\"https:\\\/\\\/www.facebook.com\\\/heihuyzen\\\/\",\"https:\\\/\\\/www.instagram.com\\\/heihuyzen\\\/\"]}]}<\/script>\n<!-- \/ Yoast SEO plugin. -->","yoast_head_json":{"title":"Aper\u00d8 \u2013 mixer sans alcool \u2013 500ml - Heihuyzen","robots":{"index":"index","follow":"follow","max-snippet":"max-snippet:-1","max-image-preview":"max-image-preview:large","max-video-preview":"max-video-preview:-1"},"canonical":"https:\/\/heihuyzen.be\/fr\/produit\/apero-mixer-zonder-alcool-500ml\/","og_locale":"fr_FR","og_type":"article","og_title":"Aper\u00d8 \u2013 mixer sans alcool \u2013 500ml - Heihuyzen","og_description":"Aper\u00d8 est une boisson sans alcool \u00e0 base de produits naturels que vous pouvez m\u00e9langer avec un tonic, comme un gin. Elle est tr\u00e8s rafra\u00eechissante avec des saveurs \u00e0 la fois douces et l\u00e9g\u00e8rement am\u00e8res de pamplemousse, de rose, de framboise et bien s\u00fbr, de nos bourgeons de pin du domaine. Nous recommandons de le [&hellip;]","og_url":"https:\/\/heihuyzen.be\/fr\/produit\/apero-mixer-zonder-alcool-500ml\/","og_site_name":"Heihuyzen","article_publisher":"https:\/\/www.facebook.com\/heihuyzen\/","article_modified_time":"2025-12-16T22:41:59+00:00","og_image":[{"width":1920,"height":2560,"url":"https:\/\/heihuyzen.be\/wp-content\/uploads\/2025\/09\/IMG_3643-scaled-1.jpeg","type":"image\/jpeg"}],"twitter_card":"summary_large_image","twitter_misc":{"Dur\u00e9e de lecture estim\u00e9e":"1 minute"},"schema":{"@context":"https:\/\/schema.org","@graph":[{"@type":"WebPage","@id":"https:\/\/heihuyzen.be\/fr\/produit\/apero-mixer-zonder-alcool-500ml\/","url":"https:\/\/heihuyzen.be\/fr\/produit\/apero-mixer-zonder-alcool-500ml\/","name":"Aper\u00d8 \u2013 mixer sans alcool \u2013 500ml - Heihuyzen","isPartOf":{"@id":"https:\/\/heihuyzen.be\/fr\/#website"},"primaryImageOfPage":{"@id":"https:\/\/heihuyzen.be\/fr\/produit\/apero-mixer-zonder-alcool-500ml\/#primaryimage"},"image":{"@id":"https:\/\/heihuyzen.be\/fr\/produit\/apero-mixer-zonder-alcool-500ml\/#primaryimage"},"thumbnailUrl":"https:\/\/heihuyzen.be\/wp-content\/uploads\/2025\/09\/IMG_3643-scaled-1.jpeg","datePublished":"2025-09-21T17:52:03+00:00","dateModified":"2025-12-16T22:41:59+00:00","breadcrumb":{"@id":"https:\/\/heihuyzen.be\/fr\/produit\/apero-mixer-zonder-alcool-500ml\/#breadcrumb"},"inLanguage":"fr-FR","potentialAction":[{"@type":"ReadAction","target":["https:\/\/heihuyzen.be\/fr\/produit\/apero-mixer-zonder-alcool-500ml\/"]}]},{"@type":"ImageObject","inLanguage":"fr-FR","@id":"https:\/\/heihuyzen.be\/fr\/produit\/apero-mixer-zonder-alcool-500ml\/#primaryimage","url":"https:\/\/heihuyzen.be\/wp-content\/uploads\/2025\/09\/IMG_3643-scaled-1.jpeg","contentUrl":"https:\/\/heihuyzen.be\/wp-content\/uploads\/2025\/09\/IMG_3643-scaled-1.jpeg","width":1920,"height":2560},{"@type":"BreadcrumbList","@id":"https:\/\/heihuyzen.be\/fr\/produit\/apero-mixer-zonder-alcool-500ml\/#breadcrumb","itemListElement":[{"@type":"ListItem","position":1,"name":"Accueil","item":"https:\/\/heihuyzen.be\/fr\/"},{"@type":"ListItem","position":2,"name":"Boutique","item":"https:\/\/heihuyzen.be\/fr\/boutique\/"},{"@type":"ListItem","position":3,"name":"Aper\u00d8 \u2013 mixer sans alcool \u2013 500ml"}]},{"@type":"WebSite","@id":"https:\/\/heihuyzen.be\/fr\/#website","url":"https:\/\/heihuyzen.be\/fr\/","name":"Heihuyzen","description":"Private Stichting en Domein","publisher":{"@id":"https:\/\/heihuyzen.be\/fr\/#organization"},"potentialAction":[{"@type":"SearchAction","target":{"@type":"EntryPoint","urlTemplate":"https:\/\/heihuyzen.be\/fr\/?s={search_term_string}"},"query-input":{"@type":"PropertyValueSpecification","valueRequired":true,"valueName":"search_term_string"}}],"inLanguage":"fr-FR"},{"@type":"Organization","@id":"https:\/\/heihuyzen.be\/fr\/#organization","name":"Heihuyzen","url":"https:\/\/heihuyzen.be\/fr\/","logo":{"@type":"ImageObject","inLanguage":"fr-FR","@id":"https:\/\/heihuyzen.be\/fr\/#\/schema\/logo\/image\/","url":"https:\/\/heihuyzen.be\/wp-content\/uploads\/2025\/09\/cropped-logo-heihuyzen-2025.png","contentUrl":"https:\/\/heihuyzen.be\/wp-content\/uploads\/2025\/09\/cropped-logo-heihuyzen-2025.png","width":809,"height":724,"caption":"Heihuyzen"},"image":{"@id":"https:\/\/heihuyzen.be\/fr\/#\/schema\/logo\/image\/"},"sameAs":["https:\/\/www.facebook.com\/heihuyzen\/","https:\/\/www.instagram.com\/heihuyzen\/"]}]}},"jetpack_publicize_connections":[],"jetpack_sharing_enabled":true,"_links":{"self":[{"href":"https:\/\/heihuyzen.be\/fr\/wp-json\/wp\/v2\/product\/8810","targetHints":{"allow":["GET"]}}],"collection":[{"href":"https:\/\/heihuyzen.be\/fr\/wp-json\/wp\/v2\/product"}],"about":[{"href":"https:\/\/heihuyzen.be\/fr\/wp-json\/wp\/v2\/types\/product"}],"replies":[{"embeddable":true,"href":"https:\/\/heihuyzen.be\/fr\/wp-json\/wp\/v2\/comments?post=8810"}],"wp:featuredmedia":[{"embeddable":true,"href":"https:\/\/heihuyzen.be\/fr\/wp-json\/wp\/v2\/media\/8811"}],"wp:attachment":[{"href":"https:\/\/heihuyzen.be\/fr\/wp-json\/wp\/v2\/media?parent=8810"}],"wp:term":[{"taxonomy":"product_brand","embeddable":true,"href":"https:\/\/heihuyzen.be\/fr\/wp-json\/wp\/v2\/product_brand?post=8810"},{"taxonomy":"product_cat","embeddable":true,"href":"https:\/\/heihuyzen.be\/fr\/wp-json\/wp\/v2\/product_cat?post=8810"},{"taxonomy":"product_tag","embeddable":true,"href":"https:\/\/heihuyzen.be\/fr\/wp-json\/wp\/v2\/product_tag?post=8810"}],"curies":[{"name":"wp","href":"https:\/\/api.w.org\/{rel}","templated":true}]}}