{"id":9216,"date":"2025-12-16T23:02:54","date_gmt":"2025-12-16T23:02:54","guid":{"rendered":"https:\/\/heihuyzen.be\/product\/jenever-mastentoppen-coffret-cadeau\/"},"modified":"2025-12-16T23:02:54","modified_gmt":"2025-12-16T23:02:54","slug":"jenever-mastentoppen-coffret-cadeau","status":"publish","type":"product","link":"https:\/\/heihuyzen.be\/fr\/produit\/jenever-mastentoppen-coffret-cadeau\/","title":{"rendered":"Jenever Mastentoppen \u2013 Coffret cadeau"},"content":{"rendered":"<p data-start=\"557\" data-end=\"714\">Un hommage \u00e0 la tradition et au terroir. Le Jenever Mastentoppen est doux, plein de caract\u00e8re et parfaitement \u00e9quilibr\u00e9, un classique intemporel avec une finesse contemporaine. <\/p>\n<p data-start=\"716\" data-end=\"749\"><strong data-start=\"716\" data-end=\"749\">Disponible en coffret cadeau :<\/strong><\/p>\n<ul data-start=\"750\" data-end=\"815\">\n<li data-start=\"750\" data-end=\"769\">\n<p data-start=\"752\" data-end=\"769\">Sans verres<\/p>\n<\/li>\n<li data-start=\"770\" data-end=\"815\">\n<p data-start=\"772\" data-end=\"815\">Avec 2 verres \u00e0 jenever Heihuyzen originaux<\/p>\n<\/li>\n<\/ul>\n<p data-start=\"817\" data-end=\"876\">Parfait pour les amateurs d&rsquo;authentique jenever belge.<\/p>\n<p data-start=\"817\" data-end=\"876\">\n","protected":false},"excerpt":{"rendered":"<p>Un hommage \u00e0 la tradition et au terroir. Le Jenever Mastentoppen est doux, plein de caract\u00e8re et parfaitement \u00e9quilibr\u00e9, un classique intemporel avec une finesse contemporaine. Disponible en coffret cadeau : Sans verres Avec 2 verres \u00e0 jenever Heihuyzen originaux Parfait pour les amateurs d&rsquo;authentique jenever belge.<\/p>\n","protected":false},"featured_media":0,"comment_status":"closed","ping_status":"closed","template":"","meta":{"jetpack_publicize_message":"","jetpack_publicize_feature_enabled":true,"jetpack_social_post_already_shared":true,"jetpack_social_options":{"image_generator_settings":{"template":"highway","default_image_id":0,"font":"","enabled":false},"version":2}},"product_brand":[164],"product_cat":[224,214],"product_tag":[354,199,216,217],"class_list":{"0":"post-9216","1":"product","2":"type-product","3":"status-publish","5":"product_brand-heihuyzen","6":"product_cat-cadeau","7":"product_cat-jenever","8":"product_tag-cadeau-2","9":"product_tag-heihuyzen","10":"product_tag-jenever","11":"product_tag-mastentoppen","12":"product_shipping_class-1-bouteille","14":"first","15":"outofstock","16":"taxable","17":"shipping-taxable","18":"purchasable","19":"product-type-variable"},"yoast_head":"<!-- This site is optimized with the Yoast SEO plugin v27.4 - https:\/\/yoast.com\/product\/yoast-seo-wordpress\/ -->\n<title>Jenever Mastentoppen \u2013 Coffret cadeau - Heihuyzen<\/title>\n<meta name=\"robots\" content=\"index, follow, max-snippet:-1, max-image-preview:large, max-video-preview:-1\" \/>\n<link rel=\"canonical\" href=\"https:\/\/heihuyzen.be\/fr\/produit\/jenever-mastentoppen-coffret-cadeau\/\" \/>\n<meta property=\"og:locale\" content=\"fr_FR\" \/>\n<meta property=\"og:type\" content=\"article\" \/>\n<meta property=\"og:title\" content=\"Jenever Mastentoppen \u2013 Coffret cadeau - Heihuyzen\" \/>\n<meta property=\"og:description\" content=\"Un hommage \u00e0 la tradition et au terroir. Le Jenever Mastentoppen est doux, plein de caract\u00e8re et parfaitement \u00e9quilibr\u00e9, un classique intemporel avec une finesse contemporaine. Disponible en coffret cadeau : Sans verres Avec 2 verres \u00e0 jenever Heihuyzen originaux Parfait pour les amateurs d&rsquo;authentique jenever belge.\" \/>\n<meta property=\"og:url\" content=\"https:\/\/heihuyzen.be\/fr\/produit\/jenever-mastentoppen-coffret-cadeau\/\" \/>\n<meta property=\"og:site_name\" content=\"Heihuyzen\" \/>\n<meta property=\"article:publisher\" content=\"https:\/\/www.facebook.com\/heihuyzen\/\" \/>\n<meta name=\"twitter:card\" content=\"summary_large_image\" \/>\n<script type=\"application\/ld+json\" class=\"yoast-schema-graph\">{\"@context\":\"https:\\\/\\\/schema.org\",\"@graph\":[{\"@type\":\"WebPage\",\"@id\":\"https:\\\/\\\/heihuyzen.be\\\/fr\\\/produit\\\/jenever-mastentoppen-coffret-cadeau\\\/\",\"url\":\"https:\\\/\\\/heihuyzen.be\\\/fr\\\/produit\\\/jenever-mastentoppen-coffret-cadeau\\\/\",\"name\":\"Jenever Mastentoppen \u2013 Coffret cadeau - Heihuyzen\",\"isPartOf\":{\"@id\":\"https:\\\/\\\/heihuyzen.be\\\/fr\\\/#website\"},\"datePublished\":\"2025-12-16T23:02:54+00:00\",\"breadcrumb\":{\"@id\":\"https:\\\/\\\/heihuyzen.be\\\/fr\\\/produit\\\/jenever-mastentoppen-coffret-cadeau\\\/#breadcrumb\"},\"inLanguage\":\"fr-FR\",\"potentialAction\":[{\"@type\":\"ReadAction\",\"target\":[\"https:\\\/\\\/heihuyzen.be\\\/fr\\\/produit\\\/jenever-mastentoppen-coffret-cadeau\\\/\"]}]},{\"@type\":\"BreadcrumbList\",\"@id\":\"https:\\\/\\\/heihuyzen.be\\\/fr\\\/produit\\\/jenever-mastentoppen-coffret-cadeau\\\/#breadcrumb\",\"itemListElement\":[{\"@type\":\"ListItem\",\"position\":1,\"name\":\"Accueil\",\"item\":\"https:\\\/\\\/heihuyzen.be\\\/fr\\\/\"},{\"@type\":\"ListItem\",\"position\":2,\"name\":\"Boutique\",\"item\":\"https:\\\/\\\/heihuyzen.be\\\/fr\\\/boutique\\\/\"},{\"@type\":\"ListItem\",\"position\":3,\"name\":\"Jenever Mastentoppen \u2013 Coffret cadeau\"}]},{\"@type\":\"WebSite\",\"@id\":\"https:\\\/\\\/heihuyzen.be\\\/fr\\\/#website\",\"url\":\"https:\\\/\\\/heihuyzen.be\\\/fr\\\/\",\"name\":\"Heihuyzen\",\"description\":\"Private Stichting en Domein\",\"publisher\":{\"@id\":\"https:\\\/\\\/heihuyzen.be\\\/fr\\\/#organization\"},\"potentialAction\":[{\"@type\":\"SearchAction\",\"target\":{\"@type\":\"EntryPoint\",\"urlTemplate\":\"https:\\\/\\\/heihuyzen.be\\\/fr\\\/?s={search_term_string}\"},\"query-input\":{\"@type\":\"PropertyValueSpecification\",\"valueRequired\":true,\"valueName\":\"search_term_string\"}}],\"inLanguage\":\"fr-FR\"},{\"@type\":\"Organization\",\"@id\":\"https:\\\/\\\/heihuyzen.be\\\/fr\\\/#organization\",\"name\":\"Heihuyzen\",\"url\":\"https:\\\/\\\/heihuyzen.be\\\/fr\\\/\",\"logo\":{\"@type\":\"ImageObject\",\"inLanguage\":\"fr-FR\",\"@id\":\"https:\\\/\\\/heihuyzen.be\\\/fr\\\/#\\\/schema\\\/logo\\\/image\\\/\",\"url\":\"https:\\\/\\\/heihuyzen.be\\\/wp-content\\\/uploads\\\/2025\\\/09\\\/cropped-logo-heihuyzen-2025.png\",\"contentUrl\":\"https:\\\/\\\/heihuyzen.be\\\/wp-content\\\/uploads\\\/2025\\\/09\\\/cropped-logo-heihuyzen-2025.png\",\"width\":809,\"height\":724,\"caption\":\"Heihuyzen\"},\"image\":{\"@id\":\"https:\\\/\\\/heihuyzen.be\\\/fr\\\/#\\\/schema\\\/logo\\\/image\\\/\"},\"sameAs\":[\"https:\\\/\\\/www.facebook.com\\\/heihuyzen\\\/\",\"https:\\\/\\\/www.instagram.com\\\/heihuyzen\\\/\"]}]}<\/script>\n<!-- \/ Yoast SEO plugin. -->","yoast_head_json":{"title":"Jenever Mastentoppen \u2013 Coffret cadeau - Heihuyzen","robots":{"index":"index","follow":"follow","max-snippet":"max-snippet:-1","max-image-preview":"max-image-preview:large","max-video-preview":"max-video-preview:-1"},"canonical":"https:\/\/heihuyzen.be\/fr\/produit\/jenever-mastentoppen-coffret-cadeau\/","og_locale":"fr_FR","og_type":"article","og_title":"Jenever Mastentoppen \u2013 Coffret cadeau - Heihuyzen","og_description":"Un hommage \u00e0 la tradition et au terroir. Le Jenever Mastentoppen est doux, plein de caract\u00e8re et parfaitement \u00e9quilibr\u00e9, un classique intemporel avec une finesse contemporaine. Disponible en coffret cadeau : Sans verres Avec 2 verres \u00e0 jenever Heihuyzen originaux Parfait pour les amateurs d&rsquo;authentique jenever belge.","og_url":"https:\/\/heihuyzen.be\/fr\/produit\/jenever-mastentoppen-coffret-cadeau\/","og_site_name":"Heihuyzen","article_publisher":"https:\/\/www.facebook.com\/heihuyzen\/","twitter_card":"summary_large_image","schema":{"@context":"https:\/\/schema.org","@graph":[{"@type":"WebPage","@id":"https:\/\/heihuyzen.be\/fr\/produit\/jenever-mastentoppen-coffret-cadeau\/","url":"https:\/\/heihuyzen.be\/fr\/produit\/jenever-mastentoppen-coffret-cadeau\/","name":"Jenever Mastentoppen \u2013 Coffret cadeau - Heihuyzen","isPartOf":{"@id":"https:\/\/heihuyzen.be\/fr\/#website"},"datePublished":"2025-12-16T23:02:54+00:00","breadcrumb":{"@id":"https:\/\/heihuyzen.be\/fr\/produit\/jenever-mastentoppen-coffret-cadeau\/#breadcrumb"},"inLanguage":"fr-FR","potentialAction":[{"@type":"ReadAction","target":["https:\/\/heihuyzen.be\/fr\/produit\/jenever-mastentoppen-coffret-cadeau\/"]}]},{"@type":"BreadcrumbList","@id":"https:\/\/heihuyzen.be\/fr\/produit\/jenever-mastentoppen-coffret-cadeau\/#breadcrumb","itemListElement":[{"@type":"ListItem","position":1,"name":"Accueil","item":"https:\/\/heihuyzen.be\/fr\/"},{"@type":"ListItem","position":2,"name":"Boutique","item":"https:\/\/heihuyzen.be\/fr\/boutique\/"},{"@type":"ListItem","position":3,"name":"Jenever Mastentoppen \u2013 Coffret cadeau"}]},{"@type":"WebSite","@id":"https:\/\/heihuyzen.be\/fr\/#website","url":"https:\/\/heihuyzen.be\/fr\/","name":"Heihuyzen","description":"Private Stichting en Domein","publisher":{"@id":"https:\/\/heihuyzen.be\/fr\/#organization"},"potentialAction":[{"@type":"SearchAction","target":{"@type":"EntryPoint","urlTemplate":"https:\/\/heihuyzen.be\/fr\/?s={search_term_string}"},"query-input":{"@type":"PropertyValueSpecification","valueRequired":true,"valueName":"search_term_string"}}],"inLanguage":"fr-FR"},{"@type":"Organization","@id":"https:\/\/heihuyzen.be\/fr\/#organization","name":"Heihuyzen","url":"https:\/\/heihuyzen.be\/fr\/","logo":{"@type":"ImageObject","inLanguage":"fr-FR","@id":"https:\/\/heihuyzen.be\/fr\/#\/schema\/logo\/image\/","url":"https:\/\/heihuyzen.be\/wp-content\/uploads\/2025\/09\/cropped-logo-heihuyzen-2025.png","contentUrl":"https:\/\/heihuyzen.be\/wp-content\/uploads\/2025\/09\/cropped-logo-heihuyzen-2025.png","width":809,"height":724,"caption":"Heihuyzen"},"image":{"@id":"https:\/\/heihuyzen.be\/fr\/#\/schema\/logo\/image\/"},"sameAs":["https:\/\/www.facebook.com\/heihuyzen\/","https:\/\/www.instagram.com\/heihuyzen\/"]}]}},"jetpack_publicize_connections":[],"jetpack_sharing_enabled":true,"_links":{"self":[{"href":"https:\/\/heihuyzen.be\/fr\/wp-json\/wp\/v2\/product\/9216","targetHints":{"allow":["GET"]}}],"collection":[{"href":"https:\/\/heihuyzen.be\/fr\/wp-json\/wp\/v2\/product"}],"about":[{"href":"https:\/\/heihuyzen.be\/fr\/wp-json\/wp\/v2\/types\/product"}],"replies":[{"embeddable":true,"href":"https:\/\/heihuyzen.be\/fr\/wp-json\/wp\/v2\/comments?post=9216"}],"wp:attachment":[{"href":"https:\/\/heihuyzen.be\/fr\/wp-json\/wp\/v2\/media?parent=9216"}],"wp:term":[{"taxonomy":"product_brand","embeddable":true,"href":"https:\/\/heihuyzen.be\/fr\/wp-json\/wp\/v2\/product_brand?post=9216"},{"taxonomy":"product_cat","embeddable":true,"href":"https:\/\/heihuyzen.be\/fr\/wp-json\/wp\/v2\/product_cat?post=9216"},{"taxonomy":"product_tag","embeddable":true,"href":"https:\/\/heihuyzen.be\/fr\/wp-json\/wp\/v2\/product_tag?post=9216"}],"curies":[{"name":"wp","href":"https:\/\/api.w.org\/{rel}","templated":true}]}}